{"id":184638,"date":"2026-03-29T18:29:42","date_gmt":"2026-03-29T18:29:42","guid":{"rendered":"https:\/\/modesthanim.com\/product\/godeli-cok-parcali-denim-etek-lacivert\/"},"modified":"2026-03-29T19:04:34","modified_gmt":"2026-03-29T19:04:34","slug":"godeli-cok-parcali-denim-etek-lacivert","status":"publish","type":"product","link":"http:\/\/mod.wisdar.net\/tr\/urun\/godeli-cok-parcali-denim-etek-lacivert\/","title":{"rendered":"Godeli \u00c7ok Par\u00e7al\u0131 Denim Etek Lacivert"},"content":{"rendered":"<p>Denim dokuma kuma\u015ftan, y\u00fcksek bel, fermuar kapamal\u0131, etek ucu gode detayl\u0131, geni\u015f a\u00e7\u0131l\u0131ml\u0131, maxi etek.<\/p>\n","protected":false},"excerpt":{"rendered":"<p>Denim dokuma kuma\u015ftan, y\u00fcksek bel, fermuar kapamal\u0131, etek ucu gode detayl\u0131, geni\u015f a\u00e7\u0131l\u0131ml\u0131, maxi etek.<\/p>\n","protected":false},"featured_media":184619,"comment_status":"open","ping_status":"closed","template":"","meta":[],"product_brand":[],"product_cat":[1969],"product_tag":[7238,7650],"class_list":{"0":"post-184638","1":"product","2":"type-product","3":"status-publish","4":"has-post-thumbnail","6":"product_cat-etekler","7":"product_tag-lacivert","8":"product_tag-yuksek-bel-3","9":"pa_brand-fahhar","10":"pa_color-lacivert","11":"pa_size-4701","12":"pa_size-4706","13":"pa_size-4711","15":"first","16":"instock","17":"sale","18":"shipping-taxable","19":"purchasable","20":"product-type-variable"},"_links":{"self":[{"href":"http:\/\/mod.wisdar.net\/tr\/wp-json\/wp\/v2\/product\/184638","targetHints":{"allow":["GET"]}}],"collection":[{"href":"http:\/\/mod.wisdar.net\/tr\/wp-json\/wp\/v2\/product"}],"about":[{"href":"http:\/\/mod.wisdar.net\/tr\/wp-json\/wp\/v2\/types\/product"}],"replies":[{"embeddable":true,"href":"http:\/\/mod.wisdar.net\/tr\/wp-json\/wp\/v2\/comments?post=184638"}],"wp:featuredmedia":[{"embeddable":true,"href":"http:\/\/mod.wisdar.net\/tr\/wp-json\/wp\/v2\/media\/184619"}],"wp:attachment":[{"href":"http:\/\/mod.wisdar.net\/tr\/wp-json\/wp\/v2\/media?parent=184638"}],"wp:term":[{"taxonomy":"product_brand","embeddable":true,"href":"http:\/\/mod.wisdar.net\/tr\/wp-json\/wp\/v2\/product_brand?post=184638"},{"taxonomy":"product_cat","embeddable":true,"href":"http:\/\/mod.wisdar.net\/tr\/wp-json\/wp\/v2\/product_cat?post=184638"},{"taxonomy":"product_tag","embeddable":true,"href":"http:\/\/mod.wisdar.net\/tr\/wp-json\/wp\/v2\/product_tag?post=184638"}],"curies":[{"name":"wp","href":"https:\/\/api.w.org\/{rel}","templated":true}]}}