{"id":186309,"date":"2026-03-30T13:56:34","date_gmt":"2026-03-30T13:56:34","guid":{"rendered":"https:\/\/modesthanim.com\/product\/narin-takim-acik-mavi\/"},"modified":"2026-03-30T13:57:04","modified_gmt":"2026-03-30T13:57:04","slug":"narin-takim-acik-mavi","status":"publish","type":"product","link":"http:\/\/mod.wisdar.net\/tr\/urun\/narin-takim-acik-mavi\/","title":{"rendered":"Narin Tak\u0131m A\u00e7\u0131k Mavi"},"content":{"rendered":"<p>*Tak\u0131m Kot Kuma\u015ft\u0131r<br \/>\n*Ceket \u00d6n\u00fc Fermuar, Kollar\u0131 \u00c7\u0131t\u00e7\u0131t Detayl\u0131d\u0131r<br \/>\n*Tak\u0131ma Kemer Dahildir<br \/>\n*Etek Yandan Fermuar Detayl\u0131d\u0131r<br \/>\n*Ceket boy 51cm omuz 50cm g\u00f6\u011f\u00fcs 51cm<br \/>\n*Etek boy 95cm bel 38cm<\/p>\n","protected":false},"excerpt":{"rendered":"<p>*Tak\u0131m Kot Kuma\u015ft\u0131r *Ceket \u00d6n\u00fc Fermuar, Kollar\u0131 \u00c7\u0131t\u00e7\u0131t Detayl\u0131d\u0131r *Tak\u0131ma Kemer Dahildir *Etek Yandan Fermuar Detayl\u0131d\u0131r *Ceket boy 51cm omuz 50cm g\u00f6\u011f\u00fcs 51cm *Etek boy 95cm bel 38cm<\/p>\n","protected":false},"featured_media":186306,"comment_status":"open","ping_status":"closed","template":"","meta":[],"product_brand":[],"product_cat":[1900],"product_tag":[7448],"class_list":{"0":"post-186309","1":"product","2":"type-product","3":"status-publish","4":"has-post-thumbnail","6":"product_cat-koordinatlar-setler","7":"product_tag-gunluk-moda","8":"pa_brand-butikkolik","9":"pa_color-acik-mavi","10":"pa_size-4706","11":"pa_size-4711","12":"pa_size-4713","13":"pa_size-4751","15":"first","16":"instock","17":"sale","18":"shipping-taxable","19":"purchasable","20":"product-type-variable"},"_links":{"self":[{"href":"http:\/\/mod.wisdar.net\/tr\/wp-json\/wp\/v2\/product\/186309","targetHints":{"allow":["GET"]}}],"collection":[{"href":"http:\/\/mod.wisdar.net\/tr\/wp-json\/wp\/v2\/product"}],"about":[{"href":"http:\/\/mod.wisdar.net\/tr\/wp-json\/wp\/v2\/types\/product"}],"replies":[{"embeddable":true,"href":"http:\/\/mod.wisdar.net\/tr\/wp-json\/wp\/v2\/comments?post=186309"}],"wp:featuredmedia":[{"embeddable":true,"href":"http:\/\/mod.wisdar.net\/tr\/wp-json\/wp\/v2\/media\/186306"}],"wp:attachment":[{"href":"http:\/\/mod.wisdar.net\/tr\/wp-json\/wp\/v2\/media?parent=186309"}],"wp:term":[{"taxonomy":"product_brand","embeddable":true,"href":"http:\/\/mod.wisdar.net\/tr\/wp-json\/wp\/v2\/product_brand?post=186309"},{"taxonomy":"product_cat","embeddable":true,"href":"http:\/\/mod.wisdar.net\/tr\/wp-json\/wp\/v2\/product_cat?post=186309"},{"taxonomy":"product_tag","embeddable":true,"href":"http:\/\/mod.wisdar.net\/tr\/wp-json\/wp\/v2\/product_tag?post=186309"}],"curies":[{"name":"wp","href":"https:\/\/api.w.org\/{rel}","templated":true}]}}