{"id":186475,"date":"2026-03-30T14:00:45","date_gmt":"2026-03-30T14:00:45","guid":{"rendered":"https:\/\/modesthanim.com\/product\/ebru-tulum-bej\/"},"modified":"2026-04-11T06:55:10","modified_gmt":"2026-04-11T06:55:10","slug":"ebru-tulum-bej","status":"publish","type":"product","link":"http:\/\/mod.wisdar.net\/tr\/urun\/ebru-tulum-bej\/","title":{"rendered":"Ebru Tulum Bej"},"content":{"rendered":"<p>Tulum, 1. S\u0131n\u0131f desenli ipek saten kuma\u015ftan \u00fcretilmi\u015ftir. Yan ve arka k\u0131s\u0131mlarda fermuar detay\u0131 bulunmaktad\u0131r. Bel k\u0131sm\u0131nda ip detay\u0131 ile \u015f\u0131k bir g\u00f6r\u00fcn\u00fcm sunar. Vatka i\u015flemi sayesinde kusursuz bir duru\u015f sa\u011flar. \u00d6l\u00e7\u00fcler: Boy 148 cm, Omuz 37 cm, G\u00f6\u011f\u00fcs 49 cm, Bel 39 cm.<\/p>\n","protected":false},"excerpt":{"rendered":"<p>Tulum, 1. S\u0131n\u0131f desenli ipek saten kuma\u015ftan \u00fcretilmi\u015ftir. Yan ve arka k\u0131s\u0131mlarda fermuar detay\u0131 bulunmaktad\u0131r. Bel k\u0131sm\u0131nda ip detay\u0131 ile \u015f\u0131k bir g\u00f6r\u00fcn\u00fcm sunar. Vatka i\u015flemi sayesinde kusursuz bir duru\u015f sa\u011flar. \u00d6l\u00e7\u00fcler: Boy 148 cm, Omuz 37 cm, G\u00f6\u011f\u00fcs 49 cm, Bel 39 cm.<\/p>\n","protected":false},"featured_media":186467,"comment_status":"open","ping_status":"closed","template":"","meta":[],"product_brand":[],"product_cat":[1900],"product_tag":[],"class_list":{"0":"post-186475","1":"product","2":"type-product","3":"status-publish","4":"has-post-thumbnail","6":"product_cat-koordinatlar-setler","7":"pa_brand-butikkolik","8":"pa_color-bej","9":"pa_size-4706","10":"pa_size-4711","11":"pa_size-4713","12":"pa_size-4751","14":"first","15":"instock","16":"sale","17":"shipping-taxable","18":"purchasable","19":"product-type-variable"},"_links":{"self":[{"href":"http:\/\/mod.wisdar.net\/tr\/wp-json\/wp\/v2\/product\/186475","targetHints":{"allow":["GET"]}}],"collection":[{"href":"http:\/\/mod.wisdar.net\/tr\/wp-json\/wp\/v2\/product"}],"about":[{"href":"http:\/\/mod.wisdar.net\/tr\/wp-json\/wp\/v2\/types\/product"}],"replies":[{"embeddable":true,"href":"http:\/\/mod.wisdar.net\/tr\/wp-json\/wp\/v2\/comments?post=186475"}],"wp:featuredmedia":[{"embeddable":true,"href":"http:\/\/mod.wisdar.net\/tr\/wp-json\/wp\/v2\/media\/186467"}],"wp:attachment":[{"href":"http:\/\/mod.wisdar.net\/tr\/wp-json\/wp\/v2\/media?parent=186475"}],"wp:term":[{"taxonomy":"product_brand","embeddable":true,"href":"http:\/\/mod.wisdar.net\/tr\/wp-json\/wp\/v2\/product_brand?post=186475"},{"taxonomy":"product_cat","embeddable":true,"href":"http:\/\/mod.wisdar.net\/tr\/wp-json\/wp\/v2\/product_cat?post=186475"},{"taxonomy":"product_tag","embeddable":true,"href":"http:\/\/mod.wisdar.net\/tr\/wp-json\/wp\/v2\/product_tag?post=186475"}],"curies":[{"name":"wp","href":"https:\/\/api.w.org\/{rel}","templated":true}]}}