{"id":189657,"date":"2026-03-31T16:13:05","date_gmt":"2026-03-31T16:13:05","guid":{"rendered":"https:\/\/modesthanim.com\/product\/ekru-ispanyol-paca-kiz-cocuk-fitilli-tayt-pantolon-2li\/"},"modified":"2026-04-12T03:51:34","modified_gmt":"2026-04-12T03:51:34","slug":"ekru-ispanyol-paca-kiz-cocuk-fitilli-tayt-pantolon-2li","status":"publish","type":"product","link":"http:\/\/mod.wisdar.net\/tr\/urun\/ekru-ispanyol-paca-kiz-cocuk-fitilli-tayt-pantolon-2li\/","title":{"rendered":"Ekru \u0130spanyol Pa\u00e7a K\u0131z \u00c7ocuk Fitilli Tayt Pantolon 2&#8217;li"},"content":{"rendered":"<p>LCW Kids Ekru \u0130spanyol Pa\u00e7a K\u0131z \u00c7ocuk Fitilli Tayt Pantolon 2&#8217;li size \u00f6zel indirim, taksit ve kap\u0131da \u00f6deme avantajlar\u0131yla LCW&#8217;de! Hemen online al\u0131\u015fveri\u015f yap, \u00fcr\u00fcn kap\u0131na gelsin! \u2013 S6JU57Z1-LRB<\/p>\n<p>\u2014 Technical Details \u2014<br \/>\n\u00dcr\u00fcn Tipi: Tayt<br \/>\nCinsiyet: K\u0131z \u00c7ocuk<br \/>\nKal\u0131p: S\u00fcper Skinny &amp; Ekstra Dar<br \/>\nKuma\u015f: Ka\u015fkorse<br \/>\nDesen: \u00c7i\u00e7ekli<br \/>\nPa\u00e7a Fiti: \u0130spanyol Pa\u00e7a<br \/>\nKal\u0131nl\u0131k: Orta Kal\u0131nl\u0131k<br \/>\nMalzeme: Y\u00fcksek Pamuk \u0130\u00e7erir<br \/>\nPaket \u0130\u00e7eri\u011fi: 2&#8217;li Paket<br \/>\nPar\u00e7a Say\u0131s\u0131: 2 Par\u00e7a<br \/>\nBel Fiti: Beli Lastikli<\/p>\n","protected":false},"excerpt":{"rendered":"<p>LCW Kids Ekru \u0130spanyol Pa\u00e7a K\u0131z \u00c7ocuk Fitilli Tayt Pantolon 2&#8217;li size \u00f6zel indirim, taksit ve kap\u0131da \u00f6deme avantajlar\u0131yla LCW&#8217;de! Hemen online al\u0131\u015fveri\u015f yap, \u00fcr\u00fcn kap\u0131na gelsin! \u2013 S6JU57Z1-LRB \u2014 Technical Details \u2014 \u00dcr\u00fcn Tipi: Tayt Cinsiyet: K\u0131z \u00c7ocuk Kal\u0131p: S\u00fcper Skinny &amp; Ekstra Dar Kuma\u015f: Ka\u015fkorse Desen: \u00c7i\u00e7ekli Pa\u00e7a Fiti: \u0130spanyol Pa\u00e7a Kal\u0131nl\u0131k: Orta [&hellip;]<\/p>\n","protected":false},"featured_media":189652,"comment_status":"open","ping_status":"closed","template":"","meta":[],"product_brand":[],"product_cat":[8715,8694,8727],"product_tag":[6757,7643,7467,7725],"class_list":{"0":"post-189657","1":"product","2":"type-product","3":"status-publish","4":"has-post-thumbnail","6":"product_cat-kiz-cocuklari-2-14-yas","7":"product_cat-cocuklar","8":"product_cat-pantolon","9":"product_tag-ekru","10":"product_tag-fitilli","11":"product_tag-ispanyol-paca","12":"product_tag-rahat-pantolon","13":"pa_brand-lcw-kids","14":"pa_color-krem-baskili","15":"pa_size-1-2-yas","16":"pa_size-2-3-yas","17":"pa_size-3-4-yas","18":"pa_size-4-5-yas","19":"pa_size-5-6-yas","20":"pa_size-6-7-yas","21":"pa_size-7-8-yas","23":"first","24":"instock","25":"sale","26":"shipping-taxable","27":"purchasable","28":"product-type-variable"},"_links":{"self":[{"href":"http:\/\/mod.wisdar.net\/tr\/wp-json\/wp\/v2\/product\/189657","targetHints":{"allow":["GET"]}}],"collection":[{"href":"http:\/\/mod.wisdar.net\/tr\/wp-json\/wp\/v2\/product"}],"about":[{"href":"http:\/\/mod.wisdar.net\/tr\/wp-json\/wp\/v2\/types\/product"}],"replies":[{"embeddable":true,"href":"http:\/\/mod.wisdar.net\/tr\/wp-json\/wp\/v2\/comments?post=189657"}],"wp:featuredmedia":[{"embeddable":true,"href":"http:\/\/mod.wisdar.net\/tr\/wp-json\/wp\/v2\/media\/189652"}],"wp:attachment":[{"href":"http:\/\/mod.wisdar.net\/tr\/wp-json\/wp\/v2\/media?parent=189657"}],"wp:term":[{"taxonomy":"product_brand","embeddable":true,"href":"http:\/\/mod.wisdar.net\/tr\/wp-json\/wp\/v2\/product_brand?post=189657"},{"taxonomy":"product_cat","embeddable":true,"href":"http:\/\/mod.wisdar.net\/tr\/wp-json\/wp\/v2\/product_cat?post=189657"},{"taxonomy":"product_tag","embeddable":true,"href":"http:\/\/mod.wisdar.net\/tr\/wp-json\/wp\/v2\/product_tag?post=189657"}],"curies":[{"name":"wp","href":"https:\/\/api.w.org\/{rel}","templated":true}]}}