{"id":189755,"date":"2026-03-31T16:16:40","date_gmt":"2026-03-31T16:16:40","guid":{"rendered":"https:\/\/modesthanim.com\/product\/mavi-yirtik-detayli-kiz-cocuk-sortolon\/"},"modified":"2026-04-05T03:44:45","modified_gmt":"2026-04-05T03:44:45","slug":"mavi-yirtik-detayli-kiz-cocuk-sortolon","status":"publish","type":"product","link":"http:\/\/mod.wisdar.net\/tr\/urun\/mavi-yirtik-detayli-kiz-cocuk-sortolon\/","title":{"rendered":"Mavi Y\u0131rt\u0131k Detayl\u0131 K\u0131z \u00c7ocuk \u015eortolon"},"content":{"rendered":"<p>LCW Kids Mavi Y\u0131rt\u0131k Detayl\u0131 K\u0131z \u00c7ocuk \u015eortolon size \u00f6zel indirim, taksit ve kap\u0131da \u00f6deme avantajlar\u0131yla LCW&#8217;de! Hemen online al\u0131\u015fveri\u015f yap, \u00fcr\u00fcn kap\u0131na gelsin! \u2013 S6R811Z4-V2T<\/p>\n<p>\u2014 Technical Details \u2014<br \/>\nMen\u015fei: Turk\u0131ye<br \/>\nSat\u0131c\u0131: LC Waikiki<br \/>\nMarka: LCW Kids<br \/>\n\u00dcr\u00fcn Tipi: Jean \u015eort<br \/>\nCinsiyet: K\u0131z \u00c7ocuk<br \/>\nKal\u0131p: Standart &amp; Regular<br \/>\nKuma\u015f: Denim<br \/>\nDesen: D\u00fcz<br \/>\nUzunluk: Uzun<br \/>\nMalzeme: %100 Pamuk<\/p>\n","protected":false},"excerpt":{"rendered":"<p>LCW Kids Mavi Y\u0131rt\u0131k Detayl\u0131 K\u0131z \u00c7ocuk \u015eortolon size \u00f6zel indirim, taksit ve kap\u0131da \u00f6deme avantajlar\u0131yla LCW&#8217;de! Hemen online al\u0131\u015fveri\u015f yap, \u00fcr\u00fcn kap\u0131na gelsin! \u2013 S6R811Z4-V2T \u2014 Technical Details \u2014 Men\u015fei: Turk\u0131ye Sat\u0131c\u0131: LC Waikiki Marka: LCW Kids \u00dcr\u00fcn Tipi: Jean \u015eort Cinsiyet: K\u0131z \u00c7ocuk Kal\u0131p: Standart &amp; Regular Kuma\u015f: Denim Desen: D\u00fcz Uzunluk: Uzun [&hellip;]<\/p>\n","protected":false},"featured_media":189751,"comment_status":"open","ping_status":"closed","template":"","meta":[],"product_brand":[],"product_cat":[8715,8694,8727],"product_tag":[4579,7844,7808,8244],"class_list":{"0":"post-189755","1":"product","2":"type-product","3":"status-publish","4":"has-post-thumbnail","6":"product_cat-kiz-cocuklari-2-14-yas","7":"product_cat-cocuklar","8":"product_cat-pantolon","9":"product_tag-100-cotton","10":"product_tag-denim","11":"product_tag-solid","12":"product_tag-standart-normal","13":"pa_brand-lcw-kids","14":"pa_color-acik-mavi-asit-yikamali","15":"pa_size-10-11-yas","16":"pa_size-11-12-yas","17":"pa_size-12-13-yas","18":"pa_size-13-14-yas","19":"pa_size-7-8-yas","20":"pa_size-8-9-yas","21":"pa_size-9-10-yas","23":"first","24":"instock","25":"sale","26":"shipping-taxable","27":"purchasable","28":"product-type-variable"},"_links":{"self":[{"href":"http:\/\/mod.wisdar.net\/tr\/wp-json\/wp\/v2\/product\/189755","targetHints":{"allow":["GET"]}}],"collection":[{"href":"http:\/\/mod.wisdar.net\/tr\/wp-json\/wp\/v2\/product"}],"about":[{"href":"http:\/\/mod.wisdar.net\/tr\/wp-json\/wp\/v2\/types\/product"}],"replies":[{"embeddable":true,"href":"http:\/\/mod.wisdar.net\/tr\/wp-json\/wp\/v2\/comments?post=189755"}],"wp:featuredmedia":[{"embeddable":true,"href":"http:\/\/mod.wisdar.net\/tr\/wp-json\/wp\/v2\/media\/189751"}],"wp:attachment":[{"href":"http:\/\/mod.wisdar.net\/tr\/wp-json\/wp\/v2\/media?parent=189755"}],"wp:term":[{"taxonomy":"product_brand","embeddable":true,"href":"http:\/\/mod.wisdar.net\/tr\/wp-json\/wp\/v2\/product_brand?post=189755"},{"taxonomy":"product_cat","embeddable":true,"href":"http:\/\/mod.wisdar.net\/tr\/wp-json\/wp\/v2\/product_cat?post=189755"},{"taxonomy":"product_tag","embeddable":true,"href":"http:\/\/mod.wisdar.net\/tr\/wp-json\/wp\/v2\/product_tag?post=189755"}],"curies":[{"name":"wp","href":"https:\/\/api.w.org\/{rel}","templated":true}]}}