{"id":191056,"date":"2026-03-31T20:07:12","date_gmt":"2026-03-31T20:07:12","guid":{"rendered":"https:\/\/modesthanim.com\/product\/yesil-erkek-bebek-5li-patik-corap\/"},"modified":"2026-04-11T23:02:23","modified_gmt":"2026-04-11T23:02:23","slug":"yesil-erkek-bebek-5li-patik-corap","status":"publish","type":"product","link":"http:\/\/mod.wisdar.net\/tr\/urun\/yesil-erkek-bebek-5li-patik-corap\/","title":{"rendered":"Ye\u015fil Erkek Bebek 5&#8217;li Patik \u00c7orap"},"content":{"rendered":"<p>LCW baby Ye\u015fil Erkek Bebek 5&#8217;li Patik \u00c7orap size \u00f6zel indirim, taksit ve kap\u0131da \u00f6deme avantajlar\u0131yla LCW&#8217;de! Hemen online al\u0131\u015fveri\u015f yap, \u00fcr\u00fcn kap\u0131na gelsin! \u2013 S6EG61Z1-TNQ<\/p>\n<p>\u2014 Technical Details \u2014<br \/>\nMen\u015fei: \u00c7in,Turk\u0131ye<br \/>\nSat\u0131c\u0131: LC Waikiki<br \/>\nMarka: LCW baby<br \/>\n\u00dcr\u00fcn Tipi: Patik \u00c7orap<br \/>\nCinsiyet: Erkek Bebek<br \/>\nDesen: Desenli<br \/>\nPaket \u0130\u00e7eri\u011fi: 5&#8217;li Paket<br \/>\nKal\u0131nl\u0131k: Orta Kal\u0131nl\u0131k<br \/>\nMalzeme: Y\u00fcksek Pamuk \u0130\u00e7erir<br \/>\nKoleksiyon: Yenido\u011fan<br \/>\nPar\u00e7a Say\u0131s\u0131: 5 Par\u00e7a<br \/>\nFonksiyonel \u00d6zellik: Kayd\u0131rmaz Taban<\/p>\n","protected":false},"excerpt":{"rendered":"<p>LCW baby Ye\u015fil Erkek Bebek 5&#8217;li Patik \u00c7orap size \u00f6zel indirim, taksit ve kap\u0131da \u00f6deme avantajlar\u0131yla LCW&#8217;de! Hemen online al\u0131\u015fveri\u015f yap, \u00fcr\u00fcn kap\u0131na gelsin! \u2013 S6EG61Z1-TNQ \u2014 Technical Details \u2014 Men\u015fei: \u00c7in,Turk\u0131ye Sat\u0131c\u0131: LC Waikiki Marka: LCW baby \u00dcr\u00fcn Tipi: Patik \u00c7orap Cinsiyet: Erkek Bebek Desen: Desenli Paket \u0130\u00e7eri\u011fi: 5&#8217;li Paket Kal\u0131nl\u0131k: Orta Kal\u0131nl\u0131k Malzeme: [&hellip;]<\/p>\n","protected":false},"featured_media":191042,"comment_status":"open","ping_status":"closed","template":"","meta":[],"product_brand":[],"product_cat":[8694,8697,8700],"product_tag":[12284,9954,9530,12285,12283,12286],"class_list":{"0":"post-191056","1":"product","2":"type-product","3":"status-publish","4":"has-post-thumbnail","6":"product_cat-cocuklar","7":"product_cat-yenidogan-0-12-ay","8":"product_cat-yenidogan-giyim","9":"product_tag-5-pair-set","10":"product_tag-baby-boy-socks","11":"product_tag-cotton-socks","12":"product_tag-green-socks","13":"product_tag-newborn-accessories","14":"product_tag-non-slip-soles","15":"pa_brand-lcw-baby","16":"pa_color-yesil","17":"pa_size-14-16-1-6-ay","18":"pa_size-17-18-6-12-ay","19":"pa_size-19-22-12-24-ay","20":"pa_size-22-24-24-36-ay","21":"pa_size-23-26-3-4-yas","22":"pa_size-5-6-yas","24":"first","25":"instock","26":"sale","27":"shipping-taxable","28":"purchasable","29":"product-type-variable"},"_links":{"self":[{"href":"http:\/\/mod.wisdar.net\/tr\/wp-json\/wp\/v2\/product\/191056","targetHints":{"allow":["GET"]}}],"collection":[{"href":"http:\/\/mod.wisdar.net\/tr\/wp-json\/wp\/v2\/product"}],"about":[{"href":"http:\/\/mod.wisdar.net\/tr\/wp-json\/wp\/v2\/types\/product"}],"replies":[{"embeddable":true,"href":"http:\/\/mod.wisdar.net\/tr\/wp-json\/wp\/v2\/comments?post=191056"}],"wp:featuredmedia":[{"embeddable":true,"href":"http:\/\/mod.wisdar.net\/tr\/wp-json\/wp\/v2\/media\/191042"}],"wp:attachment":[{"href":"http:\/\/mod.wisdar.net\/tr\/wp-json\/wp\/v2\/media?parent=191056"}],"wp:term":[{"taxonomy":"product_brand","embeddable":true,"href":"http:\/\/mod.wisdar.net\/tr\/wp-json\/wp\/v2\/product_brand?post=191056"},{"taxonomy":"product_cat","embeddable":true,"href":"http:\/\/mod.wisdar.net\/tr\/wp-json\/wp\/v2\/product_cat?post=191056"},{"taxonomy":"product_tag","embeddable":true,"href":"http:\/\/mod.wisdar.net\/tr\/wp-json\/wp\/v2\/product_tag?post=191056"}],"curies":[{"name":"wp","href":"https:\/\/api.w.org\/{rel}","templated":true}]}}