{"id":194503,"date":"2026-04-01T18:02:27","date_gmt":"2026-04-01T18:02:27","guid":{"rendered":"https:\/\/modesthanim.com\/product\/gri-tag-basic-kiz-okul-oncesi-gumus-spor-ayakkabi\/"},"modified":"2026-04-11T12:51:55","modified_gmt":"2026-04-11T12:51:55","slug":"gri-tag-basic-kiz-okul-oncesi-gumus-spor-ayakkabi","status":"publish","type":"product","link":"http:\/\/mod.wisdar.net\/tr\/urun\/gri-tag-basic-kiz-okul-oncesi-gumus-spor-ayakkabi\/","title":{"rendered":"Gri Tag Basic K\u0131z Okul \u00d6ncesi G\u00fcm\u00fc\u015f Spor Ayakkab\u0131"},"content":{"rendered":"<p>Vicco Gri Tag Basic K\u0131z Okul \u00d6ncesi G\u00fcm\u00fc\u015f Spor Ayakkab\u0131 size \u00f6zel indirim, taksit ve kap\u0131da \u00f6deme avantajlar\u0131yla LCW&#8217;de! Hemen online al\u0131\u015fveri\u015f yap, \u00fcr\u00fcn kap\u0131na gelsin! \u2013 S000365444-18105<\/p>\n<p>\u2014 Technical Details \u2014<br \/>\nBurun \u015eekli: Yuvarlak Burun<br \/>\nTopuk Y\u00fcksekli\u011fi: 2 cm<br \/>\nAyakkab\u0131 Kapanma \u015eekli: Ba\u011fc\u0131k<br \/>\nTopuk \u015eekli: Kal\u0131n Topuk<\/p>\n","protected":false},"excerpt":{"rendered":"<p>Vicco Gri Tag Basic K\u0131z Okul \u00d6ncesi G\u00fcm\u00fc\u015f Spor Ayakkab\u0131 size \u00f6zel indirim, taksit ve kap\u0131da \u00f6deme avantajlar\u0131yla LCW&#8217;de! Hemen online al\u0131\u015fveri\u015f yap, \u00fcr\u00fcn kap\u0131na gelsin! \u2013 S000365444-18105 \u2014 Technical Details \u2014 Burun \u015eekli: Yuvarlak Burun Topuk Y\u00fcksekli\u011fi: 2 cm Ayakkab\u0131 Kapanma \u015eekli: Ba\u011fc\u0131k Topuk \u015eekli: Kal\u0131n Topuk<\/p>\n","protected":false},"featured_media":194494,"comment_status":"open","ping_status":"closed","template":"","meta":[],"product_brand":[],"product_cat":[8736,8715,8694],"product_tag":[10350,10359,10365,10356,12361,9493,12363,12354],"class_list":{"0":"post-194503","1":"product","2":"type-product","3":"status-publish","4":"has-post-thumbnail","6":"product_cat-ayakkabilar","7":"product_cat-kiz-cocuklari-2-14-yas","8":"product_cat-cocuklar","9":"product_tag-athletic-shoes","10":"product_tag-childrens-footwear","11":"product_tag-girls-sneakers-2","12":"product_tag-lace-up-shoes","13":"product_tag-preschool-shoes","14":"product_tag-round-toe","15":"product_tag-silver-sneakers","16":"product_tag-thick-heel","17":"pa_brand-vicco","18":"pa_color-gumus","19":"pa_size-7843","20":"pa_size-10735","21":"pa_size-7841","22":"pa_size-7842","24":"first","25":"instock","26":"sale","27":"shipping-taxable","28":"purchasable","29":"product-type-variable"},"_links":{"self":[{"href":"http:\/\/mod.wisdar.net\/tr\/wp-json\/wp\/v2\/product\/194503","targetHints":{"allow":["GET"]}}],"collection":[{"href":"http:\/\/mod.wisdar.net\/tr\/wp-json\/wp\/v2\/product"}],"about":[{"href":"http:\/\/mod.wisdar.net\/tr\/wp-json\/wp\/v2\/types\/product"}],"replies":[{"embeddable":true,"href":"http:\/\/mod.wisdar.net\/tr\/wp-json\/wp\/v2\/comments?post=194503"}],"wp:featuredmedia":[{"embeddable":true,"href":"http:\/\/mod.wisdar.net\/tr\/wp-json\/wp\/v2\/media\/194494"}],"wp:attachment":[{"href":"http:\/\/mod.wisdar.net\/tr\/wp-json\/wp\/v2\/media?parent=194503"}],"wp:term":[{"taxonomy":"product_brand","embeddable":true,"href":"http:\/\/mod.wisdar.net\/tr\/wp-json\/wp\/v2\/product_brand?post=194503"},{"taxonomy":"product_cat","embeddable":true,"href":"http:\/\/mod.wisdar.net\/tr\/wp-json\/wp\/v2\/product_cat?post=194503"},{"taxonomy":"product_tag","embeddable":true,"href":"http:\/\/mod.wisdar.net\/tr\/wp-json\/wp\/v2\/product_tag?post=194503"}],"curies":[{"name":"wp","href":"https:\/\/api.w.org\/{rel}","templated":true}]}}