{"id":194543,"date":"2026-04-01T18:04:43","date_gmt":"2026-04-01T18:04:43","guid":{"rendered":"https:\/\/modesthanim.com\/product\/bej-ayicik-figurlu-kiz-cocuk-plaj-sandaleti\/"},"modified":"2026-04-01T18:06:27","modified_gmt":"2026-04-01T18:06:27","slug":"bej-ayicik-figurlu-kiz-cocuk-plaj-sandaleti","status":"publish","type":"product","link":"http:\/\/mod.wisdar.net\/tr\/urun\/bej-ayicik-figurlu-kiz-cocuk-plaj-sandaleti\/","title":{"rendered":"Bej Ay\u0131c\u0131k Fig\u00fcrl\u00fc K\u0131z \u00c7ocuk Plaj Sandaleti"},"content":{"rendered":"<p>LCW STEPS Bej Ay\u0131c\u0131k Fig\u00fcrl\u00fc K\u0131z \u00c7ocuk Plaj Sandaleti size \u00f6zel indirim, taksit ve kap\u0131da \u00f6deme avantajlar\u0131yla LCW&#8217;de! Hemen online al\u0131\u015fveri\u015f yap, \u00fcr\u00fcn kap\u0131na gelsin! \u2013 S6KC91Z4-CR8<\/p>\n<p>\u2014 Technical Details \u2014<br \/>\nSat\u0131c\u0131: LC Waikiki<br \/>\nMarka: LCW STEPS<br \/>\n\u00dcr\u00fcn Tipi: Sandalet<br \/>\nCinsiyet: K\u0131z \u00c7ocuk<br \/>\nDesen: Bask\u0131l\u0131<br \/>\nStil: Plaj<br \/>\nBurun \u015eekli: Yuvarlak Burun<br \/>\nAyakkab\u0131 Kapanma \u015eekli: Tokal\u0131<\/p>\n","protected":false},"excerpt":{"rendered":"<p>LCW STEPS Bej Ay\u0131c\u0131k Fig\u00fcrl\u00fc K\u0131z \u00c7ocuk Plaj Sandaleti size \u00f6zel indirim, taksit ve kap\u0131da \u00f6deme avantajlar\u0131yla LCW&#8217;de! Hemen online al\u0131\u015fveri\u015f yap, \u00fcr\u00fcn kap\u0131na gelsin! \u2013 S6KC91Z4-CR8 \u2014 Technical Details \u2014 Sat\u0131c\u0131: LC Waikiki Marka: LCW STEPS \u00dcr\u00fcn Tipi: Sandalet Cinsiyet: K\u0131z \u00c7ocuk Desen: Bask\u0131l\u0131 Stil: Plaj Burun \u015eekli: Yuvarlak Burun Ayakkab\u0131 Kapanma \u015eekli: Tokal\u0131<\/p>\n","protected":false},"featured_media":194538,"comment_status":"open","ping_status":"closed","template":"","meta":[],"product_brand":[],"product_cat":[8736,8715,8694],"product_tag":[12339,10359,12338,12365,10930],"class_list":{"0":"post-194543","1":"product","2":"type-product","3":"status-publish","4":"has-post-thumbnail","6":"product_cat-ayakkabilar","7":"product_cat-kiz-cocuklari-2-14-yas","8":"product_cat-cocuklar","9":"product_tag-beach-sandals","10":"product_tag-childrens-footwear","11":"product_tag-girls-sandals","12":"product_tag-summer-shoes","13":"product_tag-teddy-bear-print","14":"pa_brand-lcw-steps","15":"pa_color-bej","16":"pa_size-31-32","17":"pa_size-33-34","18":"pa_size-35-36","19":"pa_size-37-38","21":"first","22":"instock","23":"sale","24":"shipping-taxable","25":"purchasable","26":"product-type-variable"},"_links":{"self":[{"href":"http:\/\/mod.wisdar.net\/tr\/wp-json\/wp\/v2\/product\/194543","targetHints":{"allow":["GET"]}}],"collection":[{"href":"http:\/\/mod.wisdar.net\/tr\/wp-json\/wp\/v2\/product"}],"about":[{"href":"http:\/\/mod.wisdar.net\/tr\/wp-json\/wp\/v2\/types\/product"}],"replies":[{"embeddable":true,"href":"http:\/\/mod.wisdar.net\/tr\/wp-json\/wp\/v2\/comments?post=194543"}],"wp:featuredmedia":[{"embeddable":true,"href":"http:\/\/mod.wisdar.net\/tr\/wp-json\/wp\/v2\/media\/194538"}],"wp:attachment":[{"href":"http:\/\/mod.wisdar.net\/tr\/wp-json\/wp\/v2\/media?parent=194543"}],"wp:term":[{"taxonomy":"product_brand","embeddable":true,"href":"http:\/\/mod.wisdar.net\/tr\/wp-json\/wp\/v2\/product_brand?post=194543"},{"taxonomy":"product_cat","embeddable":true,"href":"http:\/\/mod.wisdar.net\/tr\/wp-json\/wp\/v2\/product_cat?post=194543"},{"taxonomy":"product_tag","embeddable":true,"href":"http:\/\/mod.wisdar.net\/tr\/wp-json\/wp\/v2\/product_tag?post=194543"}],"curies":[{"name":"wp","href":"https:\/\/api.w.org\/{rel}","templated":true}]}}