{"id":196525,"date":"2026-04-01T18:52:29","date_gmt":"2026-04-01T18:52:29","guid":{"rendered":"https:\/\/modesthanim.com\/product\/ekru-minnie-mouse-baskili-kiz-bebek-tulum\/"},"modified":"2026-04-01T18:53:01","modified_gmt":"2026-04-01T18:53:01","slug":"ekru-minnie-mouse-baskili-kiz-bebek-tulum","status":"publish","type":"product","link":"http:\/\/mod.wisdar.net\/tr\/urun\/ekru-minnie-mouse-baskili-kiz-bebek-tulum\/","title":{"rendered":"Ekru Minnie Mouse Bask\u0131l\u0131 K\u0131z Bebek Tulum"},"content":{"rendered":"<p>LCW baby Ekru Minnie Mouse Bask\u0131l\u0131 K\u0131z Bebek Tulum size \u00f6zel indirim, taksit ve kap\u0131da \u00f6deme avantajlar\u0131yla LCW&#8217;de! Hemen online al\u0131\u015fveri\u015f yap, \u00fcr\u00fcn kap\u0131na gelsin! \u2013 S6E212Z1-LRB<\/p>\n<p>\u2014 Technical Details \u2014<br \/>\n\u00dcr\u00fcn Tipi: Tulum<br \/>\nCinsiyet: K\u0131z Bebek<br \/>\nKal\u0131p: Standart &amp; Regular<br \/>\nKuma\u015f: Penye<br \/>\nDesen: Bask\u0131l\u0131<br \/>\nYaka: Polo Yaka<br \/>\nKal\u0131nl\u0131k: Orta Kal\u0131nl\u0131k<br \/>\nKol Boyu: Uzun Kollu<br \/>\nLisans: Minnie Mouse<br \/>\nKoleksiyon: Yenido\u011fan<\/p>\n","protected":false},"excerpt":{"rendered":"<p>LCW baby Ekru Minnie Mouse Bask\u0131l\u0131 K\u0131z Bebek Tulum size \u00f6zel indirim, taksit ve kap\u0131da \u00f6deme avantajlar\u0131yla LCW&#8217;de! Hemen online al\u0131\u015fveri\u015f yap, \u00fcr\u00fcn kap\u0131na gelsin! \u2013 S6E212Z1-LRB \u2014 Technical Details \u2014 \u00dcr\u00fcn Tipi: Tulum Cinsiyet: K\u0131z Bebek Kal\u0131p: Standart &amp; Regular Kuma\u015f: Penye Desen: Bask\u0131l\u0131 Yaka: Polo Yaka Kal\u0131nl\u0131k: Orta Kal\u0131nl\u0131k Kol Boyu: Uzun Kollu [&hellip;]<\/p>\n","protected":false},"featured_media":196521,"comment_status":"open","ping_status":"closed","template":"","meta":[],"product_brand":[],"product_cat":[8694,8706,8697,8700],"product_tag":[4579,8022,7444],"class_list":{"0":"post-196525","1":"product","2":"type-product","3":"status-publish","4":"has-post-thumbnail","6":"product_cat-cocuklar","7":"product_cat-tulum","8":"product_cat-yenidogan-0-12-ay","9":"product_cat-yenidogan-giyim","10":"product_tag-100-cotton","11":"product_tag-baskili-2","12":"product_tag-jarse","13":"pa_brand-lcw-baby","14":"pa_color-ekru","15":"pa_size-1-3-ay","16":"pa_size-12-18-ay","17":"pa_size-3-6-ay","18":"pa_size-6-9-ay","19":"pa_size-9-12-ay","21":"first","22":"instock","23":"sale","24":"shipping-taxable","25":"purchasable","26":"product-type-variable"},"_links":{"self":[{"href":"http:\/\/mod.wisdar.net\/tr\/wp-json\/wp\/v2\/product\/196525","targetHints":{"allow":["GET"]}}],"collection":[{"href":"http:\/\/mod.wisdar.net\/tr\/wp-json\/wp\/v2\/product"}],"about":[{"href":"http:\/\/mod.wisdar.net\/tr\/wp-json\/wp\/v2\/types\/product"}],"replies":[{"embeddable":true,"href":"http:\/\/mod.wisdar.net\/tr\/wp-json\/wp\/v2\/comments?post=196525"}],"wp:featuredmedia":[{"embeddable":true,"href":"http:\/\/mod.wisdar.net\/tr\/wp-json\/wp\/v2\/media\/196521"}],"wp:attachment":[{"href":"http:\/\/mod.wisdar.net\/tr\/wp-json\/wp\/v2\/media?parent=196525"}],"wp:term":[{"taxonomy":"product_brand","embeddable":true,"href":"http:\/\/mod.wisdar.net\/tr\/wp-json\/wp\/v2\/product_brand?post=196525"},{"taxonomy":"product_cat","embeddable":true,"href":"http:\/\/mod.wisdar.net\/tr\/wp-json\/wp\/v2\/product_cat?post=196525"},{"taxonomy":"product_tag","embeddable":true,"href":"http:\/\/mod.wisdar.net\/tr\/wp-json\/wp\/v2\/product_tag?post=196525"}],"curies":[{"name":"wp","href":"https:\/\/api.w.org\/{rel}","templated":true}]}}