{"id":198096,"date":"2026-04-02T19:17:42","date_gmt":"2026-04-02T19:17:42","guid":{"rendered":"https:\/\/modesthanim.com\/product\/bej-ayarlanabilir-yuksek-bel-esnek-yumusak-dokulu-viskoz-karisimli-hamile-pantolonu-hp02\/"},"modified":"2026-04-12T04:12:21","modified_gmt":"2026-04-12T04:12:21","slug":"bej-ayarlanabilir-yuksek-bel-esnek-yumusak-dokulu-viskoz-karisimli-hamile-pantolonu-hp02","status":"publish","type":"product","link":"http:\/\/mod.wisdar.net\/tr\/urun\/bej-ayarlanabilir-yuksek-bel-esnek-yumusak-dokulu-viskoz-karisimli-hamile-pantolonu-hp02\/","title":{"rendered":"Bej Ayarlanabilir Y\u00fcksek Bel Esnek Yumu\u015fak Dokulu Viskoz Kar\u0131\u015f\u0131ml\u0131 Hamile Pantolonu HP02"},"content":{"rendered":"<p>Art\u0131\u015f Bej Ayarlanabilir Y\u00fcksek Bel Esnek Yumu\u015fak Dokulu Viskoz Kar\u0131\u015f\u0131ml\u0131 Hamile Pantolonu HP02 size \u00f6zel indirim, taksit ve kap\u0131da \u00f6deme avantajlar\u0131yla LCW&#8217;de! Hemen online al\u0131\u015fveri\u015f yap, \u00fcr\u00fcn kap\u0131na gelsin! \u2013 S000460305-19928<\/p>\n<p>\u2014 Technical Details \u2014<br \/>\nDesen: D\u00fcz<br \/>\nKal\u0131nl\u0131k: Kal\u0131n<br \/>\nKal\u0131p: Straight &amp; D\u00fcz<br \/>\nKuma\u015f: Viskon<br \/>\nBel Fiti: Y\u00fcksek Bel<br \/>\nPa\u00e7a Fiti: \u0130spanyol Pa\u00e7a<br \/>\nStil: Casual\/G\u00fcnl\u00fck<br \/>\nEk \u00d6zellik: Dokulu<br \/>\nUzunluk: Uzun<\/p>\n","protected":false},"excerpt":{"rendered":"<p>Art\u0131\u015f Bej Ayarlanabilir Y\u00fcksek Bel Esnek Yumu\u015fak Dokulu Viskoz Kar\u0131\u015f\u0131ml\u0131 Hamile Pantolonu HP02 size \u00f6zel indirim, taksit ve kap\u0131da \u00f6deme avantajlar\u0131yla LCW&#8217;de! Hemen online al\u0131\u015fveri\u015f yap, \u00fcr\u00fcn kap\u0131na gelsin! \u2013 S000460305-19928 \u2014 Technical Details \u2014 Desen: D\u00fcz Kal\u0131nl\u0131k: Kal\u0131n Kal\u0131p: Straight &amp; D\u00fcz Kuma\u015f: Viskon Bel Fiti: Y\u00fcksek Bel Pa\u00e7a Fiti: \u0130spanyol Pa\u00e7a Stil: Casual\/G\u00fcnl\u00fck [&hellip;]<\/p>\n","protected":false},"featured_media":198092,"comment_status":"open","ping_status":"closed","template":"","meta":[],"product_brand":[],"product_cat":[8769,8763],"product_tag":[8031],"class_list":{"0":"post-198096","1":"product","2":"type-product","3":"status-publish","4":"has-post-thumbnail","6":"product_cat-hamile-pantolonlari-ve-taytlari","7":"product_cat-hamilelik-urunleri","8":"product_tag-yuksek-bel-pantolon","9":"pa_brand-artis","10":"pa_color-bej","11":"pa_size-2xl","12":"pa_size-l","13":"pa_size-m","14":"pa_size-s","15":"pa_size-xl","17":"first","18":"instock","19":"shipping-taxable","20":"purchasable","21":"product-type-variable"},"_links":{"self":[{"href":"http:\/\/mod.wisdar.net\/tr\/wp-json\/wp\/v2\/product\/198096","targetHints":{"allow":["GET"]}}],"collection":[{"href":"http:\/\/mod.wisdar.net\/tr\/wp-json\/wp\/v2\/product"}],"about":[{"href":"http:\/\/mod.wisdar.net\/tr\/wp-json\/wp\/v2\/types\/product"}],"replies":[{"embeddable":true,"href":"http:\/\/mod.wisdar.net\/tr\/wp-json\/wp\/v2\/comments?post=198096"}],"wp:featuredmedia":[{"embeddable":true,"href":"http:\/\/mod.wisdar.net\/tr\/wp-json\/wp\/v2\/media\/198092"}],"wp:attachment":[{"href":"http:\/\/mod.wisdar.net\/tr\/wp-json\/wp\/v2\/media?parent=198096"}],"wp:term":[{"taxonomy":"product_brand","embeddable":true,"href":"http:\/\/mod.wisdar.net\/tr\/wp-json\/wp\/v2\/product_brand?post=198096"},{"taxonomy":"product_cat","embeddable":true,"href":"http:\/\/mod.wisdar.net\/tr\/wp-json\/wp\/v2\/product_cat?post=198096"},{"taxonomy":"product_tag","embeddable":true,"href":"http:\/\/mod.wisdar.net\/tr\/wp-json\/wp\/v2\/product_tag?post=198096"}],"curies":[{"name":"wp","href":"https:\/\/api.w.org\/{rel}","templated":true}]}}