{"id":201182,"date":"2026-04-03T13:43:09","date_gmt":"2026-04-03T13:43:09","guid":{"rendered":"https:\/\/modesthanim.com\/product\/uzun-kapitone-mont-koyu-haki\/"},"modified":"2026-04-03T13:43:54","modified_gmt":"2026-04-03T13:43:54","slug":"uzun-kapitone-mont-koyu-haki","status":"publish","type":"product","link":"http:\/\/mod.wisdar.net\/tr\/urun\/uzun-kapitone-mont-koyu-haki\/","title":{"rendered":"Uzun Kapitone Mont Koyu Haki"},"content":{"rendered":"<p>%100 poliamid kuma\u015ftan \u00fcretilen bu uzun kapitone mont, dayan\u0131kl\u0131 ve \u0131s\u0131 koruyucu yap\u0131s\u0131yla k\u0131\u015f\u0131n zorlu ko\u015fullar\u0131nda maksimum konfor sa\u011flar. Poliamid iplik, kuma\u015fa suya ve r\u00fczg\u00e2ra kar\u015f\u0131 diren\u00e7, form koruma ve uzun \u00f6m\u00fcrl\u00fc kullan\u0131m avantaj\u0131 kazand\u0131r\u0131r. Ayr\u0131ca en \u00f6nemli \u00f6zelli\u011fi hafif yap\u0131s\u0131d\u0131r. \u0130\u00e7inde kullan\u0131lan mikro elyaf, elyaf t\u00fcrleri aras\u0131nda en yumu\u015fak ve hafif dokulardan birine sahiptir. Bu y\u00fczden montun hem d\u0131\u015f kuma\u015f\u0131, hem astar\u0131 hem de elyaf\u0131 birbiri ile m\u00fckemmel uyum i\u00e7indedir.Kapitone diki\u015f detaylar\u0131, klasik mont formuna modern ve \u015f\u0131k bir g\u00f6r\u00fcn\u00fcm katar. Uzun kesimi ekstra koruma ve s\u0131cakl\u0131k sa\u011flarken, sade \u00e7izgileriyle g\u00fcnl\u00fck ve \u015fehirli kombinlerde kolayl\u0131kla kullan\u0131labilir.Kal\u0131p bilgisi: Dar bir kal\u0131pt\u0131r; \u00fczerinize oturan bir g\u00f6r\u00fcn\u00fcm sunar. Daha rahat ve daha bol bir duru\u015f isterseniz bir beden b\u00fcy\u00fck tercih edebilirsiniz.Bak\u0131m \u00f6nerisi: 30 derecede tek ba\u015f\u0131na narin y\u0131kama yap\u0131n\u0131z. A\u011fart\u0131c\u0131 kullanmay\u0131n\u0131z. D\u00fc\u015f\u00fck \u0131s\u0131da \u00fct\u00fcleyiniz.Boy: 113 cm\u00a0(\u00dcr\u00fcn boyu \u00fcretimler aras\u0131 1-5 cm de\u011fi\u015febilir.)Kal\u0131p Bilgisi:G\u00f6\u011f\u00fcsBasenKol BoyuPazu36 Beden:\u00a0108 cm\u00a0112 cm\u00a080 cm\u00a039 cm\u00a038 Beden:\u00a0112 cm\u00a0116 cm\u00a081 cm\u00a041 cm\u00a040 Beden:\u00a0116 cm\u00a0120 cm82 cm\u00a043 cm\u00a042 Beden:\u00a0120 cm\u00a0124 cm\u00a083 cm\u00a045 cm\u00a0Manken \u00d6l\u00e7\u00fcleri:Boy: 175 cmG\u00f6\u011f\u00fcs: 81 cmBel: 60 cmBasen: 89 cmMankenin \u00dczerindeki Beden: 36\u00a0<\/p>\n","protected":false},"excerpt":{"rendered":"<p>%100 poliamid kuma\u015ftan \u00fcretilen bu uzun kapitone mont, dayan\u0131kl\u0131 ve \u0131s\u0131 koruyucu yap\u0131s\u0131yla k\u0131\u015f\u0131n zorlu ko\u015fullar\u0131nda maksimum konfor sa\u011flar. Poliamid iplik, kuma\u015fa suya ve r\u00fczg\u00e2ra kar\u015f\u0131 diren\u00e7, form koruma ve uzun \u00f6m\u00fcrl\u00fc kullan\u0131m avantaj\u0131 kazand\u0131r\u0131r. Ayr\u0131ca en \u00f6nemli \u00f6zelli\u011fi hafif yap\u0131s\u0131d\u0131r. \u0130\u00e7inde kullan\u0131lan mikro elyaf, elyaf t\u00fcrleri aras\u0131nda en yumu\u015fak ve hafif dokulardan birine sahiptir. [&hellip;]<\/p>\n","protected":false},"featured_media":201166,"comment_status":"open","ping_status":"closed","template":"","meta":[],"product_brand":[],"product_cat":[2047],"product_tag":[8320,6312,7310],"class_list":{"0":"post-201182","1":"product","2":"type-product","3":"status-publish","4":"has-post-thumbnail","6":"product_cat-paltolar","7":"product_tag-kapitone-mont","8":"product_tag-long-coat","9":"product_tag-slim-fit","10":"pa_brand-he-qa","11":"pa_color-koyu-haki","12":"pa_size-4701","13":"pa_size-4706","14":"pa_size-4711","15":"pa_size-4713","17":"first","18":"instock","19":"sale","20":"shipping-taxable","21":"purchasable","22":"product-type-variable"},"_links":{"self":[{"href":"http:\/\/mod.wisdar.net\/tr\/wp-json\/wp\/v2\/product\/201182","targetHints":{"allow":["GET"]}}],"collection":[{"href":"http:\/\/mod.wisdar.net\/tr\/wp-json\/wp\/v2\/product"}],"about":[{"href":"http:\/\/mod.wisdar.net\/tr\/wp-json\/wp\/v2\/types\/product"}],"replies":[{"embeddable":true,"href":"http:\/\/mod.wisdar.net\/tr\/wp-json\/wp\/v2\/comments?post=201182"}],"wp:featuredmedia":[{"embeddable":true,"href":"http:\/\/mod.wisdar.net\/tr\/wp-json\/wp\/v2\/media\/201166"}],"wp:attachment":[{"href":"http:\/\/mod.wisdar.net\/tr\/wp-json\/wp\/v2\/media?parent=201182"}],"wp:term":[{"taxonomy":"product_brand","embeddable":true,"href":"http:\/\/mod.wisdar.net\/tr\/wp-json\/wp\/v2\/product_brand?post=201182"},{"taxonomy":"product_cat","embeddable":true,"href":"http:\/\/mod.wisdar.net\/tr\/wp-json\/wp\/v2\/product_cat?post=201182"},{"taxonomy":"product_tag","embeddable":true,"href":"http:\/\/mod.wisdar.net\/tr\/wp-json\/wp\/v2\/product_tag?post=201182"}],"curies":[{"name":"wp","href":"https:\/\/api.w.org\/{rel}","templated":true}]}}