{"id":201304,"date":"2026-04-03T13:48:58","date_gmt":"2026-04-03T13:48:58","guid":{"rendered":"https:\/\/modesthanim.com\/product\/bedenden-kusakli-elbiseli-takim-lacivert\/"},"modified":"2026-04-03T17:51:04","modified_gmt":"2026-04-03T17:51:04","slug":"bedenden-kusakli-elbiseli-takim-lacivert","status":"publish","type":"product","link":"http:\/\/mod.wisdar.net\/tr\/urun\/bedenden-kusakli-elbiseli-takim-lacivert\/","title":{"rendered":"Bedenden Ku\u015fakl\u0131 Elbiseli Tak\u0131m \u2013 Lacivert"},"content":{"rendered":"<p>Yumu\u015fak dokulu \u00f6rme bluzu ve sade uzun tuni\u011fiyle \u00f6ne \u00e7\u0131kan bu tak\u0131m, konforlu \u015f\u0131kl\u0131\u011f\u0131n ideal yans\u0131mas\u0131d\u0131r. Uyumlu tasar\u0131m\u0131 sayesinde zahmetsizce \u015f\u0131k bir g\u00f6r\u00fcn\u00fcm sunar. G\u00fcnl\u00fck kullan\u0131mda hem rahat hem stil sahibi olmak isteyenler i\u00e7in m\u00fckemmel bir se\u00e7imdir.<\/p>\n<p>\u2014 Technical Details \u2014<br \/>\n\u00dcST DI\u015e: {&#8216;Kuma\u015f \u0130\u00e7eri\u011fi&#8217;: &#8216;%100 Polyester&#8217;, &#8216;Desen&#8217;: &#8216;D\u00fcz&#8217;, &#8216;Kol Tipi&#8217;: &#8216;Uzun Kol&#8217;, &#8216;Cep&#8217;: &#8216;Cepsiz&#8217;, &#8216;Astar&#8217;: &#8216;Astars\u0131z&#8217;, &#8216;\u00dcr\u00fcn Boyu&#8217;: &#8216;140 cm&#8217;, &#8216;Kal\u0131p Tipi&#8217;: &#8216;Rahat Kal\u0131p&#8217;}<br \/>\n\u00dcST \u0130\u00c7: {&#8216;Kuma\u015f \u0130\u00e7eri\u011fi&#8217;: &#8216;%100 Polyester&#8217;, &#8216;Desen&#8217;: &#8216;D\u00fcz&#8217;, &#8216;Yaka Tipi&#8217;: &#8216;S\u0131f\u0131r Yaka&#8217;, &#8216;Kol Tipi&#8217;: &#8216;S\u0131f\u0131r Kol&#8217;, &#8216;Cep&#8217;: &#8216;Cepsiz&#8217;, &#8216;Astar&#8217;: &#8216;Astars\u0131z&#8217;, &#8216;\u00dcr\u00fcn Boyu&#8217;: &#8216;140 cm&#8217;, &#8216;Kal\u0131p Tipi&#8217;: &#8216;Rahat Kal\u0131p&#8217;}<br \/>\nMankenin Giydi\u011fi Beden: 38<br \/>\nManken \u00d6l\u00e7\u00fcleri: {&#8216;Boy&#8217;: &#8216;177 cm&#8217;, &#8216;G\u00f6\u011f\u00fcs&#8217;: &#8217;88 cm&#8217;, &#8216;Bel&#8217;: &#8217;58 cm&#8217;, &#8216;Basen&#8217;: &#8217;93 cm&#8217;}<br \/>\nBeden Tablosu (cm): {&#8217;38&#8217;: {&#8216;Omuz&#8217;: 40, &#8216;G\u00f6\u011f\u00fcs&#8217;: 103, &#8216;Bel&#8217;: 102, &#8216;Basen&#8217;: 119, &#8216;Boy&#8217;: 140, &#8216;Kol Boyu&#8217;: 60.5}, &#8217;40&#8217;: {&#8216;Omuz&#8217;: 41, &#8216;G\u00f6\u011f\u00fcs&#8217;: 107, &#8216;Bel&#8217;: 107, &#8216;Basen&#8217;: 123, &#8216;Boy&#8217;: 140.5, &#8216;Kol Boyu&#8217;: 61}, &#8217;42&#8217;: {&#8216;Omuz&#8217;: 42, &#8216;G\u00f6\u011f\u00fcs&#8217;: 111, &#8216;Bel&#8217;: 111, &#8216;Basen&#8217;: 127, &#8216;Boy&#8217;: 141, &#8216;Kol Boyu&#8217;: 61.5}, &#8217;44&#8217;: {&#8216;Omuz&#8217;: 43, &#8216;G\u00f6\u011f\u00fcs&#8217;: 115, &#8216;Bel&#8217;: 115, &#8216;Basen&#8217;: 131, &#8216;Boy&#8217;: 141.5, &#8216;Kol Boyu&#8217;: 62}, &#8217;46&#8217;: {&#8216;Omuz&#8217;: 44, &#8216;G\u00f6\u011f\u00fcs&#8217;: 121, &#8216;Bel&#8217;: 121, &#8216;Basen&#8217;: 137, &#8216;Boy&#8217;: 142, &#8216;Kol Boyu&#8217;: 62.5}, &#8217;48&#8217;: {&#8216;Omuz&#8217;: 45, &#8216;G\u00f6\u011f\u00fcs&#8217;: 125, &#8216;Bel&#8217;: 125, &#8216;Basen&#8217;: 141, &#8216;Boy&#8217;: 142.5, &#8216;Kol Boyu&#8217;: 63}}<\/p>\n","protected":false},"excerpt":{"rendered":"<p>Yumu\u015fak dokulu \u00f6rme bluzu ve sade uzun tuni\u011fiyle \u00f6ne \u00e7\u0131kan bu tak\u0131m, konforlu \u015f\u0131kl\u0131\u011f\u0131n ideal yans\u0131mas\u0131d\u0131r. Uyumlu tasar\u0131m\u0131 sayesinde zahmetsizce \u015f\u0131k bir g\u00f6r\u00fcn\u00fcm sunar. G\u00fcnl\u00fck kullan\u0131mda hem rahat hem stil sahibi olmak isteyenler i\u00e7in m\u00fckemmel bir se\u00e7imdir. \u2014 Technical Details \u2014 \u00dcST DI\u015e: {&#8216;Kuma\u015f \u0130\u00e7eri\u011fi&#8217;: &#8216;%100 Polyester&#8217;, &#8216;Desen&#8217;: &#8216;D\u00fcz&#8217;, &#8216;Kol Tipi&#8217;: &#8216;Uzun Kol&#8217;, &#8216;Cep&#8217;: &#8216;Cepsiz&#8217;, [&hellip;]<\/p>\n","protected":false},"featured_media":201289,"comment_status":"open","ping_status":"closed","template":"","meta":[],"product_brand":[],"product_cat":[6249,1933],"product_tag":[5012,8299,7238,6751],"class_list":{"0":"post-201304","1":"product","2":"type-product","3":"status-publish","4":"has-post-thumbnail","6":"product_cat-elbiseler","7":"product_cat-gunluk-ve-gunduz-elbiseleri","8":"product_tag-elegant","9":"product_tag-kemerli-elbise","10":"product_tag-lacivert","11":"product_tag-rahat","12":"pa_brand-tugba","13":"pa_color-lacivert","14":"pa_size-4706","15":"pa_size-4711","16":"pa_size-4713","17":"pa_size-4751","18":"pa_size-4749","19":"pa_size-4747","21":"first","22":"instock","23":"sale","24":"shipping-taxable","25":"purchasable","26":"product-type-variable"},"_links":{"self":[{"href":"http:\/\/mod.wisdar.net\/tr\/wp-json\/wp\/v2\/product\/201304","targetHints":{"allow":["GET"]}}],"collection":[{"href":"http:\/\/mod.wisdar.net\/tr\/wp-json\/wp\/v2\/product"}],"about":[{"href":"http:\/\/mod.wisdar.net\/tr\/wp-json\/wp\/v2\/types\/product"}],"replies":[{"embeddable":true,"href":"http:\/\/mod.wisdar.net\/tr\/wp-json\/wp\/v2\/comments?post=201304"}],"wp:featuredmedia":[{"embeddable":true,"href":"http:\/\/mod.wisdar.net\/tr\/wp-json\/wp\/v2\/media\/201289"}],"wp:attachment":[{"href":"http:\/\/mod.wisdar.net\/tr\/wp-json\/wp\/v2\/media?parent=201304"}],"wp:term":[{"taxonomy":"product_brand","embeddable":true,"href":"http:\/\/mod.wisdar.net\/tr\/wp-json\/wp\/v2\/product_brand?post=201304"},{"taxonomy":"product_cat","embeddable":true,"href":"http:\/\/mod.wisdar.net\/tr\/wp-json\/wp\/v2\/product_cat?post=201304"},{"taxonomy":"product_tag","embeddable":true,"href":"http:\/\/mod.wisdar.net\/tr\/wp-json\/wp\/v2\/product_tag?post=201304"}],"curies":[{"name":"wp","href":"https:\/\/api.w.org\/{rel}","templated":true}]}}