{"id":202834,"date":"2026-04-03T14:14:42","date_gmt":"2026-04-03T14:14:42","guid":{"rendered":"https:\/\/modesthanim.com\/product\/loose-fit-bisiklet-yaka-triko-kazak-tunik\/"},"modified":"2026-04-15T21:55:00","modified_gmt":"2026-04-15T21:55:00","slug":"loose-fit-bisiklet-yaka-triko-kazak-tunik","status":"publish","type":"product","link":"http:\/\/mod.wisdar.net\/tr\/urun\/loose-fit-bisiklet-yaka-triko-kazak-tunik\/","title":{"rendered":"Loose Fit Bisiklet Yaka Triko Kazak Tunik"},"content":{"rendered":"<p>Loose Fit Bisiklet Yaka Triko Kazak Tunik, rahat kal\u0131b\u0131 ve yumu\u015fak triko dokusuyla g\u00fcn boyu konfor sunar. Bisiklet yaka tasar\u0131m\u0131yla modern bir g\u00f6r\u00fcn\u00fcm sa\u011flarken, tunik boyu sayesinde \u015f\u0131k ve kullan\u0131\u015fl\u0131 bir se\u00e7enek olu\u015fturur.<\/p>\n","protected":false},"excerpt":{"rendered":"<p>Loose Fit Bisiklet Yaka Triko Kazak Tunik, rahat kal\u0131b\u0131 ve yumu\u015fak triko dokusuyla g\u00fcn boyu konfor sunar. Bisiklet yaka tasar\u0131m\u0131yla modern bir g\u00f6r\u00fcn\u00fcm sa\u011flarken, tunik boyu sayesinde \u015f\u0131k ve kullan\u0131\u015fl\u0131 bir se\u00e7enek olu\u015fturur.<\/p>\n","protected":false},"featured_media":202826,"comment_status":"open","ping_status":"closed","template":"","meta":[],"product_brand":[],"product_cat":[1927],"product_tag":[7326,7426,6751],"class_list":{"0":"post-202834","1":"product","2":"type-product","3":"status-publish","4":"has-post-thumbnail","6":"product_cat-hoodies-sweatshirtler","7":"product_tag-bol-kesim","8":"product_tag-gunluk-giyim-3","9":"product_tag-rahat","10":"pa_brand-defacto","11":"pa_color-lacivert","12":"pa_size-l","13":"pa_size-m","14":"pa_size-s","16":"first","17":"outofstock","18":"shipping-taxable","19":"product-type-variable"},"_links":{"self":[{"href":"http:\/\/mod.wisdar.net\/tr\/wp-json\/wp\/v2\/product\/202834","targetHints":{"allow":["GET"]}}],"collection":[{"href":"http:\/\/mod.wisdar.net\/tr\/wp-json\/wp\/v2\/product"}],"about":[{"href":"http:\/\/mod.wisdar.net\/tr\/wp-json\/wp\/v2\/types\/product"}],"replies":[{"embeddable":true,"href":"http:\/\/mod.wisdar.net\/tr\/wp-json\/wp\/v2\/comments?post=202834"}],"wp:featuredmedia":[{"embeddable":true,"href":"http:\/\/mod.wisdar.net\/tr\/wp-json\/wp\/v2\/media\/202826"}],"wp:attachment":[{"href":"http:\/\/mod.wisdar.net\/tr\/wp-json\/wp\/v2\/media?parent=202834"}],"wp:term":[{"taxonomy":"product_brand","embeddable":true,"href":"http:\/\/mod.wisdar.net\/tr\/wp-json\/wp\/v2\/product_brand?post=202834"},{"taxonomy":"product_cat","embeddable":true,"href":"http:\/\/mod.wisdar.net\/tr\/wp-json\/wp\/v2\/product_cat?post=202834"},{"taxonomy":"product_tag","embeddable":true,"href":"http:\/\/mod.wisdar.net\/tr\/wp-json\/wp\/v2\/product_tag?post=202834"}],"curies":[{"name":"wp","href":"https:\/\/api.w.org\/{rel}","templated":true}]}}