{"id":203095,"date":"2026-04-03T14:18:03","date_gmt":"2026-04-03T14:18:03","guid":{"rendered":"https:\/\/modesthanim.com\/product\/gri-kapusonlu-kadin-kalin-fermuarli-sweatshirt\/"},"modified":"2026-04-09T10:42:33","modified_gmt":"2026-04-09T10:42:33","slug":"gri-kapusonlu-kadin-kalin-fermuarli-sweatshirt","status":"publish","type":"product","link":"http:\/\/mod.wisdar.net\/tr\/urun\/gri-kapusonlu-kadin-kalin-fermuarli-sweatshirt\/","title":{"rendered":"Gri Kap\u00fc\u015fonlu Kad\u0131n Kal\u0131n Fermuarl\u0131 Sweatshirt"},"content":{"rendered":"<p>XSIDE Gri Kap\u00fc\u015fonlu Kad\u0131n Kal\u0131n Fermuarl\u0131 Sweatshirt size \u00f6zel indirim, taksit ve kap\u0131da \u00f6deme avantajlar\u0131yla LCW&#8217;de! Hemen online al\u0131\u015fveri\u015f yap, \u00fcr\u00fcn kap\u0131na gelsin! \u2013 S6HC53Z8-CY9<\/p>\n<p>\u2014 Technical Details \u2014<br \/>\nMen\u015fei: Turk\u0131ye<br \/>\nSat\u0131c\u0131: LC Waikiki<br \/>\nMarka: XSIDE<br \/>\n\u00dcr\u00fcn Tipi: Fermuarl\u0131 Sweatshirt<br \/>\nCinsiyet: Kad\u0131n<br \/>\nKal\u0131p: Oversize<br \/>\nKuma\u015f: 3 \u0130plik \u015eardonlu<br \/>\nDesen: D\u00fcz<br \/>\nYaka: Kap\u00fc\u015fonlu<br \/>\nKal\u0131nl\u0131k: Kal\u0131n<br \/>\nKol Boyu: Uzun Kollu<br \/>\nEk \u00d6zellik: Fermuarl\u0131<\/p>\n","protected":false},"excerpt":{"rendered":"<p>XSIDE Gri Kap\u00fc\u015fonlu Kad\u0131n Kal\u0131n Fermuarl\u0131 Sweatshirt size \u00f6zel indirim, taksit ve kap\u0131da \u00f6deme avantajlar\u0131yla LCW&#8217;de! Hemen online al\u0131\u015fveri\u015f yap, \u00fcr\u00fcn kap\u0131na gelsin! \u2013 S6HC53Z8-CY9 \u2014 Technical Details \u2014 Men\u015fei: Turk\u0131ye Sat\u0131c\u0131: LC Waikiki Marka: XSIDE \u00dcr\u00fcn Tipi: Fermuarl\u0131 Sweatshirt Cinsiyet: Kad\u0131n Kal\u0131p: Oversize Kuma\u015f: 3 \u0130plik \u015eardonlu Desen: D\u00fcz Yaka: Kap\u00fc\u015fonlu Kal\u0131nl\u0131k: Kal\u0131n Kol [&hellip;]<\/p>\n","protected":false},"featured_media":203088,"comment_status":"open","ping_status":"closed","template":"","meta":[],"product_brand":[],"product_cat":[1927],"product_tag":[7779,7781,7426,7778,7780,7429,7758,7782,7783],"class_list":{"0":"post-203095","1":"product","2":"type-product","3":"status-publish","4":"has-post-thumbnail","6":"product_cat-hoodies-sweatshirtler","7":"product_tag-fermuarli-kapusonlu","8":"product_tag-gri-sweatshirt","9":"product_tag-gunluk-giyim-3","10":"product_tag-kadin-sweatshirt","11":"product_tag-kalin-sweatshirt","12":"product_tag-kapusonlu-sweatshirt","13":"product_tag-kis-giyim","14":"product_tag-oversize-kapusonlu","15":"product_tag-polar-sweatshirt","16":"pa_brand-xside","17":"pa_color-acik-gri-melanj","18":"pa_size-m-l-2","19":"pa_size-xs-s","21":"first","22":"instock","23":"shipping-taxable","24":"purchasable","25":"product-type-variable"},"_links":{"self":[{"href":"http:\/\/mod.wisdar.net\/tr\/wp-json\/wp\/v2\/product\/203095","targetHints":{"allow":["GET"]}}],"collection":[{"href":"http:\/\/mod.wisdar.net\/tr\/wp-json\/wp\/v2\/product"}],"about":[{"href":"http:\/\/mod.wisdar.net\/tr\/wp-json\/wp\/v2\/types\/product"}],"replies":[{"embeddable":true,"href":"http:\/\/mod.wisdar.net\/tr\/wp-json\/wp\/v2\/comments?post=203095"}],"wp:featuredmedia":[{"embeddable":true,"href":"http:\/\/mod.wisdar.net\/tr\/wp-json\/wp\/v2\/media\/203088"}],"wp:attachment":[{"href":"http:\/\/mod.wisdar.net\/tr\/wp-json\/wp\/v2\/media?parent=203095"}],"wp:term":[{"taxonomy":"product_brand","embeddable":true,"href":"http:\/\/mod.wisdar.net\/tr\/wp-json\/wp\/v2\/product_brand?post=203095"},{"taxonomy":"product_cat","embeddable":true,"href":"http:\/\/mod.wisdar.net\/tr\/wp-json\/wp\/v2\/product_cat?post=203095"},{"taxonomy":"product_tag","embeddable":true,"href":"http:\/\/mod.wisdar.net\/tr\/wp-json\/wp\/v2\/product_tag?post=203095"}],"curies":[{"name":"wp","href":"https:\/\/api.w.org\/{rel}","templated":true}]}}