{"id":204384,"date":"2026-04-03T14:41:22","date_gmt":"2026-04-03T14:41:22","guid":{"rendered":"https:\/\/modesthanim.com\/product\/siyah-askili-kisa-esnek-elastanli-viskoz-soft-hamile-sabahlik-gecelik-takim-19400\/"},"modified":"2026-04-03T14:41:43","modified_gmt":"2026-04-03T14:41:43","slug":"siyah-askili-kisa-esnek-elastanli-viskoz-soft-hamile-sabahlik-gecelik-takim-19400","status":"publish","type":"product","link":"http:\/\/mod.wisdar.net\/tr\/urun\/siyah-askili-kisa-esnek-elastanli-viskoz-soft-hamile-sabahlik-gecelik-takim-19400\/","title":{"rendered":"Siyah Ask\u0131l\u0131 K\u0131sa Esnek Elastanl\u0131 Viskoz Soft Hamile Sabahl\u0131k Gecelik Tak\u0131m 19400"},"content":{"rendered":"<p>Art\u0131\u015f Siyah Ask\u0131l\u0131 K\u0131sa Esnek Elastanl\u0131 Viskoz Soft Hamile Sabahl\u0131k Gecelik Tak\u0131m 19400 size \u00f6zel indirim, taksit ve kap\u0131da \u00f6deme avantajlar\u0131yla LCW&#8217;de! Hemen online al\u0131\u015fveri\u015f yap, \u00fcr\u00fcn kap\u0131na gelsin! \u2013 S000517311-19351<\/p>\n<p>\u2014 Technical Details \u2014<br \/>\nDesen: D\u00fcz<br \/>\nKol Boyu: Ask\u0131l\u0131<br \/>\nYaka: V Yaka<br \/>\nKuma\u015f: Viskon<br \/>\nKal\u0131nl\u0131k: Orta Kal\u0131nl\u0131k<br \/>\nKal\u0131p: Rahat &amp; Relax<br \/>\nPar\u00e7a Say\u0131s\u0131: 2 Par\u00e7a<br \/>\nUzunluk: K\u0131sa<\/p>\n","protected":false},"excerpt":{"rendered":"<p>Art\u0131\u015f Siyah Ask\u0131l\u0131 K\u0131sa Esnek Elastanl\u0131 Viskoz Soft Hamile Sabahl\u0131k Gecelik Tak\u0131m 19400 size \u00f6zel indirim, taksit ve kap\u0131da \u00f6deme avantajlar\u0131yla LCW&#8217;de! Hemen online al\u0131\u015fveri\u015f yap, \u00fcr\u00fcn kap\u0131na gelsin! \u2013 S000517311-19351 \u2014 Technical Details \u2014 Desen: D\u00fcz Kol Boyu: Ask\u0131l\u0131 Yaka: V Yaka Kuma\u015f: Viskon Kal\u0131nl\u0131k: Orta Kal\u0131nl\u0131k Kal\u0131p: Rahat &amp; Relax Par\u00e7a Say\u0131s\u0131: 2 [&hellip;]<\/p>\n","protected":false},"featured_media":204371,"comment_status":"open","ping_status":"closed","template":"","meta":[],"product_brand":[],"product_cat":[8763,8772],"product_tag":[12452,9896,12450,12451,11051],"class_list":{"0":"post-204384","1":"product","2":"type-product","3":"status-publish","4":"has-post-thumbnail","6":"product_cat-hamilelik-urunleri","7":"product_cat-pijama-takimlari","8":"product_tag-black-nightdress","9":"product_tag-comfortable-loungewear","10":"product_tag-maternity-nightwear","11":"product_tag-strappy-robe","12":"product_tag-viscose-set","13":"pa_brand-artis","14":"pa_color-siyah","15":"pa_size-l","16":"pa_size-m","17":"pa_size-s","18":"pa_size-xl","20":"first","21":"instock","22":"sale","23":"shipping-taxable","24":"purchasable","25":"product-type-variable"},"_links":{"self":[{"href":"http:\/\/mod.wisdar.net\/tr\/wp-json\/wp\/v2\/product\/204384","targetHints":{"allow":["GET"]}}],"collection":[{"href":"http:\/\/mod.wisdar.net\/tr\/wp-json\/wp\/v2\/product"}],"about":[{"href":"http:\/\/mod.wisdar.net\/tr\/wp-json\/wp\/v2\/types\/product"}],"replies":[{"embeddable":true,"href":"http:\/\/mod.wisdar.net\/tr\/wp-json\/wp\/v2\/comments?post=204384"}],"wp:featuredmedia":[{"embeddable":true,"href":"http:\/\/mod.wisdar.net\/tr\/wp-json\/wp\/v2\/media\/204371"}],"wp:attachment":[{"href":"http:\/\/mod.wisdar.net\/tr\/wp-json\/wp\/v2\/media?parent=204384"}],"wp:term":[{"taxonomy":"product_brand","embeddable":true,"href":"http:\/\/mod.wisdar.net\/tr\/wp-json\/wp\/v2\/product_brand?post=204384"},{"taxonomy":"product_cat","embeddable":true,"href":"http:\/\/mod.wisdar.net\/tr\/wp-json\/wp\/v2\/product_cat?post=204384"},{"taxonomy":"product_tag","embeddable":true,"href":"http:\/\/mod.wisdar.net\/tr\/wp-json\/wp\/v2\/product_tag?post=204384"}],"curies":[{"name":"wp","href":"https:\/\/api.w.org\/{rel}","templated":true}]}}