{"id":205493,"date":"2026-04-03T22:37:58","date_gmt":"2026-04-03T22:37:58","guid":{"rendered":"https:\/\/modesthanim.com\/product\/siyah-beli-ayarlamali-lastikli-kadin-hamile-esofman-2\/"},"modified":"2026-04-04T07:07:43","modified_gmt":"2026-04-04T07:07:43","slug":"siyah-beli-ayarlamali-lastikli-kadin-hamile-esofman-2","status":"publish","type":"product","link":"http:\/\/mod.wisdar.net\/tr\/urun\/siyah-beli-ayarlamali-lastikli-kadin-hamile-esofman-2\/","title":{"rendered":"Siyah Beli Ayarlamal\u0131 Lastikli Kad\u0131n Hamile E\u015fofman"},"content":{"rendered":"<p>Luvmabelly Siyah Beli Ayarlamal\u0131 Lastikli Kad\u0131n Hamile E\u015fofman size \u00f6zel indirim, taksit ve kap\u0131da \u00f6deme avantajlar\u0131yla LCW&#8217;de! Hemen online al\u0131\u015fveri\u015f yap, \u00fcr\u00fcn kap\u0131na gelsin! \u2013 S000160185-19351<\/p>\n<p>\u2014 Technical Details \u2014<br \/>\nSat\u0131c\u0131: Luvmabelly<br \/>\nMarka: Luvmabelly<br \/>\n\u00dcr\u00fcn Tipi: E\u015fofman Alt\u0131<br \/>\nCinsiyet: Kad\u0131n<br \/>\nBel Fiti: Normal Bel<br \/>\nPa\u00e7a Fiti: D\u00fcz Pa\u00e7a<br \/>\nDesen: D\u00fcz<br \/>\nKal\u0131p: Standart &amp; Regular<br \/>\nMalzeme: Y\u00fcksek Pamuk \u0130\u00e7erir<br \/>\nStil: Hamilelik D\u00f6nemi ve Sonras\u0131<br \/>\nPaket \u0130\u00e7eri\u011fi: Tekli<br \/>\nKal\u0131nl\u0131k: Orta Kal\u0131nl\u0131k<br \/>\nV\u00fccut Tipi: B\u00fcy\u00fck Beden<br \/>\nPar\u00e7a Say\u0131s\u0131: 1 Par\u00e7a<\/p>\n","protected":false},"excerpt":{"rendered":"<p>Luvmabelly Siyah Beli Ayarlamal\u0131 Lastikli Kad\u0131n Hamile E\u015fofman size \u00f6zel indirim, taksit ve kap\u0131da \u00f6deme avantajlar\u0131yla LCW&#8217;de! Hemen online al\u0131\u015fveri\u015f yap, \u00fcr\u00fcn kap\u0131na gelsin! \u2013 S000160185-19351 \u2014 Technical Details \u2014 Sat\u0131c\u0131: Luvmabelly Marka: Luvmabelly \u00dcr\u00fcn Tipi: E\u015fofman Alt\u0131 Cinsiyet: Kad\u0131n Bel Fiti: Normal Bel Pa\u00e7a Fiti: D\u00fcz Pa\u00e7a Desen: D\u00fcz Kal\u0131p: Standart &amp; Regular Malzeme: [&hellip;]<\/p>\n","protected":false},"featured_media":205485,"comment_status":"open","ping_status":"closed","template":"","meta":[],"product_brand":[],"product_cat":[8769,8763],"product_tag":[7563,8066],"class_list":{"0":"post-205493","1":"product","2":"type-product","3":"status-publish","4":"has-post-thumbnail","6":"product_cat-hamile-pantolonlari-ve-taytlari","7":"product_cat-hamilelik-urunleri","8":"product_tag-buyuk-beden","9":"product_tag-kadin-spor-giyim","10":"pa_brand-luvmabelly","11":"pa_color-siyah","12":"pa_size-l","13":"pa_size-m","14":"pa_size-s","15":"pa_size-xl","17":"first","18":"instock","19":"shipping-taxable","20":"purchasable","21":"product-type-variable"},"_links":{"self":[{"href":"http:\/\/mod.wisdar.net\/tr\/wp-json\/wp\/v2\/product\/205493","targetHints":{"allow":["GET"]}}],"collection":[{"href":"http:\/\/mod.wisdar.net\/tr\/wp-json\/wp\/v2\/product"}],"about":[{"href":"http:\/\/mod.wisdar.net\/tr\/wp-json\/wp\/v2\/types\/product"}],"replies":[{"embeddable":true,"href":"http:\/\/mod.wisdar.net\/tr\/wp-json\/wp\/v2\/comments?post=205493"}],"wp:featuredmedia":[{"embeddable":true,"href":"http:\/\/mod.wisdar.net\/tr\/wp-json\/wp\/v2\/media\/205485"}],"wp:attachment":[{"href":"http:\/\/mod.wisdar.net\/tr\/wp-json\/wp\/v2\/media?parent=205493"}],"wp:term":[{"taxonomy":"product_brand","embeddable":true,"href":"http:\/\/mod.wisdar.net\/tr\/wp-json\/wp\/v2\/product_brand?post=205493"},{"taxonomy":"product_cat","embeddable":true,"href":"http:\/\/mod.wisdar.net\/tr\/wp-json\/wp\/v2\/product_cat?post=205493"},{"taxonomy":"product_tag","embeddable":true,"href":"http:\/\/mod.wisdar.net\/tr\/wp-json\/wp\/v2\/product_tag?post=205493"}],"curies":[{"name":"wp","href":"https:\/\/api.w.org\/{rel}","templated":true}]}}