{"id":205588,"date":"2026-04-04T10:14:55","date_gmt":"2026-04-04T10:14:55","guid":{"rendered":"https:\/\/modesthanim.com\/product\/vizon-lastikli-basic-etek\/"},"modified":"2026-04-04T10:15:12","modified_gmt":"2026-04-04T10:15:12","slug":"vizon-lastikli-basic-etek","status":"publish","type":"product","link":"http:\/\/mod.wisdar.net\/tr\/urun\/vizon-lastikli-basic-etek\/","title":{"rendered":"Vizon-Lastikli Basic Etek"},"content":{"rendered":"<p>Vizon-Lastikli Basic Etek ile modern ve konforlu bir tarz yakalay\u0131n. ALLDAY&#8217;in Etek kategorisindeki di\u011fer modellerini ke\u015ffedin. Kombininizi tamamlayacak Vizon-Lastikli Basic Etek i\u00e7in hemen inceleyin!<\/p>\n<p>\u2014 Teknik Detaylar \u2014<br \/>\nSezon: Basic<br \/>\nKuma\u015f \u0130\u00e7eri\u011fi: %100 V\u0130SKON<br \/>\nKuma\u015f Grubu: Viskon Polyester<br \/>\nCep Detay\u0131: Cepsiz<br \/>\n\u00d6l\u00e7\u00fc \/ Boy: 105 CM<br \/>\nTasar\u0131m D\u00f6nemi: 25-Yaz<br \/>\nKal\u0131p: RAHAT KALIP<br \/>\nBel: Lastikli<br \/>\nDesen: D\u00fcz<br \/>\nTema: Basic<br \/>\nLine: Basic<br \/>\n\u00dcr\u00fcn Kalitesi: A Kalite<br \/>\nSezon Sat\u0131\u015f D\u00f6nemi: Yaz<br \/>\nMalzeme T\u00fcr\u00fc: Dokuma<\/p>\n","protected":false},"excerpt":{"rendered":"<p>Vizon-Lastikli Basic Etek ile modern ve konforlu bir tarz yakalay\u0131n. ALLDAY&#8217;in Etek kategorisindeki di\u011fer modellerini ke\u015ffedin. Kombininizi tamamlayacak Vizon-Lastikli Basic Etek i\u00e7in hemen inceleyin! \u2014 Teknik Detaylar \u2014 Sezon: Basic Kuma\u015f \u0130\u00e7eri\u011fi: %100 V\u0130SKON Kuma\u015f Grubu: Viskon Polyester Cep Detay\u0131: Cepsiz \u00d6l\u00e7\u00fc \/ Boy: 105 CM Tasar\u0131m D\u00f6nemi: 25-Yaz Kal\u0131p: RAHAT KALIP Bel: Lastikli Desen: [&hellip;]<\/p>\n","protected":false},"featured_media":205582,"comment_status":"open","ping_status":"closed","template":"","meta":[],"product_brand":[],"product_cat":[1969],"product_tag":[],"class_list":{"0":"post-205588","1":"product","2":"type-product","3":"status-publish","4":"has-post-thumbnail","6":"product_cat-etekler","7":"pa_brand-allday","8":"pa_color-vizon","9":"pa_size-4701","10":"pa_size-4706","11":"pa_size-4711","12":"pa_size-4713","13":"pa_size-4751","15":"first","16":"instock","17":"sale","18":"shipping-taxable","19":"purchasable","20":"product-type-variable"},"_links":{"self":[{"href":"http:\/\/mod.wisdar.net\/tr\/wp-json\/wp\/v2\/product\/205588","targetHints":{"allow":["GET"]}}],"collection":[{"href":"http:\/\/mod.wisdar.net\/tr\/wp-json\/wp\/v2\/product"}],"about":[{"href":"http:\/\/mod.wisdar.net\/tr\/wp-json\/wp\/v2\/types\/product"}],"replies":[{"embeddable":true,"href":"http:\/\/mod.wisdar.net\/tr\/wp-json\/wp\/v2\/comments?post=205588"}],"wp:featuredmedia":[{"embeddable":true,"href":"http:\/\/mod.wisdar.net\/tr\/wp-json\/wp\/v2\/media\/205582"}],"wp:attachment":[{"href":"http:\/\/mod.wisdar.net\/tr\/wp-json\/wp\/v2\/media?parent=205588"}],"wp:term":[{"taxonomy":"product_brand","embeddable":true,"href":"http:\/\/mod.wisdar.net\/tr\/wp-json\/wp\/v2\/product_brand?post=205588"},{"taxonomy":"product_cat","embeddable":true,"href":"http:\/\/mod.wisdar.net\/tr\/wp-json\/wp\/v2\/product_cat?post=205588"},{"taxonomy":"product_tag","embeddable":true,"href":"http:\/\/mod.wisdar.net\/tr\/wp-json\/wp\/v2\/product_tag?post=205588"}],"curies":[{"name":"wp","href":"https:\/\/api.w.org\/{rel}","templated":true}]}}