{"id":205911,"date":"2026-04-04T10:18:57","date_gmt":"2026-04-04T10:18:57","guid":{"rendered":"https:\/\/modesthanim.com\/product\/beyaz-pileli-kemerli-klos-etek\/"},"modified":"2026-04-15T22:30:16","modified_gmt":"2026-04-15T22:30:16","slug":"beyaz-pileli-kemerli-klos-etek","status":"publish","type":"product","link":"http:\/\/mod.wisdar.net\/tr\/urun\/beyaz-pileli-kemerli-klos-etek\/","title":{"rendered":"Beyaz-Pileli Kemerli Klo\u015f Etek"},"content":{"rendered":"<p>Beyaz-Pileli Kemerli Klo\u015f Etek \u00fcr\u00fcn\u00fc ile modern ve rahat bir tarz yakalay\u0131n ALLDAY\u2019in Etek kategorisindeki di\u011fer modellerini ke\u015ffedin. Kombinini tamamlayacak Beyaz-Pileli Kemerli Klo\u015f Etek i\u00e7in hemen Ke\u015ffedin!<\/p>\n<p>\u2014 Technical Details \u2014<br \/>\nSezon: 25-Yaz<br \/>\nKuma\u015f \u0130\u00e7eri\u011fi: %60 VIS  %40 LINEN<br \/>\nKuma\u015f Grubu: Viskon Polyester<br \/>\nCep Detay: Gizli<br \/>\nEbat \/ Boy: 100 CM<br \/>\nTasar\u0131m D\u00f6nemi: 25-Yaz<br \/>\nKal\u0131p: RAHAT KALIP<br \/>\nBel: Kemerli<br \/>\nDesen: D\u00fcz<br \/>\nTema: 3.RICH<br \/>\nLine: ELEGANCE<br \/>\n\u00dcr\u00fcn Ligi: A Kalite<br \/>\nSezon Sat\u0131\u015f D\u00f6nemi: Yaz<br \/>\nMalzeme T\u00fcr\u00fc: Dokuma<\/p>\n","protected":false},"excerpt":{"rendered":"<p>Beyaz-Pileli Kemerli Klo\u015f Etek \u00fcr\u00fcn\u00fc ile modern ve rahat bir tarz yakalay\u0131n ALLDAY\u2019in Etek kategorisindeki di\u011fer modellerini ke\u015ffedin. Kombinini tamamlayacak Beyaz-Pileli Kemerli Klo\u015f Etek i\u00e7in hemen Ke\u015ffedin! \u2014 Technical Details \u2014 Sezon: 25-Yaz Kuma\u015f \u0130\u00e7eri\u011fi: %60 VIS %40 LINEN Kuma\u015f Grubu: Viskon Polyester Cep Detay: Gizli Ebat \/ Boy: 100 CM Tasar\u0131m D\u00f6nemi: 25-Yaz Kal\u0131p: [&hellip;]<\/p>\n","protected":false},"featured_media":205904,"comment_status":"open","ping_status":"closed","template":"","meta":[],"product_brand":[],"product_cat":[1969],"product_tag":[7612,7600],"class_list":{"0":"post-205911","1":"product","2":"type-product","3":"status-publish","4":"has-post-thumbnail","6":"product_cat-etekler","7":"product_tag-kadin-etegi","8":"product_tag-pileli-etek","9":"pa_brand-allday","10":"pa_color-beyaz","11":"pa_size-4701","12":"pa_size-4706","13":"pa_size-4711","14":"pa_size-4713","15":"pa_size-4751","17":"first","18":"instock","19":"sale","20":"shipping-taxable","21":"purchasable","22":"product-type-variable"},"_links":{"self":[{"href":"http:\/\/mod.wisdar.net\/tr\/wp-json\/wp\/v2\/product\/205911","targetHints":{"allow":["GET"]}}],"collection":[{"href":"http:\/\/mod.wisdar.net\/tr\/wp-json\/wp\/v2\/product"}],"about":[{"href":"http:\/\/mod.wisdar.net\/tr\/wp-json\/wp\/v2\/types\/product"}],"replies":[{"embeddable":true,"href":"http:\/\/mod.wisdar.net\/tr\/wp-json\/wp\/v2\/comments?post=205911"}],"wp:featuredmedia":[{"embeddable":true,"href":"http:\/\/mod.wisdar.net\/tr\/wp-json\/wp\/v2\/media\/205904"}],"wp:attachment":[{"href":"http:\/\/mod.wisdar.net\/tr\/wp-json\/wp\/v2\/media?parent=205911"}],"wp:term":[{"taxonomy":"product_brand","embeddable":true,"href":"http:\/\/mod.wisdar.net\/tr\/wp-json\/wp\/v2\/product_brand?post=205911"},{"taxonomy":"product_cat","embeddable":true,"href":"http:\/\/mod.wisdar.net\/tr\/wp-json\/wp\/v2\/product_cat?post=205911"},{"taxonomy":"product_tag","embeddable":true,"href":"http:\/\/mod.wisdar.net\/tr\/wp-json\/wp\/v2\/product_tag?post=205911"}],"curies":[{"name":"wp","href":"https:\/\/api.w.org\/{rel}","templated":true}]}}