{"id":206724,"date":"2026-04-04T14:27:38","date_gmt":"2026-04-04T14:27:38","guid":{"rendered":"https:\/\/modesthanim.com\/product\/siyah-erkek-cocuk-boxer-7li\/"},"modified":"2026-04-04T14:28:25","modified_gmt":"2026-04-04T14:28:25","slug":"siyah-erkek-cocuk-boxer-7li","status":"publish","type":"product","link":"http:\/\/mod.wisdar.net\/tr\/urun\/siyah-erkek-cocuk-boxer-7li\/","title":{"rendered":"Siyah Erkek \u00c7ocuk Boxer 7&#8217;li"},"content":{"rendered":"<p>LCW Kids Siyah Erkek \u00c7ocuk Boxer 7&#8217;li size \u00f6zel indirim, taksit ve kap\u0131da \u00f6deme avantajlar\u0131yla LCW&#8217;de! Hemen online al\u0131\u015fveri\u015f yap, \u00fcr\u00fcn kap\u0131na gelsin! \u2013 S6LJ18Z4-CVL<\/p>\n<p>\u2014 Teknik Detaylar \u2014<br \/>\nMen\u015fei: Banglade\u015f, T\u00fcrkiye<br \/>\nSat\u0131c\u0131: LC Waikiki<br \/>\nMarka: LCW Kids<br \/>\n\u00dcr\u00fcn Tipi: Boxer<br \/>\nCinsiyet: Erkek \u00c7ocuk<br \/>\nKal\u0131p: Standart &amp; Regular<br \/>\nDesen: D\u00fcz<br \/>\nPaket \u0130\u00e7eri\u011fi: 7&#8217;li Paket<br \/>\nMalzeme: Y\u00fcksek Pamuk \u0130\u00e7erir<br \/>\nPar\u00e7a Say\u0131s\u0131: 7 Par\u00e7a<\/p>\n","protected":false},"excerpt":{"rendered":"<p>LCW Kids Siyah Erkek \u00c7ocuk Boxer 7&#8217;li size \u00f6zel indirim, taksit ve kap\u0131da \u00f6deme avantajlar\u0131yla LCW&#8217;de! Hemen online al\u0131\u015fveri\u015f yap, \u00fcr\u00fcn kap\u0131na gelsin! \u2013 S6LJ18Z4-CVL \u2014 Teknik Detaylar \u2014 Men\u015fei: Banglade\u015f, T\u00fcrkiye Sat\u0131c\u0131: LC Waikiki Marka: LCW Kids \u00dcr\u00fcn Tipi: Boxer Cinsiyet: Erkek \u00c7ocuk Kal\u0131p: Standart &amp; Regular Desen: D\u00fcz Paket \u0130\u00e7eri\u011fi: 7&#8217;li Paket Malzeme: [&hellip;]<\/p>\n","protected":false},"featured_media":206719,"comment_status":"open","ping_status":"closed","template":"","meta":[],"product_brand":[],"product_cat":[8739,8757,8694],"product_tag":[],"class_list":{"0":"post-206724","1":"product","2":"type-product","3":"status-publish","4":"has-post-thumbnail","6":"product_cat-erkek-cocuklar-2-14-yas","7":"product_cat-ic-giyim","8":"product_cat-cocuklar","9":"pa_brand-lcw-kids","10":"pa_color-siyah","11":"pa_size-11-12-yas","12":"pa_size-13-14-yas","13":"pa_size-7-8-yas","14":"pa_size-9-10-yas","16":"first","17":"instock","18":"sale","19":"shipping-taxable","20":"purchasable","21":"product-type-variable"},"_links":{"self":[{"href":"http:\/\/mod.wisdar.net\/tr\/wp-json\/wp\/v2\/product\/206724","targetHints":{"allow":["GET"]}}],"collection":[{"href":"http:\/\/mod.wisdar.net\/tr\/wp-json\/wp\/v2\/product"}],"about":[{"href":"http:\/\/mod.wisdar.net\/tr\/wp-json\/wp\/v2\/types\/product"}],"replies":[{"embeddable":true,"href":"http:\/\/mod.wisdar.net\/tr\/wp-json\/wp\/v2\/comments?post=206724"}],"wp:featuredmedia":[{"embeddable":true,"href":"http:\/\/mod.wisdar.net\/tr\/wp-json\/wp\/v2\/media\/206719"}],"wp:attachment":[{"href":"http:\/\/mod.wisdar.net\/tr\/wp-json\/wp\/v2\/media?parent=206724"}],"wp:term":[{"taxonomy":"product_brand","embeddable":true,"href":"http:\/\/mod.wisdar.net\/tr\/wp-json\/wp\/v2\/product_brand?post=206724"},{"taxonomy":"product_cat","embeddable":true,"href":"http:\/\/mod.wisdar.net\/tr\/wp-json\/wp\/v2\/product_cat?post=206724"},{"taxonomy":"product_tag","embeddable":true,"href":"http:\/\/mod.wisdar.net\/tr\/wp-json\/wp\/v2\/product_tag?post=206724"}],"curies":[{"name":"wp","href":"https:\/\/api.w.org\/{rel}","templated":true}]}}