{"id":207071,"date":"2026-04-04T14:55:29","date_gmt":"2026-04-04T14:55:29","guid":{"rendered":"https:\/\/modesthanim.com\/product\/karisik-erkek-cocuk-uzay-desenli-3lu-atlet-seti\/"},"modified":"2026-04-05T10:28:13","modified_gmt":"2026-04-05T10:28:13","slug":"karisik-erkek-cocuk-uzay-desenli-3lu-atlet-seti","status":"publish","type":"product","link":"http:\/\/mod.wisdar.net\/tr\/urun\/karisik-erkek-cocuk-uzay-desenli-3lu-atlet-seti\/","title":{"rendered":"Kar\u0131\u015f\u0131k Erkek \u00c7ocuk Uzay Desenli 3&#8217;l\u00fc Atlet Seti"},"content":{"rendered":"<p>Pan\u00e7o Kar\u0131\u015f\u0131k Erkek \u00c7ocuk Uzay Desenli 3&#8217;l\u00fc Atlet Seti size \u00f6zel indirim, taksit ve kap\u0131da \u00f6deme avantajlar\u0131yla LCW&#8217;de! Hemen online al\u0131\u015fveri\u015f yap, \u00fcr\u00fcn kap\u0131na gelsin! \u2013 S000525981-23173<\/p>\n","protected":false},"excerpt":{"rendered":"<p>Pan\u00e7o Kar\u0131\u015f\u0131k Erkek \u00c7ocuk Uzay Desenli 3&#8217;l\u00fc Atlet Seti size \u00f6zel indirim, taksit ve kap\u0131da \u00f6deme avantajlar\u0131yla LCW&#8217;de! Hemen online al\u0131\u015fveri\u015f yap, \u00fcr\u00fcn kap\u0131na gelsin! \u2013 S000525981-23173<\/p>\n","protected":false},"featured_media":207069,"comment_status":"open","ping_status":"closed","template":"","meta":[],"product_brand":[],"product_cat":[8739,8757,8694],"product_tag":[],"class_list":{"0":"post-207071","1":"product","2":"type-product","3":"status-publish","4":"has-post-thumbnail","6":"product_cat-erkek-cocuklar-2-14-yas","7":"product_cat-ic-giyim","8":"product_cat-cocuklar","9":"pa_brand-panco","10":"pa_color-karisik","11":"pa_size-10-11-yas","12":"pa_size-12-13-yas","13":"pa_size-2-3-yas","14":"pa_size-4-5-yas","15":"pa_size-6-7-yas","16":"pa_size-8-9-yas","18":"first","19":"instock","20":"sale","21":"shipping-taxable","22":"purchasable","23":"product-type-variable"},"_links":{"self":[{"href":"http:\/\/mod.wisdar.net\/tr\/wp-json\/wp\/v2\/product\/207071","targetHints":{"allow":["GET"]}}],"collection":[{"href":"http:\/\/mod.wisdar.net\/tr\/wp-json\/wp\/v2\/product"}],"about":[{"href":"http:\/\/mod.wisdar.net\/tr\/wp-json\/wp\/v2\/types\/product"}],"replies":[{"embeddable":true,"href":"http:\/\/mod.wisdar.net\/tr\/wp-json\/wp\/v2\/comments?post=207071"}],"wp:featuredmedia":[{"embeddable":true,"href":"http:\/\/mod.wisdar.net\/tr\/wp-json\/wp\/v2\/media\/207069"}],"wp:attachment":[{"href":"http:\/\/mod.wisdar.net\/tr\/wp-json\/wp\/v2\/media?parent=207071"}],"wp:term":[{"taxonomy":"product_brand","embeddable":true,"href":"http:\/\/mod.wisdar.net\/tr\/wp-json\/wp\/v2\/product_brand?post=207071"},{"taxonomy":"product_cat","embeddable":true,"href":"http:\/\/mod.wisdar.net\/tr\/wp-json\/wp\/v2\/product_cat?post=207071"},{"taxonomy":"product_tag","embeddable":true,"href":"http:\/\/mod.wisdar.net\/tr\/wp-json\/wp\/v2\/product_tag?post=207071"}],"curies":[{"name":"wp","href":"https:\/\/api.w.org\/{rel}","templated":true}]}}