{"id":208054,"date":"2026-04-05T11:44:19","date_gmt":"2026-04-05T11:44:19","guid":{"rendered":"https:\/\/modesthanim.com\/product\/pembe-fiyonk-detayli-kiz-bebek-yurume-oncesi-ayakkabi\/"},"modified":"2026-04-12T12:00:41","modified_gmt":"2026-04-12T12:00:41","slug":"pembe-fiyonk-detayli-kiz-bebek-yurume-oncesi-ayakkabi","status":"publish","type":"product","link":"http:\/\/mod.wisdar.net\/tr\/urun\/pembe-fiyonk-detayli-kiz-bebek-yurume-oncesi-ayakkabi\/","title":{"rendered":"Pembe Fiyonk Detayl\u0131 K\u0131z Bebek Y\u00fcr\u00fcme \u00d6ncesi Ayakkab\u0131"},"content":{"rendered":"<p>LCW STEPS Pembe Fiyonk Detayl\u0131 K\u0131z Bebek Y\u00fcr\u00fcme \u00d6ncesi Ayakkab\u0131 size \u00f6zel indirim, taksit ve kap\u0131da \u00f6deme avantajlar\u0131yla LCW&#8217;de! Hemen online al\u0131\u015fveri\u015f yap, \u00fcr\u00fcn kap\u0131na gelsin! \u2013 S6FI82Z1-DMQ<\/p>\n<p>\u2014 Technical Details \u2014<br \/>\nMen\u015fei: Turk\u0131ye<br \/>\nSat\u0131c\u0131: LC Waikiki<br \/>\nMarka: LCW STEPS<br \/>\n\u00dcr\u00fcn Tipi: Y\u00fcr\u00fcme \u00d6ncesi Ayakkab\u0131<br \/>\nCinsiyet: K\u0131z Bebek<br \/>\nDesen: D\u00fcz<br \/>\nBurun \u015eekli: Yuvarlak Burun<br \/>\nAyakkab\u0131 Kapanma \u015eekli: C\u0131rt C\u0131rt<\/p>\n","protected":false},"excerpt":{"rendered":"<p>LCW STEPS Pembe Fiyonk Detayl\u0131 K\u0131z Bebek Y\u00fcr\u00fcme \u00d6ncesi Ayakkab\u0131 size \u00f6zel indirim, taksit ve kap\u0131da \u00f6deme avantajlar\u0131yla LCW&#8217;de! Hemen online al\u0131\u015fveri\u015f yap, \u00fcr\u00fcn kap\u0131na gelsin! \u2013 S6FI82Z1-DMQ \u2014 Technical Details \u2014 Men\u015fei: Turk\u0131ye Sat\u0131c\u0131: LC Waikiki Marka: LCW STEPS \u00dcr\u00fcn Tipi: Y\u00fcr\u00fcme \u00d6ncesi Ayakkab\u0131 Cinsiyet: K\u0131z Bebek Desen: D\u00fcz Burun \u015eekli: Yuvarlak Burun Ayakkab\u0131 [&hellip;]<\/p>\n","protected":false},"featured_media":208049,"comment_status":"open","ping_status":"closed","template":"","meta":[],"product_brand":[],"product_cat":[8694,8697,8700],"product_tag":[9483,5692,9510,9503,10329,9471,12569],"class_list":{"0":"post-208054","1":"product","2":"type-product","3":"status-publish","4":"has-post-thumbnail","6":"product_cat-cocuklar","7":"product_cat-yenidogan-0-12-ay","8":"product_cat-yenidogan-giyim","9":"product_tag-baby-shoes","10":"product_tag-bow-detail","11":"product_tag-girls-shoes","12":"product_tag-infant-footwear","13":"product_tag-pink-shoes","14":"product_tag-pre-walking-shoes","15":"product_tag-soft-sole-shoes","16":"pa_brand-lcw-steps","17":"pa_color-acik-pembe","18":"pa_size-16-0-3-ay","19":"pa_size-17-3-6-ay","20":"pa_size-18-6-9-ay","21":"pa_size-19-9-12-ay","22":"pa_size-20-12-15-ay","23":"pa_size-21-15-18-ay","25":"first","26":"instock","27":"sale","28":"shipping-taxable","29":"purchasable","30":"product-type-variable"},"_links":{"self":[{"href":"http:\/\/mod.wisdar.net\/tr\/wp-json\/wp\/v2\/product\/208054","targetHints":{"allow":["GET"]}}],"collection":[{"href":"http:\/\/mod.wisdar.net\/tr\/wp-json\/wp\/v2\/product"}],"about":[{"href":"http:\/\/mod.wisdar.net\/tr\/wp-json\/wp\/v2\/types\/product"}],"replies":[{"embeddable":true,"href":"http:\/\/mod.wisdar.net\/tr\/wp-json\/wp\/v2\/comments?post=208054"}],"wp:featuredmedia":[{"embeddable":true,"href":"http:\/\/mod.wisdar.net\/tr\/wp-json\/wp\/v2\/media\/208049"}],"wp:attachment":[{"href":"http:\/\/mod.wisdar.net\/tr\/wp-json\/wp\/v2\/media?parent=208054"}],"wp:term":[{"taxonomy":"product_brand","embeddable":true,"href":"http:\/\/mod.wisdar.net\/tr\/wp-json\/wp\/v2\/product_brand?post=208054"},{"taxonomy":"product_cat","embeddable":true,"href":"http:\/\/mod.wisdar.net\/tr\/wp-json\/wp\/v2\/product_cat?post=208054"},{"taxonomy":"product_tag","embeddable":true,"href":"http:\/\/mod.wisdar.net\/tr\/wp-json\/wp\/v2\/product_tag?post=208054"}],"curies":[{"name":"wp","href":"https:\/\/api.w.org\/{rel}","templated":true}]}}