{"id":209362,"date":"2026-04-05T20:53:53","date_gmt":"2026-04-05T20:53:53","guid":{"rendered":"https:\/\/modesthanim.com\/product\/slim-fit-midi-dantel-etek\/"},"modified":"2026-04-15T20:57:07","modified_gmt":"2026-04-15T20:57:07","slug":"slim-fit-midi-dantel-etek","status":"publish","type":"product","link":"http:\/\/mod.wisdar.net\/tr\/urun\/slim-fit-midi-dantel-etek\/","title":{"rendered":"Slim Fit Midi Dantel Etek"},"content":{"rendered":"<p>Midi dantel etek, zarif ve sofistike bir g\u00f6r\u00fcn\u00fcm sunuyor. Dantel detaylar\u0131yla \u00f6ne \u00e7\u0131kan etek, slim fit yap\u0131s\u0131yla v\u00fccuda zarif bir \u015fekilde oturuyor. Standart bel y\u00fcksekli\u011fi modern bir stil yarat\u0131rken etek boyu ile hem g\u00fcnl\u00fck hem de \u00f6zel g\u00fcnlerde kullan\u0131m rahatl\u0131\u011f\u0131 sa\u011fl\u0131yor. Astar\u0131 sayesinde konforu art\u0131rarak g\u00fcn boyu rahatl\u0131k sunuyor. Trend tasar\u0131m\u0131yla gard\u0131robunuzun vazge\u00e7ilmez par\u00e7alar\u0131ndan biri olacak bu etek, kombinlerinize zarafet kat\u0131yor.<\/p>\n<p>Stil \u00d6nerisi: Midi dantel etek, \u015f\u0131k bir bluz ve stiletto ayakkab\u0131larla kombinlenerek \u00f6zel davetler ve ak\u015fam etkinlikleri i\u00e7in ideal bir se\u00e7im haline geliyor. G\u00fcnl\u00fck stilinize entegre etmek i\u00e7in beyaz bir ti\u015f\u00f6rt ve sneaker ayakkab\u0131larla birlikte kullan\u0131labilir, b\u00f6ylece rahat ama \u015f\u0131k bir g\u00f6r\u00fcn\u00fcm elde edilebilirsiniz. Minimalist tak\u0131lar ve bir el \u00e7antas\u0131 ile stilinizi tamamlayarak sofistike bir g\u00f6r\u00fcn\u00fcm yaratabilirsiniz.<\/p>\n<p>\u00dcr\u00fcn \u00d6zellikleri:<br \/>\n\u2022 Kuma\u015f: %98 Polyester, %2 Elastan<br \/>\n\u2022 Astar: %89 Polyester, %11 Elastan<br \/>\n\u2022 Fit: Slim<br \/>\n\u2022 Bel Tipi: Normal Bel<br \/>\n\u2022 Boyu: Midi<br \/>\n\u2022 Kullan\u0131m Alan\u0131: G\u00fcnl\u00fck Giyim, \u00d6zel G\u00fcnler<\/p>\n<p>Koton etek modelleri trend tasar\u0131mlar\u0131 ile dikkat \u00e7ekiyor. \u015eimdi deneyin!<\/p>\n<p>Respect Life \u2013 Ya\u015fama Sayg\u0131 | Bu \u00fcr\u00fcn geri d\u00f6n\u00fc\u015ft\u00fcr\u00fclm\u00fc\u015f iplikten \u00fcretilmi\u015ftir. Koton&#8217;un insana ve topluma de\u011fer katma, gelecek nesillere daha ya\u015fan\u0131labilir bir d\u00fcnya b\u0131rakma duyarl\u0131l\u0131\u011f\u0131yla haz\u0131rlad\u0131\u011f\u0131 koleksiyonu ke\u015ffedin.<\/p>\n","protected":false},"excerpt":{"rendered":"<p>Midi dantel etek, zarif ve sofistike bir g\u00f6r\u00fcn\u00fcm sunuyor. Dantel detaylar\u0131yla \u00f6ne \u00e7\u0131kan etek, slim fit yap\u0131s\u0131yla v\u00fccuda zarif bir \u015fekilde oturuyor. Standart bel y\u00fcksekli\u011fi modern bir stil yarat\u0131rken etek boyu ile hem g\u00fcnl\u00fck hem de \u00f6zel g\u00fcnlerde kullan\u0131m rahatl\u0131\u011f\u0131 sa\u011fl\u0131yor. Astar\u0131 sayesinde konforu art\u0131rarak g\u00fcn boyu rahatl\u0131k sunuyor. Trend tasar\u0131m\u0131yla gard\u0131robunuzun vazge\u00e7ilmez par\u00e7alar\u0131ndan biri [&hellip;]<\/p>\n","protected":false},"featured_media":209350,"comment_status":"open","ping_status":"closed","template":"","meta":[],"product_brand":[],"product_cat":[12479],"product_tag":[],"class_list":{"0":"post-209362","1":"product","2":"type-product","3":"status-publish","4":"has-post-thumbnail","6":"product_cat-gunluk-giyim","7":"pa_brand-koton","8":"pa_color-siyah","9":"pa_size-l","10":"pa_size-m","11":"pa_size-s","12":"pa_size-xl","13":"pa_size-xs","14":"pa_size-xxl","16":"first","17":"instock","18":"sale","19":"shipping-taxable","20":"purchasable","21":"product-type-variable"},"_links":{"self":[{"href":"http:\/\/mod.wisdar.net\/tr\/wp-json\/wp\/v2\/product\/209362","targetHints":{"allow":["GET"]}}],"collection":[{"href":"http:\/\/mod.wisdar.net\/tr\/wp-json\/wp\/v2\/product"}],"about":[{"href":"http:\/\/mod.wisdar.net\/tr\/wp-json\/wp\/v2\/types\/product"}],"replies":[{"embeddable":true,"href":"http:\/\/mod.wisdar.net\/tr\/wp-json\/wp\/v2\/comments?post=209362"}],"wp:featuredmedia":[{"embeddable":true,"href":"http:\/\/mod.wisdar.net\/tr\/wp-json\/wp\/v2\/media\/209350"}],"wp:attachment":[{"href":"http:\/\/mod.wisdar.net\/tr\/wp-json\/wp\/v2\/media?parent=209362"}],"wp:term":[{"taxonomy":"product_brand","embeddable":true,"href":"http:\/\/mod.wisdar.net\/tr\/wp-json\/wp\/v2\/product_brand?post=209362"},{"taxonomy":"product_cat","embeddable":true,"href":"http:\/\/mod.wisdar.net\/tr\/wp-json\/wp\/v2\/product_cat?post=209362"},{"taxonomy":"product_tag","embeddable":true,"href":"http:\/\/mod.wisdar.net\/tr\/wp-json\/wp\/v2\/product_tag?post=209362"}],"curies":[{"name":"wp","href":"https:\/\/api.w.org\/{rel}","templated":true}]}}