{"id":210589,"date":"2026-04-06T21:46:25","date_gmt":"2026-04-06T21:46:25","guid":{"rendered":"https:\/\/modesthanim.com\/product\/sifon-puantiye-baskili-kat-elbise-bordo\/"},"modified":"2026-04-06T21:46:37","modified_gmt":"2026-04-06T21:46:37","slug":"sifon-puantiye-baskili-kat-elbise-bordo","status":"publish","type":"product","link":"http:\/\/mod.wisdar.net\/tr\/urun\/sifon-puantiye-baskili-kat-elbise-bordo\/","title":{"rendered":"\u015eifon Puantiye Bask\u0131l\u0131 Kat Elbise \u2013 Bordo"},"content":{"rendered":"","protected":false},"excerpt":{"rendered":"","protected":false},"featured_media":210577,"comment_status":"open","ping_status":"closed","template":"","meta":[],"product_brand":[],"product_cat":[6249,1933],"product_tag":[7150,5012,6744,6924],"class_list":{"0":"post-210589","1":"product","2":"type-product","3":"status-publish","4":"has-post-thumbnail","6":"product_cat-elbiseler","7":"product_cat-gunluk-ve-gunduz-elbiseleri","8":"product_tag-bordo","9":"product_tag-elegant","10":"product_tag-kadin-modasi","11":"product_tag-sifon","12":"pa_brand-ahel","13":"pa_color-bordo","14":"pa_size-4446","15":"pa_size-4463","17":"first","18":"instock","19":"sale","20":"shipping-taxable","21":"purchasable","22":"product-type-variable"},"_links":{"self":[{"href":"http:\/\/mod.wisdar.net\/tr\/wp-json\/wp\/v2\/product\/210589","targetHints":{"allow":["GET"]}}],"collection":[{"href":"http:\/\/mod.wisdar.net\/tr\/wp-json\/wp\/v2\/product"}],"about":[{"href":"http:\/\/mod.wisdar.net\/tr\/wp-json\/wp\/v2\/types\/product"}],"replies":[{"embeddable":true,"href":"http:\/\/mod.wisdar.net\/tr\/wp-json\/wp\/v2\/comments?post=210589"}],"wp:featuredmedia":[{"embeddable":true,"href":"http:\/\/mod.wisdar.net\/tr\/wp-json\/wp\/v2\/media\/210577"}],"wp:attachment":[{"href":"http:\/\/mod.wisdar.net\/tr\/wp-json\/wp\/v2\/media?parent=210589"}],"wp:term":[{"taxonomy":"product_brand","embeddable":true,"href":"http:\/\/mod.wisdar.net\/tr\/wp-json\/wp\/v2\/product_brand?post=210589"},{"taxonomy":"product_cat","embeddable":true,"href":"http:\/\/mod.wisdar.net\/tr\/wp-json\/wp\/v2\/product_cat?post=210589"},{"taxonomy":"product_tag","embeddable":true,"href":"http:\/\/mod.wisdar.net\/tr\/wp-json\/wp\/v2\/product_tag?post=210589"}],"curies":[{"name":"wp","href":"https:\/\/api.w.org\/{rel}","templated":true}]}}