{"id":211406,"date":"2026-04-06T21:53:41","date_gmt":"2026-04-06T21:53:41","guid":{"rendered":"https:\/\/modesthanim.com\/product\/beyaz-kare-yaka-ip-askili-kiz-cocuk-atlet\/"},"modified":"2026-04-13T23:31:05","modified_gmt":"2026-04-13T23:31:05","slug":"beyaz-kare-yaka-ip-askili-kiz-cocuk-atlet","status":"publish","type":"product","link":"http:\/\/mod.wisdar.net\/tr\/urun\/beyaz-kare-yaka-ip-askili-kiz-cocuk-atlet\/","title":{"rendered":"Beyaz Kare Yaka \u0130p Ask\u0131l\u0131 K\u0131z \u00c7ocuk Atlet"},"content":{"rendered":"<p>LC WAIKIKI Beyaz Kare Yaka \u0130p Ask\u0131l\u0131 K\u0131z \u00c7ocuk Atlet size \u00f6zel indirim, taksit ve kap\u0131da \u00f6deme avantajlar\u0131yla LCW&#8217;de! Hemen online al\u0131\u015fveri\u015f yap, \u00fcr\u00fcn kap\u0131na gelsin! \u2013 S6KY05Z4-Q6K<\/p>\n<p>\u2014 Technical Details \u2014<br \/>\nMen\u015fei: Turk\u0131ye<br \/>\nSat\u0131c\u0131: LC Waikiki<br \/>\nMarka: LC WAIKIKI<br \/>\n\u00dcr\u00fcn Tipi: \u0130\u00e7 Giyim Atlet<br \/>\nCinsiyet: K\u0131z \u00c7ocuk<br \/>\nKal\u0131p: Standart &amp; Regular<br \/>\nDesen: D\u00fcz<br \/>\nYaka: Kare Yaka<br \/>\nKol Boyu: Ask\u0131l\u0131<br \/>\nMalzeme: %100 Pamuk<\/p>\n","protected":false},"excerpt":{"rendered":"<p>LC WAIKIKI Beyaz Kare Yaka \u0130p Ask\u0131l\u0131 K\u0131z \u00c7ocuk Atlet size \u00f6zel indirim, taksit ve kap\u0131da \u00f6deme avantajlar\u0131yla LCW&#8217;de! Hemen online al\u0131\u015fveri\u015f yap, \u00fcr\u00fcn kap\u0131na gelsin! \u2013 S6KY05Z4-Q6K \u2014 Technical Details \u2014 Men\u015fei: Turk\u0131ye Sat\u0131c\u0131: LC Waikiki Marka: LC WAIKIKI \u00dcr\u00fcn Tipi: \u0130\u00e7 Giyim Atlet Cinsiyet: K\u0131z \u00c7ocuk Kal\u0131p: Standart &amp; Regular Desen: D\u00fcz Yaka: [&hellip;]<\/p>\n","protected":false},"featured_media":211402,"comment_status":"open","ping_status":"closed","template":"","meta":[],"product_brand":[],"product_cat":[8733,8715,8694],"product_tag":[],"class_list":{"0":"post-211406","1":"product","2":"type-product","3":"status-publish","4":"has-post-thumbnail","6":"product_cat-ic-giyim","7":"product_cat-kiz-cocuklari-2-14-yas","8":"product_cat-cocuklar","9":"pa_brand-lc-waikiki","10":"pa_color-buxe-beyazi","11":"pa_size-11-12-yas","12":"pa_size-13-14-yas","13":"pa_size-7-8-yas","14":"pa_size-9-10-yas","16":"first","17":"instock","18":"sale","19":"shipping-taxable","20":"purchasable","21":"product-type-variable"},"_links":{"self":[{"href":"http:\/\/mod.wisdar.net\/tr\/wp-json\/wp\/v2\/product\/211406","targetHints":{"allow":["GET"]}}],"collection":[{"href":"http:\/\/mod.wisdar.net\/tr\/wp-json\/wp\/v2\/product"}],"about":[{"href":"http:\/\/mod.wisdar.net\/tr\/wp-json\/wp\/v2\/types\/product"}],"replies":[{"embeddable":true,"href":"http:\/\/mod.wisdar.net\/tr\/wp-json\/wp\/v2\/comments?post=211406"}],"wp:featuredmedia":[{"embeddable":true,"href":"http:\/\/mod.wisdar.net\/tr\/wp-json\/wp\/v2\/media\/211402"}],"wp:attachment":[{"href":"http:\/\/mod.wisdar.net\/tr\/wp-json\/wp\/v2\/media?parent=211406"}],"wp:term":[{"taxonomy":"product_brand","embeddable":true,"href":"http:\/\/mod.wisdar.net\/tr\/wp-json\/wp\/v2\/product_brand?post=211406"},{"taxonomy":"product_cat","embeddable":true,"href":"http:\/\/mod.wisdar.net\/tr\/wp-json\/wp\/v2\/product_cat?post=211406"},{"taxonomy":"product_tag","embeddable":true,"href":"http:\/\/mod.wisdar.net\/tr\/wp-json\/wp\/v2\/product_tag?post=211406"}],"curies":[{"name":"wp","href":"https:\/\/api.w.org\/{rel}","templated":true}]}}