{"id":211683,"date":"2026-04-06T21:56:32","date_gmt":"2026-04-06T21:56:32","guid":{"rendered":"https:\/\/modesthanim.com\/product\/pembe-basic-kiz-cocuk-boxer-3lu\/"},"modified":"2026-04-13T23:34:13","modified_gmt":"2026-04-13T23:34:13","slug":"pembe-basic-kiz-cocuk-boxer-3lu","status":"publish","type":"product","link":"http:\/\/mod.wisdar.net\/tr\/urun\/pembe-basic-kiz-cocuk-boxer-3lu\/","title":{"rendered":"Pembe Basic K\u0131z \u00c7ocuk Boxer 3&#8217;l\u00fc"},"content":{"rendered":"<p>LCW Kids Pembe Basic K\u0131z \u00c7ocuk Boxer 3&#8217;l\u00fc size \u00f6zel indirim, taksit ve kap\u0131da \u00f6deme avantajlar\u0131yla LCW&#8217;de! Hemen online al\u0131\u015fveri\u015f yap, \u00fcr\u00fcn kap\u0131na gelsin! \u2013 S62252Z4-FWW<\/p>\n<p>\u2014 Technical Details \u2014<br \/>\nMen\u015fei: Banglade\u015f,Turk\u0131ye<br \/>\nSat\u0131c\u0131: LC Waikiki<br \/>\nMarka: LCW Kids<br \/>\n\u00dcr\u00fcn Tipi: Boxer<br \/>\nCinsiyet: K\u0131z \u00c7ocuk<br \/>\nKal\u0131p: Standart &amp; Regular<br \/>\nDesen: D\u00fcz<br \/>\nPaket \u0130\u00e7eri\u011fi: 3&#8217;l\u00fc Paket<br \/>\nMalzeme: Y\u00fcksek Pamuk \u0130\u00e7erir<br \/>\nPar\u00e7a Say\u0131s\u0131: 3 Par\u00e7a<\/p>\n","protected":false},"excerpt":{"rendered":"<p>LCW Kids Pembe Basic K\u0131z \u00c7ocuk Boxer 3&#8217;l\u00fc size \u00f6zel indirim, taksit ve kap\u0131da \u00f6deme avantajlar\u0131yla LCW&#8217;de! Hemen online al\u0131\u015fveri\u015f yap, \u00fcr\u00fcn kap\u0131na gelsin! \u2013 S62252Z4-FWW \u2014 Technical Details \u2014 Men\u015fei: Banglade\u015f,Turk\u0131ye Sat\u0131c\u0131: LC Waikiki Marka: LCW Kids \u00dcr\u00fcn Tipi: Boxer Cinsiyet: K\u0131z \u00c7ocuk Kal\u0131p: Standart &amp; Regular Desen: D\u00fcz Paket \u0130\u00e7eri\u011fi: 3&#8217;l\u00fc Paket Malzeme: [&hellip;]<\/p>\n","protected":false},"featured_media":211673,"comment_status":"open","ping_status":"closed","template":"","meta":[],"product_brand":[],"product_cat":[8733,8715,8694],"product_tag":[7808,8244,7811],"class_list":{"0":"post-211683","1":"product","2":"type-product","3":"status-publish","4":"has-post-thumbnail","6":"product_cat-ic-giyim","7":"product_cat-kiz-cocuklari-2-14-yas","8":"product_cat-cocuklar","9":"product_tag-solid","10":"product_tag-standart-normal","11":"product_tag-yuksek-pamuk-icerigi","12":"pa_brand-lcw-kids","13":"pa_color-acik-pembe","14":"pa_size-11-12-yas","15":"pa_size-13-14-yas","16":"pa_size-7-8-yas","17":"pa_size-9-10-yas","19":"first","20":"instock","21":"sale","22":"shipping-taxable","23":"purchasable","24":"product-type-variable"},"_links":{"self":[{"href":"http:\/\/mod.wisdar.net\/tr\/wp-json\/wp\/v2\/product\/211683","targetHints":{"allow":["GET"]}}],"collection":[{"href":"http:\/\/mod.wisdar.net\/tr\/wp-json\/wp\/v2\/product"}],"about":[{"href":"http:\/\/mod.wisdar.net\/tr\/wp-json\/wp\/v2\/types\/product"}],"replies":[{"embeddable":true,"href":"http:\/\/mod.wisdar.net\/tr\/wp-json\/wp\/v2\/comments?post=211683"}],"wp:featuredmedia":[{"embeddable":true,"href":"http:\/\/mod.wisdar.net\/tr\/wp-json\/wp\/v2\/media\/211673"}],"wp:attachment":[{"href":"http:\/\/mod.wisdar.net\/tr\/wp-json\/wp\/v2\/media?parent=211683"}],"wp:term":[{"taxonomy":"product_brand","embeddable":true,"href":"http:\/\/mod.wisdar.net\/tr\/wp-json\/wp\/v2\/product_brand?post=211683"},{"taxonomy":"product_cat","embeddable":true,"href":"http:\/\/mod.wisdar.net\/tr\/wp-json\/wp\/v2\/product_cat?post=211683"},{"taxonomy":"product_tag","embeddable":true,"href":"http:\/\/mod.wisdar.net\/tr\/wp-json\/wp\/v2\/product_tag?post=211683"}],"curies":[{"name":"wp","href":"https:\/\/api.w.org\/{rel}","templated":true}]}}