{"id":212426,"date":"2026-04-06T22:10:00","date_gmt":"2026-04-06T22:10:00","guid":{"rendered":"https:\/\/modesthanim.com\/product\/aci-kahve-dalmacya-desen-kemerli-bluz\/"},"modified":"2026-04-06T22:10:22","modified_gmt":"2026-04-06T22:10:22","slug":"aci-kahve-dalmacya-desen-kemerli-bluz","status":"publish","type":"product","link":"http:\/\/mod.wisdar.net\/tr\/urun\/aci-kahve-dalmacya-desen-kemerli-bluz\/","title":{"rendered":"Ac\u0131 Kahve-Dalma\u00e7ya Desen Kemerli Bluz"},"content":{"rendered":"<p>\u015e\u0131kl\u0131\u011f\u0131 detaylarda arayanlara \u00f6zel Ac\u0131 Kahve-Dalma\u00e7ya Desen Kemerli Bluz ile zarif bir g\u00f6r\u00fcn\u00fcm yakalay\u0131n. G\u00fcnl\u00fck ve \u00f6zel kombinler i\u00e7in ideal tasar\u0131m ALLDAY\u2019de!<\/p>\n<p>\u2014 Technical Details \u2014<br \/>\nSezon: 26 YAZ<br \/>\nKuma\u015f \u0130\u00e7eri\u011fi: %86 V\u0130S %14 PA<br \/>\nKuma\u015f Grubu: Viskon<br \/>\nCep Detay: Cepsiz<br \/>\nYaka: Hakim<br \/>\nKol Kal\u0131p: D\u00fc\u015f\u00fck<br \/>\nEbat \/ Boy: 77 CM<br \/>\nTasar\u0131m D\u00f6nemi: 26 SS<br \/>\nKal\u0131p: RELAX<br \/>\nBel: Ku\u015fakl\u0131<br \/>\nDesen: Kar\u0131\u015f\u0131k<br \/>\nTema: 1.Tema<br \/>\nLine: PREM<br \/>\n\u00dcr\u00fcn Ligi: A Kalite<br \/>\nSezon Sat\u0131\u015f D\u00f6nemi: Yaz<br \/>\nMalzeme T\u00fcr\u00fc: Dokuma<\/p>\n","protected":false},"excerpt":{"rendered":"<p>\u015e\u0131kl\u0131\u011f\u0131 detaylarda arayanlara \u00f6zel Ac\u0131 Kahve-Dalma\u00e7ya Desen Kemerli Bluz ile zarif bir g\u00f6r\u00fcn\u00fcm yakalay\u0131n. G\u00fcnl\u00fck ve \u00f6zel kombinler i\u00e7in ideal tasar\u0131m ALLDAY\u2019de! \u2014 Technical Details \u2014 Sezon: 26 YAZ Kuma\u015f \u0130\u00e7eri\u011fi: %86 V\u0130S %14 PA Kuma\u015f Grubu: Viskon Cep Detay: Cepsiz Yaka: Hakim Kol Kal\u0131p: D\u00fc\u015f\u00fck Ebat \/ Boy: 77 CM Tasar\u0131m D\u00f6nemi: 26 SS [&hellip;]<\/p>\n","protected":false},"featured_media":212414,"comment_status":"open","ping_status":"closed","template":"","meta":[],"product_brand":[],"product_cat":[1909],"product_tag":[4861,6930,5012,7668],"class_list":{"0":"post-212426","1":"product","2":"type-product","3":"status-publish","4":"has-post-thumbnail","6":"product_cat-bluzlar-ve-gomlekler","7":"product_tag-allday","8":"product_tag-bitter-coffee","9":"product_tag-elegant","10":"product_tag-kemerli","11":"pa_brand-allday","12":"pa_color-aci-kahve-1","13":"pa_size-l","14":"pa_size-m","15":"pa_size-s","16":"pa_size-xl","18":"first","19":"instock","20":"sale","21":"shipping-taxable","22":"purchasable","23":"product-type-variable"},"_links":{"self":[{"href":"http:\/\/mod.wisdar.net\/tr\/wp-json\/wp\/v2\/product\/212426","targetHints":{"allow":["GET"]}}],"collection":[{"href":"http:\/\/mod.wisdar.net\/tr\/wp-json\/wp\/v2\/product"}],"about":[{"href":"http:\/\/mod.wisdar.net\/tr\/wp-json\/wp\/v2\/types\/product"}],"replies":[{"embeddable":true,"href":"http:\/\/mod.wisdar.net\/tr\/wp-json\/wp\/v2\/comments?post=212426"}],"wp:featuredmedia":[{"embeddable":true,"href":"http:\/\/mod.wisdar.net\/tr\/wp-json\/wp\/v2\/media\/212414"}],"wp:attachment":[{"href":"http:\/\/mod.wisdar.net\/tr\/wp-json\/wp\/v2\/media?parent=212426"}],"wp:term":[{"taxonomy":"product_brand","embeddable":true,"href":"http:\/\/mod.wisdar.net\/tr\/wp-json\/wp\/v2\/product_brand?post=212426"},{"taxonomy":"product_cat","embeddable":true,"href":"http:\/\/mod.wisdar.net\/tr\/wp-json\/wp\/v2\/product_cat?post=212426"},{"taxonomy":"product_tag","embeddable":true,"href":"http:\/\/mod.wisdar.net\/tr\/wp-json\/wp\/v2\/product_tag?post=212426"}],"curies":[{"name":"wp","href":"https:\/\/api.w.org\/{rel}","templated":true}]}}