{"id":212827,"date":"2026-04-06T22:15:05","date_gmt":"2026-04-06T22:15:05","guid":{"rendered":"https:\/\/modesthanim.com\/product\/bordo-volan-detayli-gomlek\/"},"modified":"2026-04-06T22:15:24","modified_gmt":"2026-04-06T22:15:24","slug":"bordo-volan-detayli-gomlek","status":"publish","type":"product","link":"http:\/\/mod.wisdar.net\/tr\/urun\/bordo-volan-detayli-gomlek\/","title":{"rendered":"Bordo-Volan Detayl\u0131 G\u00f6mlek"},"content":{"rendered":"<p>\u015e\u0131kl\u0131\u011f\u0131 detaylarda arayanlara \u00f6zel Bordo-Volan Detayl\u0131 G\u00f6mlek ile zarif bir g\u00f6r\u00fcn\u00fcm yakalay\u0131n. G\u00fcnl\u00fck ve \u00f6zel kombinler i\u00e7in ideal tasar\u0131m<\/p>\n<p>\u2014 Technical Details \u2014<br \/>\nSezon: 26 YAZ<br \/>\nKuma\u015f \u0130\u00e7eri\u011fi: %50 L\u0131n %34 Tencel %16 Pes<br \/>\nKuma\u015f Grubu: Pamuk<br \/>\nCep Detay: Cepsiz<br \/>\nYaka: V Yaka<br \/>\nKol Kal\u0131p: D\u00fc\u015f\u00fck<br \/>\nEbat \/ Boy: 73 CM<br \/>\nTasar\u0131m D\u00f6nemi: 26 SS<br \/>\nKal\u0131p: OVERSIZE<br \/>\nDesen: D\u00fcz<br \/>\nTema: 2.Tema<br \/>\nLine: PREM<br \/>\n\u00dcr\u00fcn Ligi: A Kalite<br \/>\nSezon Sat\u0131\u015f D\u00f6nemi: Yaz<br \/>\nY\u0131kama Talimat\u0131: 30\u00b0 dereceye kadar y\u0131kama yap\u0131labilir<br \/>\nMalzeme T\u00fcr\u00fc: Dokuma<\/p>\n","protected":false},"excerpt":{"rendered":"<p>\u015e\u0131kl\u0131\u011f\u0131 detaylarda arayanlara \u00f6zel Bordo-Volan Detayl\u0131 G\u00f6mlek ile zarif bir g\u00f6r\u00fcn\u00fcm yakalay\u0131n. G\u00fcnl\u00fck ve \u00f6zel kombinler i\u00e7in ideal tasar\u0131m \u2014 Technical Details \u2014 Sezon: 26 YAZ Kuma\u015f \u0130\u00e7eri\u011fi: %50 L\u0131n %34 Tencel %16 Pes Kuma\u015f Grubu: Pamuk Cep Detay: Cepsiz Yaka: V Yaka Kol Kal\u0131p: D\u00fc\u015f\u00fck Ebat \/ Boy: 73 CM Tasar\u0131m D\u00f6nemi: 26 SS [&hellip;]<\/p>\n","protected":false},"featured_media":212817,"comment_status":"open","ping_status":"closed","template":"","meta":[],"product_brand":[],"product_cat":[1909],"product_tag":[5012,6744],"class_list":{"0":"post-212827","1":"product","2":"type-product","3":"status-publish","4":"has-post-thumbnail","6":"product_cat-bluzlar-ve-gomlekler","7":"product_tag-elegant","8":"product_tag-kadin-modasi","9":"pa_brand-allday","10":"pa_color-bordo","11":"pa_size-l","12":"pa_size-m","13":"pa_size-s","15":"first","16":"instock","17":"sale","18":"shipping-taxable","19":"purchasable","20":"product-type-variable"},"_links":{"self":[{"href":"http:\/\/mod.wisdar.net\/tr\/wp-json\/wp\/v2\/product\/212827","targetHints":{"allow":["GET"]}}],"collection":[{"href":"http:\/\/mod.wisdar.net\/tr\/wp-json\/wp\/v2\/product"}],"about":[{"href":"http:\/\/mod.wisdar.net\/tr\/wp-json\/wp\/v2\/types\/product"}],"replies":[{"embeddable":true,"href":"http:\/\/mod.wisdar.net\/tr\/wp-json\/wp\/v2\/comments?post=212827"}],"wp:featuredmedia":[{"embeddable":true,"href":"http:\/\/mod.wisdar.net\/tr\/wp-json\/wp\/v2\/media\/212817"}],"wp:attachment":[{"href":"http:\/\/mod.wisdar.net\/tr\/wp-json\/wp\/v2\/media?parent=212827"}],"wp:term":[{"taxonomy":"product_brand","embeddable":true,"href":"http:\/\/mod.wisdar.net\/tr\/wp-json\/wp\/v2\/product_brand?post=212827"},{"taxonomy":"product_cat","embeddable":true,"href":"http:\/\/mod.wisdar.net\/tr\/wp-json\/wp\/v2\/product_cat?post=212827"},{"taxonomy":"product_tag","embeddable":true,"href":"http:\/\/mod.wisdar.net\/tr\/wp-json\/wp\/v2\/product_tag?post=212827"}],"curies":[{"name":"wp","href":"https:\/\/api.w.org\/{rel}","templated":true}]}}