{"id":25900,"date":"2025-11-18T18:02:15","date_gmt":"2025-11-18T18:02:15","guid":{"rendered":"https:\/\/modesthanim.com\/product\/premium-kemerli-blazer-kahve-ceket\/"},"modified":"2026-03-24T06:41:02","modified_gmt":"2026-03-24T06:41:02","slug":"premium-kemerli-blazer-kahve-ceket","status":"publish","type":"product","link":"http:\/\/mod.wisdar.net\/tr\/urun\/premium-kemerli-blazer-kahve-ceket\/","title":{"rendered":"Premium Kemerli Blazer Kahve Ceket"},"content":{"rendered":"<p>Premium Kemerli Blazer Ceket \u00d6zellikleri<br \/>\nPremium dokuma kuma\u015ftan \u00f6nden gizli d\u00fc\u011fme kapamal\u0131, ceket yakal\u0131, \u00f6nden fileto s\u00fcs cepli, kendi kuma\u015ftan D toka aksesuarl\u0131, rahat kal\u0131p astarl\u0131 blazer ceket.<br \/>\n%64 Pes %32 Viskon %4 Elasten<br \/>\nYaln\u0131zca kuru temizleme yap\u0131n\u0131z.<\/p>\n","protected":false},"excerpt":{"rendered":"<p>Premium Kemerli Blazer Ceket \u00d6zellikleri Premium dokuma kuma\u015ftan \u00f6nden gizli d\u00fc\u011fme kapamal\u0131, ceket yakal\u0131, \u00f6nden fileto s\u00fcs cepli, kendi kuma\u015ftan D toka aksesuarl\u0131, rahat kal\u0131p astarl\u0131 blazer ceket. %64 Pes %32 Viskon %4 Elasten Yaln\u0131zca kuru temizleme yap\u0131n\u0131z.<\/p>\n","protected":false},"featured_media":25878,"comment_status":"open","ping_status":"closed","template":"","meta":[],"product_brand":[],"product_cat":[2050],"product_tag":[7922,7225,7959],"class_list":{"0":"post-25900","1":"product","2":"type-product","3":"status-publish","4":"has-post-thumbnail","6":"product_cat-blazer-ceketler","7":"product_tag-kadin-blazer","8":"product_tag-kahve-kahverengi","9":"product_tag-resmi-giyim","10":"pa_brand-hooopstore","11":"pa_color-kahve","12":"pa_size-l-xl-2","13":"pa_size-s-m","15":"first","16":"outofstock","17":"shipping-taxable","18":"product-type-variable"},"_links":{"self":[{"href":"http:\/\/mod.wisdar.net\/tr\/wp-json\/wp\/v2\/product\/25900","targetHints":{"allow":["GET"]}}],"collection":[{"href":"http:\/\/mod.wisdar.net\/tr\/wp-json\/wp\/v2\/product"}],"about":[{"href":"http:\/\/mod.wisdar.net\/tr\/wp-json\/wp\/v2\/types\/product"}],"replies":[{"embeddable":true,"href":"http:\/\/mod.wisdar.net\/tr\/wp-json\/wp\/v2\/comments?post=25900"}],"wp:featuredmedia":[{"embeddable":true,"href":"http:\/\/mod.wisdar.net\/tr\/wp-json\/wp\/v2\/media\/25878"}],"wp:attachment":[{"href":"http:\/\/mod.wisdar.net\/tr\/wp-json\/wp\/v2\/media?parent=25900"}],"wp:term":[{"taxonomy":"product_brand","embeddable":true,"href":"http:\/\/mod.wisdar.net\/tr\/wp-json\/wp\/v2\/product_brand?post=25900"},{"taxonomy":"product_cat","embeddable":true,"href":"http:\/\/mod.wisdar.net\/tr\/wp-json\/wp\/v2\/product_cat?post=25900"},{"taxonomy":"product_tag","embeddable":true,"href":"http:\/\/mod.wisdar.net\/tr\/wp-json\/wp\/v2\/product_tag?post=25900"}],"curies":[{"name":"wp","href":"https:\/\/api.w.org\/{rel}","templated":true}]}}