{"id":25934,"date":"2025-11-18T18:02:47","date_gmt":"2025-11-18T18:02:47","guid":{"rendered":"https:\/\/modesthanim.com\/product\/premium-kemerli-blazer-siyah-ceket\/"},"modified":"2026-04-02T20:24:36","modified_gmt":"2026-04-02T20:24:36","slug":"premium-kemerli-blazer-siyah-ceket","status":"publish","type":"product","link":"http:\/\/mod.wisdar.net\/tr\/urun\/premium-kemerli-blazer-siyah-ceket\/","title":{"rendered":"Premium Kemerli Blazer Siyah Ceket"},"content":{"rendered":"<p>Premium Kemerli Blazer Ceket \u00d6zellikleri<br \/>\nPremium dokuma kuma\u015ftan \u00f6nden gizli d\u00fc\u011fme kapamal\u0131, ceket yakal\u0131, \u00f6nden fileto s\u00fcs cepli, kendi kuma\u015ftan D toka aksesuarl\u0131, rahat kal\u0131p astarl\u0131 blazer ceket.<br \/>\n%64 Polyester %32 Viskon %4 Elastan<br \/>\nSadece kuru temizleme \u00f6nerilir.<\/p>\n","protected":false},"excerpt":{"rendered":"<p>Premium Kemerli Blazer Ceket \u00d6zellikleri Premium dokuma kuma\u015ftan \u00f6nden gizli d\u00fc\u011fme kapamal\u0131, ceket yakal\u0131, \u00f6nden fileto s\u00fcs cepli, kendi kuma\u015ftan D toka aksesuarl\u0131, rahat kal\u0131p astarl\u0131 blazer ceket. %64 Polyester %32 Viskon %4 Elastan Sadece kuru temizleme \u00f6nerilir.<\/p>\n","protected":false},"featured_media":0,"comment_status":"open","ping_status":"closed","template":"","meta":[],"product_brand":[],"product_cat":[2050],"product_tag":[],"class_list":{"0":"post-25934","1":"product","2":"type-product","3":"status-publish","5":"product_cat-blazer-ceketler","6":"pa_brand-hooopstore","7":"pa_color-siyah","8":"pa_size-l-xl-2","9":"pa_size-s-m","11":"first","12":"instock","13":"sale","14":"shipping-taxable","15":"purchasable","16":"product-type-variable"},"_links":{"self":[{"href":"http:\/\/mod.wisdar.net\/tr\/wp-json\/wp\/v2\/product\/25934","targetHints":{"allow":["GET"]}}],"collection":[{"href":"http:\/\/mod.wisdar.net\/tr\/wp-json\/wp\/v2\/product"}],"about":[{"href":"http:\/\/mod.wisdar.net\/tr\/wp-json\/wp\/v2\/types\/product"}],"replies":[{"embeddable":true,"href":"http:\/\/mod.wisdar.net\/tr\/wp-json\/wp\/v2\/comments?post=25934"}],"wp:attachment":[{"href":"http:\/\/mod.wisdar.net\/tr\/wp-json\/wp\/v2\/media?parent=25934"}],"wp:term":[{"taxonomy":"product_brand","embeddable":true,"href":"http:\/\/mod.wisdar.net\/tr\/wp-json\/wp\/v2\/product_brand?post=25934"},{"taxonomy":"product_cat","embeddable":true,"href":"http:\/\/mod.wisdar.net\/tr\/wp-json\/wp\/v2\/product_cat?post=25934"},{"taxonomy":"product_tag","embeddable":true,"href":"http:\/\/mod.wisdar.net\/tr\/wp-json\/wp\/v2\/product_tag?post=25934"}],"curies":[{"name":"wp","href":"https:\/\/api.w.org\/{rel}","templated":true}]}}