{"id":29370,"date":"2025-11-23T20:28:38","date_gmt":"2025-11-23T20:28:38","guid":{"rendered":"https:\/\/modesthanim.com\/product\/fermuar-detayli-kase-antrasit-sweatshirt\/"},"modified":"2025-12-17T13:46:30","modified_gmt":"2025-12-17T13:46:30","slug":"fermuar-detayli-kase-antrasit-sweatshirt","status":"publish","type":"product","link":"http:\/\/mod.wisdar.net\/tr\/urun\/fermuar-detayli-kase-antrasit-sweatshirt\/","title":{"rendered":"Fermuar Detayl\u0131 Ka\u015fe Antrasit Sweatshirt"},"content":{"rendered":"<p>FERMUAR DETAYLI KA\u015eE ANTRAS\u0130T SWEATSHIRT \u00d6ZELL\u0130KLER\u0130 Bisiklet yakal\u0131, arkadan gizli fermuar, \u00f6nden ve kollardan a\u00e7\u0131labilir fermuar detayl\u0131, rahat kal\u0131p fermuar detayl\u0131 ka\u015fe sweatshirt. \u0130\u00c7ER\u0130\u011e\u0130 VE YIKANMASI %76 Polyester %24 Viskon Kuru temizleme \u00f6nerilir. El ile \u00f6l\u00e7\u00fcmlerde 2-3 cm farkl\u0131l\u0131k g\u00f6sterebilir. Manken Bedeni: S-M Manken \u00d6l\u00e7\u00fcs\u00fc: Boy: 174 cm, G\u00f6\u011f\u00fcs: 78 cm, Bel: 58 cm, Basen: 87 cm<\/p>\n","protected":false},"excerpt":{"rendered":"<p>FERMUAR DETAYLI KA\u015eE ANTRAS\u0130T SWEATSHIRT \u00d6ZELL\u0130KLER\u0130 Bisiklet yakal\u0131, arkadan gizli fermuar, \u00f6nden ve kollardan a\u00e7\u0131labilir fermuar detayl\u0131, rahat kal\u0131p fermuar detayl\u0131 ka\u015fe sweatshirt. \u0130\u00c7ER\u0130\u011e\u0130 VE YIKANMASI %76 Polyester %24 Viskon Kuru temizleme \u00f6nerilir. El ile \u00f6l\u00e7\u00fcmlerde 2-3 cm farkl\u0131l\u0131k g\u00f6sterebilir. Manken Bedeni: S-M Manken \u00d6l\u00e7\u00fcs\u00fc: Boy: 174 cm, G\u00f6\u011f\u00fcs: 78 cm, Bel: 58 cm, Basen: 87 cm<\/p>\n","protected":false},"featured_media":29362,"comment_status":"open","ping_status":"closed","template":"","meta":[],"product_brand":[],"product_cat":[1853],"product_tag":[4390,4321,4389,4114,4391,3290],"class_list":{"0":"post-29370","1":"product","2":"type-product","3":"status-publish","4":"has-post-thumbnail","6":"product_cat-womens-fashion-ar","7":"product_tag-antrasit","8":"product_tag-bisiklet-yakali","9":"product_tag-fermuar-detayli","10":"product_tag-kase","11":"product_tag-rahat-kalip","12":"product_tag-sweatshirt","14":"first","15":"instock","16":"shipping-taxable","17":"purchasable","18":"product-type-variable"},"_links":{"self":[{"href":"http:\/\/mod.wisdar.net\/tr\/wp-json\/wp\/v2\/product\/29370","targetHints":{"allow":["GET"]}}],"collection":[{"href":"http:\/\/mod.wisdar.net\/tr\/wp-json\/wp\/v2\/product"}],"about":[{"href":"http:\/\/mod.wisdar.net\/tr\/wp-json\/wp\/v2\/types\/product"}],"replies":[{"embeddable":true,"href":"http:\/\/mod.wisdar.net\/tr\/wp-json\/wp\/v2\/comments?post=29370"}],"wp:featuredmedia":[{"embeddable":true,"href":"http:\/\/mod.wisdar.net\/tr\/wp-json\/wp\/v2\/media\/29362"}],"wp:attachment":[{"href":"http:\/\/mod.wisdar.net\/tr\/wp-json\/wp\/v2\/media?parent=29370"}],"wp:term":[{"taxonomy":"product_brand","embeddable":true,"href":"http:\/\/mod.wisdar.net\/tr\/wp-json\/wp\/v2\/product_brand?post=29370"},{"taxonomy":"product_cat","embeddable":true,"href":"http:\/\/mod.wisdar.net\/tr\/wp-json\/wp\/v2\/product_cat?post=29370"},{"taxonomy":"product_tag","embeddable":true,"href":"http:\/\/mod.wisdar.net\/tr\/wp-json\/wp\/v2\/product_tag?post=29370"}],"curies":[{"name":"wp","href":"https:\/\/api.w.org\/{rel}","templated":true}]}}