{"id":29639,"date":"2025-11-26T18:05:06","date_gmt":"2025-11-26T18:05:06","guid":{"rendered":"https:\/\/modesthanim.com\/product\/pelerinli-gabardin-takim-lacivert\/"},"modified":"2025-12-17T13:46:30","modified_gmt":"2025-12-17T13:46:30","slug":"pelerinli-gabardin-takim-lacivert","status":"publish","type":"product","link":"http:\/\/mod.wisdar.net\/tr\/urun\/pelerinli-gabardin-takim-lacivert\/","title":{"rendered":"Pelerinli Gabardin Tak\u0131m Lacivert"},"content":{"rendered":"<p>Pelerinli Gabardin Tak\u0131m<br \/>\n\u2022 pelerinli gabardin tak\u0131m   \u2022<br \/>\nRenkler | \u2022lacivert  kahve<br \/>\n* siyah  bordo<br \/>\n1 beden 38\/40<br \/>\n2 beden 42\/44<br \/>\n3 beden 46\/48<br \/>\n4 beden 50\/52 uyumludur<br \/>\n1. S\u0131n\u0131f gabardin Kuma\u015ft\u0131r.<br \/>\nTunik Boy uzunlugu 80cm<br \/>\nPelerin detayl\u0131d\u0131r \u00f6nden fermuarl\u0131d\u0131r<br \/>\nPantolon 105 cm uzunlugunda<br \/>\n\u00d6nden diki\u015f detayl\u0131<br \/>\nYanlarda cepleri mevcuttur<br \/>\n\u00d6nden fermuarl\u0131<br \/>\nArkas\u0131 lastiklidir<\/p>\n","protected":false},"excerpt":{"rendered":"<p>Pelerinli Gabardin Tak\u0131m<br \/>\n\u2022 pelerinli gabardin tak\u0131m   \u2022<br \/>\nRenkler | \u2022lacivert  kahve<br \/>\n* siyah  bordo<br \/>\n1 beden 38\/40<br \/>\n2 beden 42\/44<br \/>\n3 beden 46\/48<br \/>\n4 beden 50\/52 uyumludur<br \/>\n1. S\u0131n\u0131f gabardin Kuma\u015ft\u0131r.<br \/>\nTunik Boy uzunlugu 80cm<br \/>\nPelerin detayl\u0131d\u0131r \u00f6nden fermuarl\u0131d\u0131r<br \/>\nPantolon 105 cm uzunlugunda<br \/>\n\u00d6nden diki\u015f detayl\u0131<br \/>\nYanlarda cepleri mevcuttur<br \/>\n\u00d6nden fermuarl\u0131<br \/>\nArkas\u0131 lastiklidir<\/p>\n","protected":false},"featured_media":29634,"comment_status":"open","ping_status":"closed","template":"","meta":[],"product_brand":[],"product_cat":[1853],"product_tag":[3247,3155,3005],"class_list":{"0":"post-29639","1":"product","2":"type-product","3":"status-publish","4":"has-post-thumbnail","6":"product_cat-womens-fashion-ar","7":"product_tag-cape","8":"product_tag-gabardine","9":"product_tag-navy-blue","10":"pa_color-lacivert","12":"first","13":"instock","14":"shipping-taxable","15":"purchasable","16":"product-type-variable"},"_links":{"self":[{"href":"http:\/\/mod.wisdar.net\/tr\/wp-json\/wp\/v2\/product\/29639","targetHints":{"allow":["GET"]}}],"collection":[{"href":"http:\/\/mod.wisdar.net\/tr\/wp-json\/wp\/v2\/product"}],"about":[{"href":"http:\/\/mod.wisdar.net\/tr\/wp-json\/wp\/v2\/types\/product"}],"replies":[{"embeddable":true,"href":"http:\/\/mod.wisdar.net\/tr\/wp-json\/wp\/v2\/comments?post=29639"}],"wp:featuredmedia":[{"embeddable":true,"href":"http:\/\/mod.wisdar.net\/tr\/wp-json\/wp\/v2\/media\/29634"}],"wp:attachment":[{"href":"http:\/\/mod.wisdar.net\/tr\/wp-json\/wp\/v2\/media?parent=29639"}],"wp:term":[{"taxonomy":"product_brand","embeddable":true,"href":"http:\/\/mod.wisdar.net\/tr\/wp-json\/wp\/v2\/product_brand?post=29639"},{"taxonomy":"product_cat","embeddable":true,"href":"http:\/\/mod.wisdar.net\/tr\/wp-json\/wp\/v2\/product_cat?post=29639"},{"taxonomy":"product_tag","embeddable":true,"href":"http:\/\/mod.wisdar.net\/tr\/wp-json\/wp\/v2\/product_tag?post=29639"}],"curies":[{"name":"wp","href":"https:\/\/api.w.org\/{rel}","templated":true}]}}