{"id":40278,"date":"2025-12-15T18:54:45","date_gmt":"2025-12-15T18:54:45","guid":{"rendered":"https:\/\/modesthanim.com\/product\/haz-dugmeli-kaban-antrasit\/"},"modified":"2026-04-02T21:05:21","modified_gmt":"2026-04-02T21:05:21","slug":"haz-dugmeli-kaban-antrasit","status":"publish","type":"product","link":"http:\/\/mod.wisdar.net\/tr\/urun\/haz-dugmeli-kaban-antrasit\/","title":{"rendered":"HAZ D\u00dc\u011eMEL\u0130 KABAN Antrasit"},"content":{"rendered":"<p>\u015e\u0131k ve modern tasar\u0131m\u0131yla \u00f6ne \u00e7\u0131kan bu antrasit renkli kaban, kaliteli kuma\u015f\u0131 ve \u00f6zenli i\u015f\u00e7ili\u011fi ile g\u00f6z dolduruyor. HAZ d\u00fc\u011fmeli tasar\u0131m\u0131 sayesinde kolayca giyip \u00e7\u0131karabilir, her t\u00fcrl\u00fc hava ko\u015fulunda \u015f\u0131kl\u0131\u011f\u0131n\u0131zdan \u00f6d\u00fcn vermeden korunabilirsiniz. G\u00fcnl\u00fck kullan\u0131mda rahatl\u0131k, \u00f6zel g\u00fcnlerde ise zarafet vaat eden bu kaban, gard\u0131robunuzun vazge\u00e7ilmez par\u00e7alar\u0131ndan biri olmaya aday.<\/p>\n","protected":false},"excerpt":{"rendered":"<p>\u015e\u0131k ve modern tasar\u0131m\u0131yla \u00f6ne \u00e7\u0131kan bu antrasit renkli kaban, kaliteli kuma\u015f\u0131 ve \u00f6zenli i\u015f\u00e7ili\u011fi ile g\u00f6z dolduruyor. HAZ d\u00fc\u011fmeli tasar\u0131m\u0131 sayesinde kolayca giyip \u00e7\u0131karabilir, her t\u00fcrl\u00fc hava ko\u015fulunda \u015f\u0131kl\u0131\u011f\u0131n\u0131zdan \u00f6d\u00fcn vermeden korunabilirsiniz. G\u00fcnl\u00fck kullan\u0131mda rahatl\u0131k, \u00f6zel g\u00fcnlerde ise zarafet vaat eden bu kaban, gard\u0131robunuzun vazge\u00e7ilmez par\u00e7alar\u0131ndan biri olmaya aday.<\/p>\n","protected":false},"featured_media":40275,"comment_status":"open","ping_status":"closed","template":"","meta":[],"product_brand":[],"product_cat":[2047],"product_tag":[],"class_list":{"0":"post-40278","1":"product","2":"type-product","3":"status-publish","4":"has-post-thumbnail","6":"product_cat-paltolar","7":"pa_brand-markasiz","8":"pa_color-antrasit","9":"pa_size-l","10":"pa_size-m","11":"pa_size-s","12":"pa_size-xl","14":"first","15":"outofstock","16":"shipping-taxable","17":"product-type-variable"},"_links":{"self":[{"href":"http:\/\/mod.wisdar.net\/tr\/wp-json\/wp\/v2\/product\/40278","targetHints":{"allow":["GET"]}}],"collection":[{"href":"http:\/\/mod.wisdar.net\/tr\/wp-json\/wp\/v2\/product"}],"about":[{"href":"http:\/\/mod.wisdar.net\/tr\/wp-json\/wp\/v2\/types\/product"}],"replies":[{"embeddable":true,"href":"http:\/\/mod.wisdar.net\/tr\/wp-json\/wp\/v2\/comments?post=40278"}],"wp:featuredmedia":[{"embeddable":true,"href":"http:\/\/mod.wisdar.net\/tr\/wp-json\/wp\/v2\/media\/40275"}],"wp:attachment":[{"href":"http:\/\/mod.wisdar.net\/tr\/wp-json\/wp\/v2\/media?parent=40278"}],"wp:term":[{"taxonomy":"product_brand","embeddable":true,"href":"http:\/\/mod.wisdar.net\/tr\/wp-json\/wp\/v2\/product_brand?post=40278"},{"taxonomy":"product_cat","embeddable":true,"href":"http:\/\/mod.wisdar.net\/tr\/wp-json\/wp\/v2\/product_cat?post=40278"},{"taxonomy":"product_tag","embeddable":true,"href":"http:\/\/mod.wisdar.net\/tr\/wp-json\/wp\/v2\/product_tag?post=40278"}],"curies":[{"name":"wp","href":"https:\/\/api.w.org\/{rel}","templated":true}]}}