{"id":44920,"date":"2025-12-18T11:54:05","date_gmt":"2025-12-18T11:54:05","guid":{"rendered":"https:\/\/modesthanim.com\/product\/temel-palto-aci-kahverengi\/"},"modified":"2026-04-03T05:51:22","modified_gmt":"2026-04-03T05:51:22","slug":"temel-palto-aci-kahverengi","status":"publish","type":"product","link":"http:\/\/mod.wisdar.net\/tr\/urun\/temel-palto-aci-kahverengi\/","title":{"rendered":"Temel Palto Ac\u0131 Kahverengi"},"content":{"rendered":"<p>%100 akrilik kuma\u015ftan \u00fcretilen bu temel palto, s\u0131cak ve konforlu dokusu sayesinde rahatl\u0131\u011f\u0131 zarif bir sadelikle birle\u015ftirir. Akrilik lifler, hafif kal\u0131rken y\u00fcn benzeri bir yumu\u015fakl\u0131k sunarak g\u00fcnl\u00fck kullan\u0131m i\u00e7in ideal bir se\u00e7enektir. Dayan\u0131kl\u0131 ve formunu koruyan yap\u0131s\u0131 uzun \u00f6m\u00fcrl\u00fc kullan\u0131m sa\u011flar.<br \/>\nMinimal ve zamans\u0131z tasar\u0131m\u0131yla bu palto, hem \u015fehir hem de g\u00fcnl\u00fck tarzlar\u0131 kolayca tamamlar. Bol kesimli bir fit sunar; ancak daha az rahat bir siluet tercih ediyorsan\u0131z, bir beden k\u00fc\u00e7\u00fck se\u00e7meyi d\u00fc\u015f\u00fcnebilirsiniz.<br \/>\nBak\u0131m talimatlar\u0131: Kuru temizleme \u00f6nerilir. D\u00fc\u015f\u00fck s\u0131cakl\u0131kta \u00fct\u00fcleyin. \u00c7anta ve aksesuarlardan kaynaklanan s\u00fcrt\u00fcnmeyi \u00f6nlemek i\u00e7in \u00f6zenle kullan\u0131n.<\/p>\n<p>Uzunluk: 75 cm (\u00dcr\u00fcn uzunlu\u011fu \u00fcretim partileri aras\u0131nda 1-5 cm farkl\u0131l\u0131k g\u00f6sterebilir.)<\/p>\n<p>Beden Tablosu:<br \/>\nG\u00f6\u011f\u00fcs Kal\u00e7a Kol Bilek<\/p>\n<p>Beden 36: 118 cm 118 cm 60 cm 46 cm<\/p>\n<p>Beden 38: 122 cm 122 cm 61 cm 48 cm<\/p>\n<p>Beden 40: 126 cm 126 cm 62 cm 50 cm<\/p>\n<p>Beden 42: 130 cm 130 cm 63 cm 52 cm<\/p>\n<p>Modelin \u00d6l\u00e7\u00fcleri: Boy: 176 cm G\u00f6\u011f\u00fcs: 80 cm Bel: 60 cm Kal\u00e7a: 90 cm Modelin Giyilen Bedeni: 36<\/p>\n","protected":false},"excerpt":{"rendered":"<p>%100 akrilik kuma\u015ftan \u00fcretilen bu temel palto, s\u0131cak ve konforlu dokusu sayesinde rahatl\u0131\u011f\u0131 zarif bir sadelikle birle\u015ftirir. Akrilik lifler, hafif kal\u0131rken y\u00fcn benzeri bir yumu\u015fakl\u0131k sunarak g\u00fcnl\u00fck kullan\u0131m i\u00e7in ideal bir se\u00e7enektir. Dayan\u0131kl\u0131 ve formunu koruyan yap\u0131s\u0131 uzun \u00f6m\u00fcrl\u00fc kullan\u0131m sa\u011flar.<br \/>\nMinimal ve zamans\u0131z tasar\u0131m\u0131yla bu palto, hem \u015fehir hem de g\u00fcnl\u00fck tarzlar\u0131 kolayca tamamlar. Bol kesimli bir fit sunar; ancak daha az rahat bir siluet tercih ediyorsan\u0131z, bir beden k\u00fc\u00e7\u00fck se\u00e7meyi d\u00fc\u015f\u00fcnebilirsiniz.<br \/>\nBak\u0131m talimatlar\u0131: Kuru temizleme \u00f6nerilir. D\u00fc\u015f\u00fck s\u0131cakl\u0131kta \u00fct\u00fcleyin. \u00c7anta ve aksesuarlardan kaynaklanan s\u00fcrt\u00fcnmeyi \u00f6nlemek i\u00e7in \u00f6zenle kullan\u0131n.<\/p>\n<p>Uzunluk: 75 cm (\u00dcr\u00fcn uzunlu\u011fu \u00fcretim partileri aras\u0131nda 1-5 cm farkl\u0131l\u0131k g\u00f6sterebilir.)<\/p>\n<p>Beden Tablosu:<br \/>\nG\u00f6\u011f\u00fcs Kal\u00e7a Kol Bilek<\/p>\n<p>Beden 36: 118 cm 118 cm 60 cm 46 cm<\/p>\n<p>Beden 38: 122 cm 122 cm 61 cm 48 cm<\/p>\n<p>Beden 40: 126 cm 126 cm 62 cm 50 cm<\/p>\n<p>Beden 42: 130 cm 130 cm 63 cm 52 cm<\/p>\n<p>Modelin \u00d6l\u00e7\u00fcleri: Boy: 176 cm G\u00f6\u011f\u00fcs: 80 cm Bel: 60 cm Kal\u00e7a: 90 cm Modelin Giyilen Bedeni: 36<\/p>\n","protected":false},"featured_media":44916,"comment_status":"open","ping_status":"closed","template":"","meta":[],"product_brand":[],"product_cat":[2047],"product_tag":[],"class_list":{"0":"post-44920","1":"product","2":"type-product","3":"status-publish","4":"has-post-thumbnail","6":"product_cat-paltolar","7":"pa_brand-he-qa","8":"pa_color-aci-kahve-1","9":"pa_size-4701","10":"pa_size-4706","11":"pa_size-4711","12":"pa_size-4713","14":"first","15":"instock","16":"sale","17":"shipping-taxable","18":"purchasable","19":"product-type-variable"},"_links":{"self":[{"href":"http:\/\/mod.wisdar.net\/tr\/wp-json\/wp\/v2\/product\/44920","targetHints":{"allow":["GET"]}}],"collection":[{"href":"http:\/\/mod.wisdar.net\/tr\/wp-json\/wp\/v2\/product"}],"about":[{"href":"http:\/\/mod.wisdar.net\/tr\/wp-json\/wp\/v2\/types\/product"}],"replies":[{"embeddable":true,"href":"http:\/\/mod.wisdar.net\/tr\/wp-json\/wp\/v2\/comments?post=44920"}],"wp:featuredmedia":[{"embeddable":true,"href":"http:\/\/mod.wisdar.net\/tr\/wp-json\/wp\/v2\/media\/44916"}],"wp:attachment":[{"href":"http:\/\/mod.wisdar.net\/tr\/wp-json\/wp\/v2\/media?parent=44920"}],"wp:term":[{"taxonomy":"product_brand","embeddable":true,"href":"http:\/\/mod.wisdar.net\/tr\/wp-json\/wp\/v2\/product_brand?post=44920"},{"taxonomy":"product_cat","embeddable":true,"href":"http:\/\/mod.wisdar.net\/tr\/wp-json\/wp\/v2\/product_cat?post=44920"},{"taxonomy":"product_tag","embeddable":true,"href":"http:\/\/mod.wisdar.net\/tr\/wp-json\/wp\/v2\/product_tag?post=44920"}],"curies":[{"name":"wp","href":"https:\/\/api.w.org\/{rel}","templated":true}]}}