{"id":46230,"date":"2025-12-18T13:00:46","date_gmt":"2025-12-18T13:00:46","guid":{"rendered":"https:\/\/modesthanim.com\/product\/ince-kase-kruvaze-ceket-bordo\/"},"modified":"2026-04-03T06:20:56","modified_gmt":"2026-04-03T06:20:56","slug":"ince-kase-kruvaze-ceket-bordo","status":"publish","type":"product","link":"http:\/\/mod.wisdar.net\/tr\/urun\/ince-kase-kruvaze-ceket-bordo\/","title":{"rendered":"\u0130nce Ka\u015fe Kruvaze Ceket Bordo"},"content":{"rendered":"<p>%64 polyester, %33 viskon ve %3 lycra kar\u0131\u015f\u0131ml\u0131 kuma\u015ftan \u00fcretilen ince ka\u015fe kruvaze ceket, zarif g\u00f6r\u00fcn\u00fcm\u00fcyle modern \u015f\u0131kl\u0131\u011f\u0131 yans\u0131t\u0131r.<br \/>\nPolyester i\u00e7eri\u011fi kuma\u015fa dayan\u0131kl\u0131l\u0131k ve form koruyuculu\u011fu kazand\u0131r\u0131rken, viskon lifi yumu\u015fak dokusu ve do\u011fal d\u00f6k\u00fcml\u00fcl\u00fc\u011f\u00fcyle zarafet hissi yarat\u0131r. Lycra katk\u0131s\u0131 ise esneklik sa\u011flayarak hareket konforunu art\u0131r\u0131r.\u0130nce ka\u015fe dokusu sayesinde hem \u015fehir ya\u015fam\u0131nda hem de ofis stilinde \u015f\u0131k bir g\u00f6r\u00fcn\u00fcm sunar. Zamans\u0131z tasar\u0131m\u0131yla gard\u0131robun vazge\u00e7ilmez par\u00e7alar\u0131ndan biri olup, konforu ve stili bir arada sunar.<br \/>\nOversize kal\u0131ptad\u0131r; rahat formu ile konforlu ve \u015f\u0131k bir kullan\u0131m deneyimi sa\u011flar. Daha fit bir duru\u015f tercih ediyorsan\u0131z, bir beden k\u00fc\u00e7\u00fck alman\u0131z \u00f6nerilir.Bak\u0131m \u00d6nerisi: Kuru temizleme \u00f6nerilir. D\u00fc\u015f\u00fck \u0131s\u0131da \u00fct\u00fcleyiniz.<br \/>\nBoy: 77 cm\u00a0(\u00dcr\u00fcn boyu \u00fcretimler aras\u0131 1-5 cm de\u011fi\u015febilir.)<\/p>\n<p>Kal\u0131p Bilgisi:<br \/>\nG\u00f6\u011f\u00fcs<br \/>\nBasen<br \/>\nKol Boyu<br \/>\nPazu<\/p>\n<p>36 Beden:\u00a0<br \/>\n120 cm\u00a0<br \/>\n120 cm\u00a0<br \/>\n62 cm\u00a0<br \/>\n41 cm\u00a0<\/p>\n<p>38 Beden:\u00a0<br \/>\n124 cm\u00a0<br \/>\n124 cm\u00a0<br \/>\n63 cm\u00a0<br \/>\n43 cm\u00a0<\/p>\n<p>40 Beden:\u00a0<br \/>\n128 cm\u00a0<br \/>\n128 cm\u00a0<br \/>\n64 cm\u00a0<br \/>\n45 cm\u00a0<\/p>\n<p>42 Beden:\u00a0<br \/>\n132 cm\u00a0<br \/>\n132 cm\u00a0<br \/>\n65 cm\u00a0<br \/>\n47 cm\u00a0<\/p>\n<p>Manken \u00d6l\u00e7\u00fcleri:Boy: 176 cmG\u00f6\u011f\u00fcs: 80 cmBel: 60 cmBasen: 90 cmMankenin \u00dczerindeki Beden: 36\u00a0<\/p>\n","protected":false},"excerpt":{"rendered":"<p>%64 polyester, %33 viskon ve %3 lycra kar\u0131\u015f\u0131ml\u0131 kuma\u015ftan \u00fcretilen ince ka\u015fe kruvaze ceket, zarif g\u00f6r\u00fcn\u00fcm\u00fcyle modern \u015f\u0131kl\u0131\u011f\u0131 yans\u0131t\u0131r.<br \/>\nPolyester i\u00e7eri\u011fi kuma\u015fa dayan\u0131kl\u0131l\u0131k ve form koruyuculu\u011fu kazand\u0131r\u0131rken, viskon lifi yumu\u015fak dokusu ve do\u011fal d\u00f6k\u00fcml\u00fcl\u00fc\u011f\u00fcyle zarafet hissi yarat\u0131r. Lycra katk\u0131s\u0131 ise esneklik sa\u011flayarak hareket konforunu art\u0131r\u0131r.\u0130nce ka\u015fe dokusu sayesinde hem \u015fehir ya\u015fam\u0131nda hem de ofis stilinde \u015f\u0131k bir g\u00f6r\u00fcn\u00fcm sunar. Zamans\u0131z tasar\u0131m\u0131yla gard\u0131robun vazge\u00e7ilmez par\u00e7alar\u0131ndan biri olup, konforu ve stili bir arada sunar.<br \/>\nOversize kal\u0131ptad\u0131r; rahat formu ile konforlu ve \u015f\u0131k bir kullan\u0131m deneyimi sa\u011flar. Daha fit bir duru\u015f tercih ediyorsan\u0131z, bir beden k\u00fc\u00e7\u00fck alman\u0131z \u00f6nerilir.Bak\u0131m \u00d6nerisi: Kuru temizleme \u00f6nerilir. D\u00fc\u015f\u00fck \u0131s\u0131da \u00fct\u00fcleyiniz.<br \/>\nBoy: 77 cm\u00a0(\u00dcr\u00fcn boyu \u00fcretimler aras\u0131 1-5 cm de\u011fi\u015febilir.)<\/p>\n<p>Kal\u0131p Bilgisi:<br \/>\nG\u00f6\u011f\u00fcs<br \/>\nBasen<br \/>\nKol Boyu<br \/>\nPazu<\/p>\n<p>36 Beden:\u00a0<br \/>\n120 cm\u00a0<br \/>\n120 cm\u00a0<br \/>\n62 cm\u00a0<br \/>\n41 cm\u00a0<\/p>\n<p>38 Beden:\u00a0<br \/>\n124 cm\u00a0<br \/>\n124 cm\u00a0<br \/>\n63 cm\u00a0<br \/>\n43 cm\u00a0<\/p>\n<p>40 Beden:\u00a0<br \/>\n128 cm\u00a0<br \/>\n128 cm\u00a0<br \/>\n64 cm\u00a0<br \/>\n45 cm\u00a0<\/p>\n<p>42 Beden:\u00a0<br \/>\n132 cm\u00a0<br \/>\n132 cm\u00a0<br \/>\n65 cm\u00a0<br \/>\n47 cm\u00a0<\/p>\n<p>Manken \u00d6l\u00e7\u00fcleri:Boy: 176 cmG\u00f6\u011f\u00fcs: 80 cmBel: 60 cmBasen: 90 cmMankenin \u00dczerindeki Beden: 36\u00a0<\/p>\n","protected":false},"featured_media":46225,"comment_status":"open","ping_status":"closed","template":"","meta":[],"product_brand":[],"product_cat":[2044],"product_tag":[],"class_list":{"0":"post-46230","1":"product","2":"type-product","3":"status-publish","4":"has-post-thumbnail","6":"product_cat-ceketler","7":"pa_brand-he-qa","8":"pa_color-bordo","9":"pa_size-4701","10":"pa_size-4706","11":"pa_size-4711","12":"pa_size-4713","14":"first","15":"instock","16":"sale","17":"shipping-taxable","18":"purchasable","19":"product-type-variable"},"_links":{"self":[{"href":"http:\/\/mod.wisdar.net\/tr\/wp-json\/wp\/v2\/product\/46230","targetHints":{"allow":["GET"]}}],"collection":[{"href":"http:\/\/mod.wisdar.net\/tr\/wp-json\/wp\/v2\/product"}],"about":[{"href":"http:\/\/mod.wisdar.net\/tr\/wp-json\/wp\/v2\/types\/product"}],"replies":[{"embeddable":true,"href":"http:\/\/mod.wisdar.net\/tr\/wp-json\/wp\/v2\/comments?post=46230"}],"wp:featuredmedia":[{"embeddable":true,"href":"http:\/\/mod.wisdar.net\/tr\/wp-json\/wp\/v2\/media\/46225"}],"wp:attachment":[{"href":"http:\/\/mod.wisdar.net\/tr\/wp-json\/wp\/v2\/media?parent=46230"}],"wp:term":[{"taxonomy":"product_brand","embeddable":true,"href":"http:\/\/mod.wisdar.net\/tr\/wp-json\/wp\/v2\/product_brand?post=46230"},{"taxonomy":"product_cat","embeddable":true,"href":"http:\/\/mod.wisdar.net\/tr\/wp-json\/wp\/v2\/product_cat?post=46230"},{"taxonomy":"product_tag","embeddable":true,"href":"http:\/\/mod.wisdar.net\/tr\/wp-json\/wp\/v2\/product_tag?post=46230"}],"curies":[{"name":"wp","href":"https:\/\/api.w.org\/{rel}","templated":true}]}}