{"id":48674,"date":"2025-12-20T17:22:30","date_gmt":"2025-12-20T17:22:30","guid":{"rendered":"https:\/\/modesthanim.com\/product\/spor-kesim-deri-ceket-kemik\/"},"modified":"2026-04-03T05:00:43","modified_gmt":"2026-04-03T05:00:43","slug":"spor-kesim-deri-ceket-kemik","status":"publish","type":"product","link":"http:\/\/mod.wisdar.net\/tr\/urun\/spor-kesim-deri-ceket-kemik\/","title":{"rendered":"Spor Kesim Deri Ceket Kemik"},"content":{"rendered":"<p>Suni deri ile \u00fcretilen bu spor kesim ceket, dayan\u0131kl\u0131l\u0131k ve konforu bir arada sunar. Rahat kal\u0131b\u0131 sayesinde g\u00fcn boyu \u00f6zg\u00fcrce kullan\u0131labilir; hafif yap\u0131s\u0131yla g\u00fcnl\u00fck \u015fehir hayat\u0131nda kolayl\u0131k sa\u011flar. Sezonun trend renkleriyle haz\u0131rlatt\u0131\u011f\u0131m\u0131z bu deri ceketleri dilerseniz rahat kesim deri pantolon&#8217;larla kombinleyerek tak\u0131m g\u00f6r\u00fcn\u00fcm\u00fc olu\u015fturabilirsiniz. \u00dcr\u00fcn bol kal\u0131pt\u0131r. Model \u00fczerindeki kadar bol g\u00f6r\u00fcn\u00fcm sevmeyenler bir beden k\u00fc\u00e7\u00fck tercih edebilir. Bak\u0131m \u00f6nerisi: Kuru Temizleme \u00d6nerilir. Boy: 72 cm (\u00dcr\u00fcn boyu \u00fcretimler aras\u0131 1-5 cm de\u011fi\u015febilir.) Kal\u0131p Bilgisi: G\u00f6\u011f\u00fcs Basen Kol Boyu Pazu S Beden: 121 cm 136 cm 52 cm 42 cm M Beden: 125 cm 140 cm 53 cm 44 cm L Beden: 129 cm 142 cm 54 cm 46 cm Manken \u00d6l\u00e7\u00fcleri: Boy: 174 cm G\u00f6\u011f\u00fcs: 83 cm Bel: 60 cm Basen: 90 cm Mankenin \u00dczerindeki Beden: S<\/p>\n","protected":false},"excerpt":{"rendered":"<p>Suni deri ile \u00fcretilen bu spor kesim ceket, dayan\u0131kl\u0131l\u0131k ve konforu bir arada sunar. Rahat kal\u0131b\u0131 sayesinde g\u00fcn boyu \u00f6zg\u00fcrce kullan\u0131labilir; hafif yap\u0131s\u0131yla g\u00fcnl\u00fck \u015fehir hayat\u0131nda kolayl\u0131k sa\u011flar. Sezonun trend renkleriyle haz\u0131rlatt\u0131\u011f\u0131m\u0131z bu deri ceketleri dilerseniz rahat kesim deri pantolon&#8217;larla kombinleyerek tak\u0131m g\u00f6r\u00fcn\u00fcm\u00fc olu\u015fturabilirsiniz. \u00dcr\u00fcn bol kal\u0131pt\u0131r. Model \u00fczerindeki kadar bol g\u00f6r\u00fcn\u00fcm sevmeyenler bir beden k\u00fc\u00e7\u00fck tercih edebilir. Bak\u0131m \u00f6nerisi: Kuru Temizleme \u00d6nerilir. Boy: 72 cm (\u00dcr\u00fcn boyu \u00fcretimler aras\u0131 1-5 cm de\u011fi\u015febilir.) Kal\u0131p Bilgisi: G\u00f6\u011f\u00fcs Basen Kol Boyu Pazu S Beden: 121 cm 136 cm 52 cm 42 cm M Beden: 125 cm 140 cm 53 cm 44 cm L Beden: 129 cm 142 cm 54 cm 46 cm Manken \u00d6l\u00e7\u00fcleri: Boy: 174 cm G\u00f6\u011f\u00fcs: 83 cm Bel: 60 cm Basen: 90 cm Mankenin \u00dczerindeki Beden: S<\/p>\n","protected":false},"featured_media":48666,"comment_status":"open","ping_status":"closed","template":"","meta":[],"product_brand":[],"product_cat":[2044],"product_tag":[],"class_list":{"0":"post-48674","1":"product","2":"type-product","3":"status-publish","4":"has-post-thumbnail","6":"product_cat-ceketler","7":"pa_brand-he-qa","8":"pa_color-bone","9":"pa_size-l","10":"pa_size-m","11":"pa_size-s","13":"first","14":"instock","15":"sale","16":"shipping-taxable","17":"purchasable","18":"product-type-variable"},"_links":{"self":[{"href":"http:\/\/mod.wisdar.net\/tr\/wp-json\/wp\/v2\/product\/48674","targetHints":{"allow":["GET"]}}],"collection":[{"href":"http:\/\/mod.wisdar.net\/tr\/wp-json\/wp\/v2\/product"}],"about":[{"href":"http:\/\/mod.wisdar.net\/tr\/wp-json\/wp\/v2\/types\/product"}],"replies":[{"embeddable":true,"href":"http:\/\/mod.wisdar.net\/tr\/wp-json\/wp\/v2\/comments?post=48674"}],"wp:featuredmedia":[{"embeddable":true,"href":"http:\/\/mod.wisdar.net\/tr\/wp-json\/wp\/v2\/media\/48666"}],"wp:attachment":[{"href":"http:\/\/mod.wisdar.net\/tr\/wp-json\/wp\/v2\/media?parent=48674"}],"wp:term":[{"taxonomy":"product_brand","embeddable":true,"href":"http:\/\/mod.wisdar.net\/tr\/wp-json\/wp\/v2\/product_brand?post=48674"},{"taxonomy":"product_cat","embeddable":true,"href":"http:\/\/mod.wisdar.net\/tr\/wp-json\/wp\/v2\/product_cat?post=48674"},{"taxonomy":"product_tag","embeddable":true,"href":"http:\/\/mod.wisdar.net\/tr\/wp-json\/wp\/v2\/product_tag?post=48674"}],"curies":[{"name":"wp","href":"https:\/\/api.w.org\/{rel}","templated":true}]}}