{"id":52484,"date":"2025-12-27T16:45:20","date_gmt":"2025-12-27T16:45:20","guid":{"rendered":"https:\/\/modesthanim.com\/product\/simli-kase-citcitli-ceket-tas\/"},"modified":"2026-04-02T21:12:08","modified_gmt":"2026-04-02T21:12:08","slug":"simli-kase-citcitli-ceket-tas","status":"publish","type":"product","link":"http:\/\/mod.wisdar.net\/tr\/urun\/simli-kase-citcitli-ceket-tas\/","title":{"rendered":"Simli Ka\u015fe \u00c7\u0131t\u00e7\u0131tl\u0131 Ceket \u2013 Ta\u015f"},"content":{"rendered":"<p>\u00dcr\u00fcn \u00d6zellikleri<\/p>\n<p>\tKuma\u015f T\u00fcr\u00fc: Simli ka\u015fe<\/p>\n<p>\t\u0130\u00e7erik: %100 PES<\/p>\n<p>\tBoy: 76 cm<\/p>\n<p>\tKal\u0131p: Rahat fit<\/p>\n<p>\tDetay: Ku\u015fakl\u0131 bel, d\u00fc\u011fmeli kapan\u0131\u015f, cepli tasar\u0131m<\/p>\n<p>\tAstar: Astars\u0131z<\/p>\n<p>\u00dcr\u00fcn A\u00e7\u0131klamas\u0131<\/p>\n<p>Modern zarafeti sade \u00e7izgilerle bulu\u015fturan Simli Ka\u015fe Ku\u015fakl\u0131 Kaban, k\u0131\u015f stiline sofistike bir dokunu\u015f kat\u0131yor.<\/p>\n<p>\u0130nce simli dokusu sayesinde \u0131\u015f\u0131\u011f\u0131 zarif\u00e7e yans\u0131tan kuma\u015f\u0131, minimal tasar\u0131m\u0131yla kusursuz bir denge olu\u015fturur.<\/p>\n<p>Belden ba\u011flamal\u0131 ku\u015fak detay\u0131, silueti vurgularken; 76 cm boyu g\u00fcnl\u00fck ve \u00f6zel kombinlerde rahat kullan\u0131m sunar.<\/p>\n<p>%100 PES i\u00e7eri\u011fi sayesinde formunu korur, uzun s\u00fcre ilk g\u00fcnk\u00fc g\u00f6r\u00fcn\u00fcm\u00fcn\u00fc muhafaza eder.<\/p>\n<p>So\u011fuk g\u00fcnlerde sade \u015f\u0131kl\u0131\u011f\u0131n en iddial\u0131 hali.<\/p>\n","protected":false},"excerpt":{"rendered":"<p>\u00dcr\u00fcn \u00d6zellikleri<\/p>\n<p>\tKuma\u015f T\u00fcr\u00fc: Simli ka\u015fe<\/p>\n<p>\t\u0130\u00e7erik: %100 PES<\/p>\n<p>\tBoy: 76 cm<\/p>\n<p>\tKal\u0131p: Rahat fit<\/p>\n<p>\tDetay: Ku\u015fakl\u0131 bel, d\u00fc\u011fmeli kapan\u0131\u015f, cepli tasar\u0131m<\/p>\n<p>\tAstar: Astars\u0131z<\/p>\n<p>\u00dcr\u00fcn A\u00e7\u0131klamas\u0131<\/p>\n<p>Modern zarafeti sade \u00e7izgilerle bulu\u015fturan Simli Ka\u015fe Ku\u015fakl\u0131 Kaban, k\u0131\u015f stiline sofistike bir dokunu\u015f kat\u0131yor.<\/p>\n<p>\u0130nce simli dokusu sayesinde \u0131\u015f\u0131\u011f\u0131 zarif\u00e7e yans\u0131tan kuma\u015f\u0131, minimal tasar\u0131m\u0131yla kusursuz bir denge olu\u015fturur.<\/p>\n<p>Belden ba\u011flamal\u0131 ku\u015fak detay\u0131, silueti vurgularken; 76 cm boyu g\u00fcnl\u00fck ve \u00f6zel kombinlerde rahat kullan\u0131m sunar.<\/p>\n<p>%100 PES i\u00e7eri\u011fi sayesinde formunu korur, uzun s\u00fcre ilk g\u00fcnk\u00fc g\u00f6r\u00fcn\u00fcm\u00fcn\u00fc muhafaza eder.<\/p>\n<p>So\u011fuk g\u00fcnlerde sade \u015f\u0131kl\u0131\u011f\u0131n en iddial\u0131 hali.<\/p>\n","protected":false},"featured_media":52480,"comment_status":"open","ping_status":"closed","template":"","meta":[],"product_brand":[],"product_cat":[2044],"product_tag":[7929,8396,6311],"class_list":{"0":"post-52484","1":"product","2":"type-product","3":"status-publish","4":"has-post-thumbnail","6":"product_cat-ceketler","7":"product_tag-kadin-ceket","8":"product_tag-tas-rengi","9":"product_tag-winter-coat","10":"pa_brand-ahel","11":"pa_color-tas","12":"pa_size-4446","13":"pa_size-4463","15":"first","16":"outofstock","17":"shipping-taxable","18":"product-type-variable"},"_links":{"self":[{"href":"http:\/\/mod.wisdar.net\/tr\/wp-json\/wp\/v2\/product\/52484","targetHints":{"allow":["GET"]}}],"collection":[{"href":"http:\/\/mod.wisdar.net\/tr\/wp-json\/wp\/v2\/product"}],"about":[{"href":"http:\/\/mod.wisdar.net\/tr\/wp-json\/wp\/v2\/types\/product"}],"replies":[{"embeddable":true,"href":"http:\/\/mod.wisdar.net\/tr\/wp-json\/wp\/v2\/comments?post=52484"}],"wp:featuredmedia":[{"embeddable":true,"href":"http:\/\/mod.wisdar.net\/tr\/wp-json\/wp\/v2\/media\/52480"}],"wp:attachment":[{"href":"http:\/\/mod.wisdar.net\/tr\/wp-json\/wp\/v2\/media?parent=52484"}],"wp:term":[{"taxonomy":"product_brand","embeddable":true,"href":"http:\/\/mod.wisdar.net\/tr\/wp-json\/wp\/v2\/product_brand?post=52484"},{"taxonomy":"product_cat","embeddable":true,"href":"http:\/\/mod.wisdar.net\/tr\/wp-json\/wp\/v2\/product_cat?post=52484"},{"taxonomy":"product_tag","embeddable":true,"href":"http:\/\/mod.wisdar.net\/tr\/wp-json\/wp\/v2\/product_tag?post=52484"}],"curies":[{"name":"wp","href":"https:\/\/api.w.org\/{rel}","templated":true}]}}