{"id":54961,"date":"2025-12-28T03:08:33","date_gmt":"2025-12-28T03:08:33","guid":{"rendered":"https:\/\/modesthanim.com\/product\/sari-katmanli-firfirli-etek\/"},"modified":"2026-02-09T14:41:00","modified_gmt":"2026-02-09T14:41:00","slug":"sari-katmanli-firfirli-etek","status":"publish","type":"product","link":"http:\/\/mod.wisdar.net\/tr\/urun\/sari-katmanli-firfirli-etek\/","title":{"rendered":"Sar\u0131 Katmanl\u0131 F\u0131rf\u0131rl\u0131 Etek"},"content":{"rendered":"<p>D\u00fcz kemerli bel, fermuar kapatma ve katmanl\u0131 f\u0131rf\u0131rl\u0131 paneller ile bu ince dokuma kuma\u015f etek astarl\u0131d\u0131r ve maxi boydad\u0131r.<br \/>\nBEDEN 36 Uzunluk: 96 cm, Kal\u00e7a: 46 cm, Bel: 35 cm.<br \/>\nBEDEN 38 Uzunluk: 97 cm, Kal\u00e7a: 49 cm, Bel: 37 cm.<br \/>\nBEDEN 40 Uzunluk: 98 cm, Kal\u00e7a: 51 cm, Bel: 38 cm.<\/p>\n","protected":false},"excerpt":{"rendered":"<p>D\u00fcz kemerli bel, fermuar kapatma ve katmanl\u0131 f\u0131rf\u0131rl\u0131 paneller ile bu ince dokuma kuma\u015f etek astarl\u0131d\u0131r ve maxi boydad\u0131r. BEDEN 36 Uzunluk: 96 cm, Kal\u00e7a: 46 cm, Bel: 35 cm. BEDEN 38 Uzunluk: 97 cm, Kal\u00e7a: 49 cm, Bel: 37 cm. BEDEN 40 Uzunluk: 98 cm, Kal\u00e7a: 51 cm, Bel: 38 cm.<\/p>\n","protected":false},"featured_media":54953,"comment_status":"open","ping_status":"closed","template":"","meta":[],"product_brand":[],"product_cat":[1853],"product_tag":[],"class_list":{"0":"post-54961","1":"product","2":"type-product","3":"status-publish","4":"has-post-thumbnail","6":"product_cat-womens-fashion-ar","8":"first","9":"instock","10":"sale","11":"shipping-taxable","12":"purchasable","13":"product-type-variable"},"_links":{"self":[{"href":"http:\/\/mod.wisdar.net\/tr\/wp-json\/wp\/v2\/product\/54961","targetHints":{"allow":["GET"]}}],"collection":[{"href":"http:\/\/mod.wisdar.net\/tr\/wp-json\/wp\/v2\/product"}],"about":[{"href":"http:\/\/mod.wisdar.net\/tr\/wp-json\/wp\/v2\/types\/product"}],"replies":[{"embeddable":true,"href":"http:\/\/mod.wisdar.net\/tr\/wp-json\/wp\/v2\/comments?post=54961"}],"wp:featuredmedia":[{"embeddable":true,"href":"http:\/\/mod.wisdar.net\/tr\/wp-json\/wp\/v2\/media\/54953"}],"wp:attachment":[{"href":"http:\/\/mod.wisdar.net\/tr\/wp-json\/wp\/v2\/media?parent=54961"}],"wp:term":[{"taxonomy":"product_brand","embeddable":true,"href":"http:\/\/mod.wisdar.net\/tr\/wp-json\/wp\/v2\/product_brand?post=54961"},{"taxonomy":"product_cat","embeddable":true,"href":"http:\/\/mod.wisdar.net\/tr\/wp-json\/wp\/v2\/product_cat?post=54961"},{"taxonomy":"product_tag","embeddable":true,"href":"http:\/\/mod.wisdar.net\/tr\/wp-json\/wp\/v2\/product_tag?post=54961"}],"curies":[{"name":"wp","href":"https:\/\/api.w.org\/{rel}","templated":true}]}}