{"id":62063,"date":"2025-12-30T18:48:45","date_gmt":"2025-12-30T18:48:45","guid":{"rendered":"https:\/\/modesthanim.com\/product\/kadin-beli-lastikli-pelus-yelek-15239ylk-ecru\/"},"modified":"2026-03-22T11:18:14","modified_gmt":"2026-03-22T11:18:14","slug":"kadin-beli-lastikli-pelus-yelek-15239ylk-ecru","status":"publish","type":"product","link":"http:\/\/mod.wisdar.net\/tr\/urun\/kadin-beli-lastikli-pelus-yelek-15239ylk-ecru\/","title":{"rendered":"Kad\u0131n Beli Lastikli Pelu\u015f Yelek -15239YLK \u2013 ECRU"},"content":{"rendered":"<p>A\u00e7\u0131klama : Kuma\u015f: Dokuma, Boy: K\u0131sa, Kal\u0131p: Regular, Ya\u015f Grubu: Gen\u00e7, Kuma\u015f \u0130\u00e7eri\u011fi: 100% POLYESTER<\/p>\n<p>\u2014 Technical Details \u2014<br \/>\nKuma\u015f: Dokuma<br \/>\nBoy: K\u0131sa<br \/>\nKal\u0131p: Regular<br \/>\nYa\u015f Grubu: Gen\u00e7<br \/>\nKuma\u015f \u0130\u00e7eri\u011fi: 100% POLYESTER<\/p>\n","protected":false},"excerpt":{"rendered":"<p>A\u00e7\u0131klama : Kuma\u015f: Dokuma, Boy: K\u0131sa, Kal\u0131p: Regular, Ya\u015f Grubu: Gen\u00e7, Kuma\u015f \u0130\u00e7eri\u011fi: 100% POLYESTER \u2014 Technical Details \u2014 Kuma\u015f: Dokuma Boy: K\u0131sa Kal\u0131p: Regular Ya\u015f Grubu: Gen\u00e7 Kuma\u015f \u0130\u00e7eri\u011fi: 100% POLYESTER<\/p>\n","protected":false},"featured_media":62055,"comment_status":"open","ping_status":"closed","template":"","meta":[],"product_brand":[],"product_cat":[2053],"product_tag":[],"class_list":{"0":"post-62063","1":"product","2":"type-product","3":"status-publish","4":"has-post-thumbnail","6":"product_cat-yelekler-yelekler","7":"pa_brand-puane","8":"pa_color-ecru","9":"pa_size-l","10":"pa_size-m","11":"pa_size-s","13":"first","14":"outofstock","15":"shipping-taxable","16":"product-type-variable"},"_links":{"self":[{"href":"http:\/\/mod.wisdar.net\/tr\/wp-json\/wp\/v2\/product\/62063","targetHints":{"allow":["GET"]}}],"collection":[{"href":"http:\/\/mod.wisdar.net\/tr\/wp-json\/wp\/v2\/product"}],"about":[{"href":"http:\/\/mod.wisdar.net\/tr\/wp-json\/wp\/v2\/types\/product"}],"replies":[{"embeddable":true,"href":"http:\/\/mod.wisdar.net\/tr\/wp-json\/wp\/v2\/comments?post=62063"}],"wp:featuredmedia":[{"embeddable":true,"href":"http:\/\/mod.wisdar.net\/tr\/wp-json\/wp\/v2\/media\/62055"}],"wp:attachment":[{"href":"http:\/\/mod.wisdar.net\/tr\/wp-json\/wp\/v2\/media?parent=62063"}],"wp:term":[{"taxonomy":"product_brand","embeddable":true,"href":"http:\/\/mod.wisdar.net\/tr\/wp-json\/wp\/v2\/product_brand?post=62063"},{"taxonomy":"product_cat","embeddable":true,"href":"http:\/\/mod.wisdar.net\/tr\/wp-json\/wp\/v2\/product_cat?post=62063"},{"taxonomy":"product_tag","embeddable":true,"href":"http:\/\/mod.wisdar.net\/tr\/wp-json\/wp\/v2\/product_tag?post=62063"}],"curies":[{"name":"wp","href":"https:\/\/api.w.org\/{rel}","templated":true}]}}