{"id":62835,"date":"2025-11-07T20:16:06","date_gmt":"2025-11-02T13:05:17","guid":{"rendered":"https:\/\/modesthanim.com\/product\/kapitone-ceket-siyah-takim\/"},"modified":"2026-01-15T08:56:13","modified_gmt":"2026-01-15T08:56:13","slug":"kapitone-ceket-siyah-takim","status":"publish","type":"product","link":"http:\/\/mod.wisdar.net\/tr\/urun\/kapitone-ceket-siyah-takim\/","title":{"rendered":"Kapitone Ceket Siyah Tak\u0131m"},"content":{"rendered":"<p>Materyal \u0130\u00e7eri\u011fi: COTTON-Scuba. Renkler, ayd\u0131nlatma farkl\u0131l\u0131klar\u0131 nedeniyle konsept \u00e7ekimlerinde farkl\u0131l\u0131k g\u00f6sterebilir. Model \u00d6l\u00e7\u00fcmleri: Boy: 170cm. \u00dcr\u00fcn Uzunlu\u011fu: \u00fcst: 60cm, alt: 95cm. Numune Bedeni: 36\/S. Y\u0131kama: S\u0131cak (40C veya 105F) y\u0131kanabilir, Tumble kurutma, normal, D\u00fc\u015f\u00fck buhar veya kuru \u0131s\u0131da \u00fct\u00fcleme, Kuru temizleme m\u00fcmk\u00fcnd\u00fcr.<\/p>\n","protected":false},"excerpt":{"rendered":"<p>Materyal \u0130\u00e7eri\u011fi: COTTON-Scuba. Renkler, ayd\u0131nlatma farkl\u0131l\u0131klar\u0131 nedeniyle konsept \u00e7ekimlerinde farkl\u0131l\u0131k g\u00f6sterebilir. Model \u00d6l\u00e7\u00fcmleri: Boy: 170cm. \u00dcr\u00fcn Uzunlu\u011fu: \u00fcst: 60cm, alt: 95cm. Numune Bedeni: 36\/S. Y\u0131kama: S\u0131cak (40C veya 105F) y\u0131kanabilir, Tumble kurutma, normal, D\u00fc\u015f\u00fck buhar veya kuru \u0131s\u0131da \u00fct\u00fcleme, Kuru temizleme m\u00fcmk\u00fcnd\u00fcr.<\/p>\n","protected":false},"featured_media":62831,"comment_status":"open","ping_status":"closed","template":"","meta":[],"product_brand":[],"product_cat":[1853],"product_tag":[],"class_list":{"0":"post-62835","1":"product","2":"type-product","3":"status-publish","4":"has-post-thumbnail","6":"product_cat-womens-fashion-ar","8":"first","9":"instock","10":"sale","11":"shipping-taxable","12":"purchasable","13":"product-type-variable"},"_links":{"self":[{"href":"http:\/\/mod.wisdar.net\/tr\/wp-json\/wp\/v2\/product\/62835","targetHints":{"allow":["GET"]}}],"collection":[{"href":"http:\/\/mod.wisdar.net\/tr\/wp-json\/wp\/v2\/product"}],"about":[{"href":"http:\/\/mod.wisdar.net\/tr\/wp-json\/wp\/v2\/types\/product"}],"replies":[{"embeddable":true,"href":"http:\/\/mod.wisdar.net\/tr\/wp-json\/wp\/v2\/comments?post=62835"}],"wp:featuredmedia":[{"embeddable":true,"href":"http:\/\/mod.wisdar.net\/tr\/wp-json\/wp\/v2\/media\/62831"}],"wp:attachment":[{"href":"http:\/\/mod.wisdar.net\/tr\/wp-json\/wp\/v2\/media?parent=62835"}],"wp:term":[{"taxonomy":"product_brand","embeddable":true,"href":"http:\/\/mod.wisdar.net\/tr\/wp-json\/wp\/v2\/product_brand?post=62835"},{"taxonomy":"product_cat","embeddable":true,"href":"http:\/\/mod.wisdar.net\/tr\/wp-json\/wp\/v2\/product_cat?post=62835"},{"taxonomy":"product_tag","embeddable":true,"href":"http:\/\/mod.wisdar.net\/tr\/wp-json\/wp\/v2\/product_tag?post=62835"}],"curies":[{"name":"wp","href":"https:\/\/api.w.org\/{rel}","templated":true}]}}