{"id":63656,"date":"2025-12-31T01:59:33","date_gmt":"2025-12-31T01:59:33","guid":{"rendered":"https:\/\/modesthanim.com\/product\/utku-erik-rengi-etek-takimi\/"},"modified":"2026-01-15T08:12:39","modified_gmt":"2026-01-15T08:12:39","slug":"utku-erik-rengi-etek-takimi","status":"publish","type":"product","link":"http:\/\/mod.wisdar.net\/tr\/urun\/utku-erik-rengi-etek-takimi\/","title":{"rendered":"Utku Erik Rengi Etek Tak\u0131m\u0131"},"content":{"rendered":"<p>Ceket, k\u0131\u015fl\u0131k poliviskon kuma\u015ftan yap\u0131lm\u0131\u015ft\u0131r ve desenli bir tasar\u0131ma sahiptir. Tamamen d\u00fc\u011fmeli, astarl\u0131d\u0131r ve bir kemer ile gelir. Etek, deri kuma\u015ftan yap\u0131lm\u0131\u015ft\u0131r ve yan\u0131nda fermuar\u0131 bulunmaktad\u0131r. Ceket uzunlu\u011fu: 52cm, Omuz: 42cm, G\u00f6\u011f\u00fcs: 49cm. Etek uzunlu\u011fu: 93cm, Bel: 37cm.<\/p>\n","protected":false},"excerpt":{"rendered":"<p>Ceket, k\u0131\u015fl\u0131k poliviskon kuma\u015ftan yap\u0131lm\u0131\u015ft\u0131r ve desenli bir tasar\u0131ma sahiptir. Tamamen d\u00fc\u011fmeli, astarl\u0131d\u0131r ve bir kemer ile gelir. Etek, deri kuma\u015ftan yap\u0131lm\u0131\u015ft\u0131r ve yan\u0131nda fermuar\u0131 bulunmaktad\u0131r. Ceket uzunlu\u011fu: 52cm, Omuz: 42cm, G\u00f6\u011f\u00fcs: 49cm. Etek uzunlu\u011fu: 93cm, Bel: 37cm.<\/p>\n","protected":false},"featured_media":63653,"comment_status":"open","ping_status":"closed","template":"","meta":[],"product_brand":[],"product_cat":[1853],"product_tag":[],"class_list":{"0":"post-63656","1":"product","2":"type-product","3":"status-publish","4":"has-post-thumbnail","6":"product_cat-womens-fashion-ar","8":"first","9":"instock","10":"sale","11":"shipping-taxable","12":"purchasable","13":"product-type-variable"},"_links":{"self":[{"href":"http:\/\/mod.wisdar.net\/tr\/wp-json\/wp\/v2\/product\/63656","targetHints":{"allow":["GET"]}}],"collection":[{"href":"http:\/\/mod.wisdar.net\/tr\/wp-json\/wp\/v2\/product"}],"about":[{"href":"http:\/\/mod.wisdar.net\/tr\/wp-json\/wp\/v2\/types\/product"}],"replies":[{"embeddable":true,"href":"http:\/\/mod.wisdar.net\/tr\/wp-json\/wp\/v2\/comments?post=63656"}],"wp:featuredmedia":[{"embeddable":true,"href":"http:\/\/mod.wisdar.net\/tr\/wp-json\/wp\/v2\/media\/63653"}],"wp:attachment":[{"href":"http:\/\/mod.wisdar.net\/tr\/wp-json\/wp\/v2\/media?parent=63656"}],"wp:term":[{"taxonomy":"product_brand","embeddable":true,"href":"http:\/\/mod.wisdar.net\/tr\/wp-json\/wp\/v2\/product_brand?post=63656"},{"taxonomy":"product_cat","embeddable":true,"href":"http:\/\/mod.wisdar.net\/tr\/wp-json\/wp\/v2\/product_cat?post=63656"},{"taxonomy":"product_tag","embeddable":true,"href":"http:\/\/mod.wisdar.net\/tr\/wp-json\/wp\/v2\/product_tag?post=63656"}],"curies":[{"name":"wp","href":"https:\/\/api.w.org\/{rel}","templated":true}]}}