{"id":66328,"date":"2026-01-04T09:23:09","date_gmt":"2026-01-04T09:23:09","guid":{"rendered":"https:\/\/modesthanim.com\/product\/kurk-yaka-kisa-vizon-mont\/"},"modified":"2026-01-14T18:53:04","modified_gmt":"2026-01-14T18:53:04","slug":"kurk-yaka-kisa-vizon-mont","status":"publish","type":"product","link":"http:\/\/mod.wisdar.net\/tr\/urun\/kurk-yaka-kisa-vizon-mont\/","title":{"rendered":"K\u00fcrk Yaka K\u0131sa Vizon Mont"},"content":{"rendered":"<p>K\u00dcRK YAKA KISA V\u0130ZON MONT \u00d6ZELL\u0130KLER\u0130<br \/>\nTak \u2013 \u00e7\u0131kar k\u00fcrk yakal\u0131, d\u00fc\u011fme kapamal\u0131, cepli, d\u00fc\u015f\u00fck omuz, rahat kal\u0131p, astarl\u0131 k\u00fcrk yaka k\u0131sa mont.<br \/>\n\u0130\u00c7ER\u0130\u011e\u0130 VE YIKANMASI<br \/>\n%100 Pes<br \/>\nKuru temizleme \u00f6nerilir.<br \/>\nEl ile \u00f6l\u00e7\u00fcmlerde 2-3 cm farkl\u0131l\u0131k g\u00f6sterebilir.<br \/>\nManken Bedeni: S-M<br \/>\nManken \u00d6l\u00e7\u00fcs\u00fc: Boy: 1.77 cm, G\u00f6\u011f\u00fcs: 77 cm, Bel: 61 cm, Basen: 89 cm<\/p>\n","protected":false},"excerpt":{"rendered":"<p>K\u00dcRK YAKA KISA V\u0130ZON MONT \u00d6ZELL\u0130KLER\u0130 Tak \u2013 \u00e7\u0131kar k\u00fcrk yakal\u0131, d\u00fc\u011fme kapamal\u0131, cepli, d\u00fc\u015f\u00fck omuz, rahat kal\u0131p, astarl\u0131 k\u00fcrk yaka k\u0131sa mont. \u0130\u00c7ER\u0130\u011e\u0130 VE YIKANMASI %100 Pes Kuru temizleme \u00f6nerilir. El ile \u00f6l\u00e7\u00fcmlerde 2-3 cm farkl\u0131l\u0131k g\u00f6sterebilir. Manken Bedeni: S-M Manken \u00d6l\u00e7\u00fcs\u00fc: Boy: 1.77 cm, G\u00f6\u011f\u00fcs: 77 cm, Bel: 61 cm, Basen: 89 cm<\/p>\n","protected":false},"featured_media":66321,"comment_status":"open","ping_status":"closed","template":"","meta":[],"product_brand":[],"product_cat":[2047],"product_tag":[7960,7975,6311],"class_list":{"0":"post-66328","1":"product","2":"type-product","3":"status-publish","4":"has-post-thumbnail","6":"product_cat-paltolar","7":"product_tag-kadin-dis-giyim","8":"product_tag-kurk-yaka","9":"product_tag-winter-coat","10":"pa_brand-hooopstore","11":"pa_color-vizon-rengi","12":"pa_size-l-xl-2","13":"pa_size-s-m","15":"first","16":"instock","17":"sale","18":"shipping-taxable","19":"purchasable","20":"product-type-variable"},"_links":{"self":[{"href":"http:\/\/mod.wisdar.net\/tr\/wp-json\/wp\/v2\/product\/66328","targetHints":{"allow":["GET"]}}],"collection":[{"href":"http:\/\/mod.wisdar.net\/tr\/wp-json\/wp\/v2\/product"}],"about":[{"href":"http:\/\/mod.wisdar.net\/tr\/wp-json\/wp\/v2\/types\/product"}],"replies":[{"embeddable":true,"href":"http:\/\/mod.wisdar.net\/tr\/wp-json\/wp\/v2\/comments?post=66328"}],"wp:featuredmedia":[{"embeddable":true,"href":"http:\/\/mod.wisdar.net\/tr\/wp-json\/wp\/v2\/media\/66321"}],"wp:attachment":[{"href":"http:\/\/mod.wisdar.net\/tr\/wp-json\/wp\/v2\/media?parent=66328"}],"wp:term":[{"taxonomy":"product_brand","embeddable":true,"href":"http:\/\/mod.wisdar.net\/tr\/wp-json\/wp\/v2\/product_brand?post=66328"},{"taxonomy":"product_cat","embeddable":true,"href":"http:\/\/mod.wisdar.net\/tr\/wp-json\/wp\/v2\/product_cat?post=66328"},{"taxonomy":"product_tag","embeddable":true,"href":"http:\/\/mod.wisdar.net\/tr\/wp-json\/wp\/v2\/product_tag?post=66328"}],"curies":[{"name":"wp","href":"https:\/\/api.w.org\/{rel}","templated":true}]}}