{"id":67391,"date":"2026-01-04T18:48:38","date_gmt":"2026-01-04T18:48:38","guid":{"rendered":"https:\/\/modesthanim.com\/product\/kasmir-gorunumlu-atkili-haki-kaban\/"},"modified":"2026-01-24T17:05:29","modified_gmt":"2026-01-24T17:05:29","slug":"kasmir-gorunumlu-atkili-haki-kaban","status":"publish","type":"product","link":"http:\/\/mod.wisdar.net\/tr\/urun\/kasmir-gorunumlu-atkili-haki-kaban\/","title":{"rendered":"Ka\u015fmir G\u00f6r\u00fcn\u00fcml\u00fc Atk\u0131l\u0131 Haki Kaban"},"content":{"rendered":"<p>KA\u015eM\u0130R G\u00d6R\u00dcN\u00dcML\u00dc ATKILI HAK\u0130 KABAN \u00d6ZELL\u0130KLER\u0130 Hakim yakal\u0131, \u00f6nden d\u00fc\u011fme kapamal\u0131, d\u0131\u015ftan cep detayl\u0131, d\u00fc\u015f\u00fck omuz, kendi kuma\u015f\u0131ndan atk\u0131l\u0131 iste\u011fe ba\u011fl\u0131 kullanabilirsiniz, astarl\u0131 ka\u015fmir g\u00f6r\u00fcn\u00fcml\u00fc atk\u0131l\u0131 kaban. \u0130\u00c7ER\u0130\u011e\u0130 VE YIKANMASI %100 Pes 30 derecede hassas, sentetik ve narin programlar\u0131 ile y\u0131kanmal\u0131d\u0131r. El ile \u00f6l\u00e7\u00fcmlerde 2-3 cm farkl\u0131l\u0131k g\u00f6sterebilir. Manken Bedeni: S-M Manken \u00d6l\u00e7\u00fcs\u00fc: Boy: 1.77 cm, G\u00f6\u011f\u00fcs: 83 cm, Bel: 61 cm, Basen: 91 cm<\/p>\n","protected":false},"excerpt":{"rendered":"<p>KA\u015eM\u0130R G\u00d6R\u00dcN\u00dcML\u00dc ATKILI HAK\u0130 KABAN \u00d6ZELL\u0130KLER\u0130 Hakim yakal\u0131, \u00f6nden d\u00fc\u011fme kapamal\u0131, d\u0131\u015ftan cep detayl\u0131, d\u00fc\u015f\u00fck omuz, kendi kuma\u015f\u0131ndan atk\u0131l\u0131 iste\u011fe ba\u011fl\u0131 kullanabilirsiniz, astarl\u0131 ka\u015fmir g\u00f6r\u00fcn\u00fcml\u00fc atk\u0131l\u0131 kaban. \u0130\u00c7ER\u0130\u011e\u0130 VE YIKANMASI %100 Pes 30 derecede hassas, sentetik ve narin programlar\u0131 ile y\u0131kanmal\u0131d\u0131r. El ile \u00f6l\u00e7\u00fcmlerde 2-3 cm farkl\u0131l\u0131k g\u00f6sterebilir. Manken Bedeni: S-M Manken \u00d6l\u00e7\u00fcs\u00fc: Boy: 1.77 [&hellip;]<\/p>\n","protected":false},"featured_media":67382,"comment_status":"open","ping_status":"closed","template":"","meta":[],"product_brand":[],"product_cat":[2047],"product_tag":[8165,4999],"class_list":{"0":"post-67391","1":"product","2":"type-product","3":"status-publish","4":"has-post-thumbnail","6":"product_cat-paltolar","7":"product_tag-atki-dahil","8":"product_tag-outerwear","9":"pa_brand-hooopstore","10":"pa_color-haki","11":"pa_size-l-xl-2","12":"pa_size-s-m","14":"first","15":"instock","16":"sale","17":"shipping-taxable","18":"purchasable","19":"product-type-variable"},"_links":{"self":[{"href":"http:\/\/mod.wisdar.net\/tr\/wp-json\/wp\/v2\/product\/67391","targetHints":{"allow":["GET"]}}],"collection":[{"href":"http:\/\/mod.wisdar.net\/tr\/wp-json\/wp\/v2\/product"}],"about":[{"href":"http:\/\/mod.wisdar.net\/tr\/wp-json\/wp\/v2\/types\/product"}],"replies":[{"embeddable":true,"href":"http:\/\/mod.wisdar.net\/tr\/wp-json\/wp\/v2\/comments?post=67391"}],"wp:featuredmedia":[{"embeddable":true,"href":"http:\/\/mod.wisdar.net\/tr\/wp-json\/wp\/v2\/media\/67382"}],"wp:attachment":[{"href":"http:\/\/mod.wisdar.net\/tr\/wp-json\/wp\/v2\/media?parent=67391"}],"wp:term":[{"taxonomy":"product_brand","embeddable":true,"href":"http:\/\/mod.wisdar.net\/tr\/wp-json\/wp\/v2\/product_brand?post=67391"},{"taxonomy":"product_cat","embeddable":true,"href":"http:\/\/mod.wisdar.net\/tr\/wp-json\/wp\/v2\/product_cat?post=67391"},{"taxonomy":"product_tag","embeddable":true,"href":"http:\/\/mod.wisdar.net\/tr\/wp-json\/wp\/v2\/product_tag?post=67391"}],"curies":[{"name":"wp","href":"https:\/\/api.w.org\/{rel}","templated":true}]}}