{"id":67446,"date":"2026-01-04T18:49:02","date_gmt":"2026-01-04T18:49:02","guid":{"rendered":"https:\/\/modesthanim.com\/product\/kasmir-gorunumlu-atkili-vizon-kaban\/"},"modified":"2026-01-24T17:06:04","modified_gmt":"2026-01-24T17:06:04","slug":"kasmir-gorunumlu-atkili-vizon-kaban","status":"publish","type":"product","link":"http:\/\/mod.wisdar.net\/tr\/urun\/kasmir-gorunumlu-atkili-vizon-kaban\/","title":{"rendered":"Ka\u015fmir G\u00f6r\u00fcn\u00fcml\u00fc Atk\u0131l\u0131 Vizon Kaban"},"content":{"rendered":"<p>KA\u015eM\u0130R G\u00d6R\u00dcN\u00dcML\u00dc ATKILI V\u0130ZON KABAN \u00d6ZELL\u0130KLER\u0130<br \/>\nHakim yakal\u0131, \u00f6nden d\u00fc\u011fme kapamal\u0131, d\u0131\u015ftan cep detayl\u0131, d\u00fc\u015f\u00fck omuz, kendi kuma\u015f\u0131ndan atk\u0131l\u0131 iste\u011fe ba\u011fl\u0131 kullanabilirsiniz, astarl\u0131 ka\u015fmir g\u00f6r\u00fcn\u00fcml\u00fc atk\u0131l\u0131 kaban.<br \/>\n\u0130\u00c7ER\u0130\u011e\u0130 VE YIKANMASI<br \/>\n%100 Pes<br \/>\n30 derecede hassas, sentetik ve narin programlar\u0131 ile y\u0131kanmal\u0131d\u0131r.<br \/>\nEl ile \u00f6l\u00e7\u00fcmlerde 2-3 cm farkl\u0131l\u0131k g\u00f6sterebilir.<br \/>\nManken Bedeni: S-M<br \/>\nManken \u00d6l\u00e7\u00fcs\u00fc: Boy: 1.77 cm, G\u00f6\u011f\u00fcs: 77 cm, Bel: 61 cm, Basen: 89 cm<\/p>\n<p>\u2014 Technical Details \u2014<br \/>\nmanken_bedeni: S-M<br \/>\nmanken_\u00f6l\u00e7\u00fcleri: Boy: 1.77 cm, G\u00f6\u011f\u00fcs: 77 cm, Bel: 61 cm, Basen: 89 cm<br \/>\ny\u0131kama_talimat\u0131: 30 derecede hassas, sentetik ve narin programlar\u0131 ile y\u0131kanmal\u0131d\u0131r.<br \/>\n\u00f6l\u00e7\u00fc_tolerans\u0131: El ile \u00f6l\u00e7\u00fcmlerde 2-3 cm farkl\u0131l\u0131k g\u00f6sterebilir.<\/p>\n","protected":false},"excerpt":{"rendered":"<p>KA\u015eM\u0130R G\u00d6R\u00dcN\u00dcML\u00dc ATKILI V\u0130ZON KABAN \u00d6ZELL\u0130KLER\u0130 Hakim yakal\u0131, \u00f6nden d\u00fc\u011fme kapamal\u0131, d\u0131\u015ftan cep detayl\u0131, d\u00fc\u015f\u00fck omuz, kendi kuma\u015f\u0131ndan atk\u0131l\u0131 iste\u011fe ba\u011fl\u0131 kullanabilirsiniz, astarl\u0131 ka\u015fmir g\u00f6r\u00fcn\u00fcml\u00fc atk\u0131l\u0131 kaban. \u0130\u00c7ER\u0130\u011e\u0130 VE YIKANMASI %100 Pes 30 derecede hassas, sentetik ve narin programlar\u0131 ile y\u0131kanmal\u0131d\u0131r. El ile \u00f6l\u00e7\u00fcmlerde 2-3 cm farkl\u0131l\u0131k g\u00f6sterebilir. Manken Bedeni: S-M Manken \u00d6l\u00e7\u00fcs\u00fc: Boy: 1.77 [&hellip;]<\/p>\n","protected":false},"featured_media":67436,"comment_status":"open","ping_status":"closed","template":"","meta":[],"product_brand":[],"product_cat":[2047],"product_tag":[7960,8464,6311],"class_list":{"0":"post-67446","1":"product","2":"type-product","3":"status-publish","4":"has-post-thumbnail","6":"product_cat-paltolar","7":"product_tag-kadin-dis-giyim","8":"product_tag-sik-kaban","9":"product_tag-winter-coat","10":"pa_brand-hooopstore","11":"pa_color-vizon-rengi","12":"pa_size-l-xl-2","13":"pa_size-s-m","15":"first","16":"instock","17":"sale","18":"shipping-taxable","19":"purchasable","20":"product-type-variable"},"_links":{"self":[{"href":"http:\/\/mod.wisdar.net\/tr\/wp-json\/wp\/v2\/product\/67446","targetHints":{"allow":["GET"]}}],"collection":[{"href":"http:\/\/mod.wisdar.net\/tr\/wp-json\/wp\/v2\/product"}],"about":[{"href":"http:\/\/mod.wisdar.net\/tr\/wp-json\/wp\/v2\/types\/product"}],"replies":[{"embeddable":true,"href":"http:\/\/mod.wisdar.net\/tr\/wp-json\/wp\/v2\/comments?post=67446"}],"wp:featuredmedia":[{"embeddable":true,"href":"http:\/\/mod.wisdar.net\/tr\/wp-json\/wp\/v2\/media\/67436"}],"wp:attachment":[{"href":"http:\/\/mod.wisdar.net\/tr\/wp-json\/wp\/v2\/media?parent=67446"}],"wp:term":[{"taxonomy":"product_brand","embeddable":true,"href":"http:\/\/mod.wisdar.net\/tr\/wp-json\/wp\/v2\/product_brand?post=67446"},{"taxonomy":"product_cat","embeddable":true,"href":"http:\/\/mod.wisdar.net\/tr\/wp-json\/wp\/v2\/product_cat?post=67446"},{"taxonomy":"product_tag","embeddable":true,"href":"http:\/\/mod.wisdar.net\/tr\/wp-json\/wp\/v2\/product_tag?post=67446"}],"curies":[{"name":"wp","href":"https:\/\/api.w.org\/{rel}","templated":true}]}}