{"id":70578,"date":"2026-01-15T21:18:19","date_gmt":"2026-01-15T21:18:19","guid":{"rendered":"https:\/\/modesthanim.com\/product\/cepli-cizgili-baskili-trenckot-zeytin-yesili\/"},"modified":"2026-03-22T06:51:37","modified_gmt":"2026-03-22T06:51:37","slug":"cepli-cizgili-baskili-trenckot-zeytin-yesili","status":"publish","type":"product","link":"http:\/\/mod.wisdar.net\/tr\/urun\/cepli-cizgili-baskili-trenckot-zeytin-yesili\/","title":{"rendered":"Cepli \u00c7izgili Bask\u0131l\u0131 Tren\u00e7kot \u2013 Zeytin Ye\u015fili"},"content":{"rendered":"<p>\u00c7izgili bask\u0131s\u0131yla canlanan bu tren\u00e7kot, i\u015flevsel cepleri sayesinde hem pratik hem de \u015f\u0131k bir g\u00f6r\u00fcn\u00fcm sunar.<\/p>\n<p>Kuma\u015f \u0130\u00e7eri\u011fi: %61 Polyester, %39 Pamuk<\/p>\n<p>Desen: D\u00fcz<\/p>\n<p>Yaka Tipi: Blazer Yaka<\/p>\n<p>Kol Tipi: Uzun Kol<\/p>\n<p>Cep: K\u0131vr\u0131ml\u0131 Cep<\/p>\n<p>Astarlama: Astars\u0131z<\/p>\n<p>\u00dcr\u00fcn Uzunlu\u011fu: 116 cm<\/p>\n<p>Kal\u0131p Tipi: Normal Kal\u0131p<\/p>\n<p>Modelin Giyim Bedeni: 36<\/p>\n<p>Model \u00d6l\u00e7\u00fcleri:<\/p>\n<p>Boy: 176 cm<\/p>\n<p>G\u00f6\u011f\u00fcs: 82 cm<\/p>\n<p>Bel: 61 cm<\/p>\n<p>Kal\u00e7a: 88 cm<\/p>\n","protected":false},"excerpt":{"rendered":"<p>\u00c7izgili bask\u0131s\u0131yla canlanan bu tren\u00e7kot, i\u015flevsel cepleri sayesinde hem pratik hem de \u015f\u0131k bir g\u00f6r\u00fcn\u00fcm sunar. Kuma\u015f \u0130\u00e7eri\u011fi: %61 Polyester, %39 Pamuk Desen: D\u00fcz Yaka Tipi: Blazer Yaka Kol Tipi: Uzun Kol Cep: K\u0131vr\u0131ml\u0131 Cep Astarlama: Astars\u0131z \u00dcr\u00fcn Uzunlu\u011fu: 116 cm Kal\u0131p Tipi: Normal Kal\u0131p Modelin Giyim Bedeni: 36 Model \u00d6l\u00e7\u00fcleri: Boy: 176 cm G\u00f6\u011f\u00fcs: [&hellip;]<\/p>\n","protected":false},"featured_media":70572,"comment_status":"open","ping_status":"closed","template":"","meta":[],"product_brand":[],"product_cat":[2047],"product_tag":[],"class_list":{"0":"post-70578","1":"product","2":"type-product","3":"status-publish","4":"has-post-thumbnail","6":"product_cat-paltolar","7":"pa_color-olive","8":"pa_size-4701","9":"pa_size-4706","10":"pa_size-4711","11":"pa_size-4713","12":"pa_size-4751","13":"pa_size-4749","15":"first","16":"instock","17":"sale","18":"shipping-taxable","19":"purchasable","20":"product-type-variable"},"_links":{"self":[{"href":"http:\/\/mod.wisdar.net\/tr\/wp-json\/wp\/v2\/product\/70578","targetHints":{"allow":["GET"]}}],"collection":[{"href":"http:\/\/mod.wisdar.net\/tr\/wp-json\/wp\/v2\/product"}],"about":[{"href":"http:\/\/mod.wisdar.net\/tr\/wp-json\/wp\/v2\/types\/product"}],"replies":[{"embeddable":true,"href":"http:\/\/mod.wisdar.net\/tr\/wp-json\/wp\/v2\/comments?post=70578"}],"wp:featuredmedia":[{"embeddable":true,"href":"http:\/\/mod.wisdar.net\/tr\/wp-json\/wp\/v2\/media\/70572"}],"wp:attachment":[{"href":"http:\/\/mod.wisdar.net\/tr\/wp-json\/wp\/v2\/media?parent=70578"}],"wp:term":[{"taxonomy":"product_brand","embeddable":true,"href":"http:\/\/mod.wisdar.net\/tr\/wp-json\/wp\/v2\/product_brand?post=70578"},{"taxonomy":"product_cat","embeddable":true,"href":"http:\/\/mod.wisdar.net\/tr\/wp-json\/wp\/v2\/product_cat?post=70578"},{"taxonomy":"product_tag","embeddable":true,"href":"http:\/\/mod.wisdar.net\/tr\/wp-json\/wp\/v2\/product_tag?post=70578"}],"curies":[{"name":"wp","href":"https:\/\/api.w.org\/{rel}","templated":true}]}}