{"id":71515,"date":"2026-01-16T10:15:26","date_gmt":"2026-01-16T10:15:26","guid":{"rendered":"https:\/\/modesthanim.com\/product\/relax-fit-suni-deri-mont\/"},"modified":"2026-04-12T20:10:26","modified_gmt":"2026-04-12T20:10:26","slug":"relax-fit-suni-deri-mont","status":"publish","type":"product","link":"http:\/\/mod.wisdar.net\/tr\/urun\/relax-fit-suni-deri-mont\/","title":{"rendered":"Relax Fit Suni Deri Mont"},"content":{"rendered":"<p>Relax fit fermuarl\u0131 suni deri mont, rahat kesimi ve yumu\u015fak dokusuyla g\u00fcn boyu konfor sa\u011flar. Fermuarl\u0131 tasar\u0131m\u0131 ve \u015f\u0131k suni deri g\u00f6r\u00fcn\u00fcm\u00fc ile hem modern hem de stil sahibi bir g\u00f6r\u00fcn\u00fcm sunar.<\/p>\n<p>\u2014 Teknik Detaylar \u2014<br \/>\nKuma\u015f: Suni Deri<br \/>\nCinsiyet: Kad\u0131n<br \/>\n\u00dcr\u00fcn Tipi: Mont<br \/>\nKal\u0131p: Relax Fit<br \/>\nKapama Detay\u0131: Fermuarl\u0131<br \/>\nRenk: Siyah<br \/>\nD\u0131\u015f Giyim \u00dcr\u00fcn Grubu: Suni Deri Ceket<br \/>\nMen\u015fei: CN<br \/>\n\u00dcr\u00fcn Grubu: Kad\u0131n Deri Ceket<br \/>\n\u00dcr\u00fcn Uzunluk \u00d6l\u00e7\u00fcleri: Omuzdan Arka Boy: XS-50 cm, S-51 cm, M-52 cm, L-53 cm, XL-54 cm<\/p>\n","protected":false},"excerpt":{"rendered":"<p>Relax fit fermuarl\u0131 suni deri mont, rahat kesimi ve yumu\u015fak dokusuyla g\u00fcn boyu konfor sa\u011flar. Fermuarl\u0131 tasar\u0131m\u0131 ve \u015f\u0131k suni deri g\u00f6r\u00fcn\u00fcm\u00fc ile hem modern hem de stil sahibi bir g\u00f6r\u00fcn\u00fcm sunar. \u2014 Teknik Detaylar \u2014 Kuma\u015f: Suni Deri Cinsiyet: Kad\u0131n \u00dcr\u00fcn Tipi: Mont Kal\u0131p: Relax Fit Kapama Detay\u0131: Fermuarl\u0131 Renk: Siyah D\u0131\u015f Giyim \u00dcr\u00fcn [&hellip;]<\/p>\n","protected":false},"featured_media":71503,"comment_status":"open","ping_status":"closed","template":"","meta":[],"product_brand":[],"product_cat":[2047],"product_tag":[7845],"class_list":{"0":"post-71515","1":"product","2":"type-product","3":"status-publish","4":"has-post-thumbnail","6":"product_cat-paltolar","7":"product_tag-kadin","8":"pa_brand-defacto","9":"pa_color-siyah","10":"pa_size-l","11":"pa_size-m","12":"pa_size-s","13":"pa_size-xl","14":"pa_size-xs","16":"first","17":"outofstock","18":"shipping-taxable","19":"product-type-variable"},"_links":{"self":[{"href":"http:\/\/mod.wisdar.net\/tr\/wp-json\/wp\/v2\/product\/71515","targetHints":{"allow":["GET"]}}],"collection":[{"href":"http:\/\/mod.wisdar.net\/tr\/wp-json\/wp\/v2\/product"}],"about":[{"href":"http:\/\/mod.wisdar.net\/tr\/wp-json\/wp\/v2\/types\/product"}],"replies":[{"embeddable":true,"href":"http:\/\/mod.wisdar.net\/tr\/wp-json\/wp\/v2\/comments?post=71515"}],"wp:featuredmedia":[{"embeddable":true,"href":"http:\/\/mod.wisdar.net\/tr\/wp-json\/wp\/v2\/media\/71503"}],"wp:attachment":[{"href":"http:\/\/mod.wisdar.net\/tr\/wp-json\/wp\/v2\/media?parent=71515"}],"wp:term":[{"taxonomy":"product_brand","embeddable":true,"href":"http:\/\/mod.wisdar.net\/tr\/wp-json\/wp\/v2\/product_brand?post=71515"},{"taxonomy":"product_cat","embeddable":true,"href":"http:\/\/mod.wisdar.net\/tr\/wp-json\/wp\/v2\/product_cat?post=71515"},{"taxonomy":"product_tag","embeddable":true,"href":"http:\/\/mod.wisdar.net\/tr\/wp-json\/wp\/v2\/product_tag?post=71515"}],"curies":[{"name":"wp","href":"https:\/\/api.w.org\/{rel}","templated":true}]}}