{"id":71646,"date":"2026-01-16T10:29:44","date_gmt":"2026-01-16T10:29:44","guid":{"rendered":"https:\/\/modesthanim.com\/product\/regular-fit-kusakli-kase-kaban\/"},"modified":"2026-04-02T09:03:01","modified_gmt":"2026-04-02T09:03:01","slug":"regular-fit-kusakli-kase-kaban","status":"publish","type":"product","link":"http:\/\/mod.wisdar.net\/tr\/urun\/regular-fit-kusakli-kase-kaban\/","title":{"rendered":"Regular Fit Ku\u015fakl\u0131 Ka\u015fe Kaban"},"content":{"rendered":"<p>Regular fit kesimi ve ku\u015fak detay\u0131yla \u015f\u0131kl\u0131k sunan bu ka\u015fe kaban, so\u011fuk g\u00fcnlerde s\u0131cakl\u0131k ve zarafeti bir arada sa\u011flar. Klasik tasar\u0131m\u0131yla her kombine uyum sa\u011flar.<\/p>\n<p>\u2014 Technical Details \u2014<br \/>\nKuma\u015f: Ka\u015fe<br \/>\nKal\u0131p: Regular Fit<br \/>\nCinsiyet: Kad\u0131n<br \/>\nModelin \u00d6l\u00e7\u00fcleri: M Beden \u2013 1,76cm \u2013 80\/61\/89<br \/>\nNumune Bedeni: M<br \/>\nMarka: Defacto<br \/>\nMen\u015fei: MM<br \/>\n\u00dcr\u00fcn Grubu: Kad\u0131n Kaban \/ Parka<br \/>\n\u00dcr\u00fcn Uzunluk \u00d6l\u00e7\u00fcleri: Omuzdan Arka Boy: Xs-110 cm, S-111 cm, M-112 cm, L-113 cm, Xl-114 cm<\/p>\n","protected":false},"excerpt":{"rendered":"<p>Regular fit kesimi ve ku\u015fak detay\u0131yla \u015f\u0131kl\u0131k sunan bu ka\u015fe kaban, so\u011fuk g\u00fcnlerde s\u0131cakl\u0131k ve zarafeti bir arada sa\u011flar. Klasik tasar\u0131m\u0131yla her kombine uyum sa\u011flar. \u2014 Technical Details \u2014 Kuma\u015f: Ka\u015fe Kal\u0131p: Regular Fit Cinsiyet: Kad\u0131n Modelin \u00d6l\u00e7\u00fcleri: M Beden \u2013 1,76cm \u2013 80\/61\/89 Numune Bedeni: M Marka: Defacto Men\u015fei: MM \u00dcr\u00fcn Grubu: Kad\u0131n Kaban [&hellip;]<\/p>\n","protected":false},"featured_media":71634,"comment_status":"open","ping_status":"closed","template":"","meta":[],"product_brand":[],"product_cat":[2047],"product_tag":[6128,6127,6130,6129],"class_list":{"0":"post-71646","1":"product","2":"type-product","3":"status-publish","4":"has-post-thumbnail","6":"product_cat-paltolar","7":"product_tag-coffee-regular-fit-belted-cashmere-coat","8":"product_tag-coffee-women-regular-fit-belted-cashmere-coat","9":"product_tag-regular-fit-belted-cashmere-coat","10":"product_tag-women-regular-fit-belted-cashmere-coat","11":"pa_brand-defacto","12":"pa_color-kahve","13":"pa_size-l","14":"pa_size-m","15":"pa_size-s","16":"pa_size-xl","17":"pa_size-xs","19":"first","20":"instock","21":"sale","22":"shipping-taxable","23":"purchasable","24":"product-type-variable"},"_links":{"self":[{"href":"http:\/\/mod.wisdar.net\/tr\/wp-json\/wp\/v2\/product\/71646","targetHints":{"allow":["GET"]}}],"collection":[{"href":"http:\/\/mod.wisdar.net\/tr\/wp-json\/wp\/v2\/product"}],"about":[{"href":"http:\/\/mod.wisdar.net\/tr\/wp-json\/wp\/v2\/types\/product"}],"replies":[{"embeddable":true,"href":"http:\/\/mod.wisdar.net\/tr\/wp-json\/wp\/v2\/comments?post=71646"}],"wp:featuredmedia":[{"embeddable":true,"href":"http:\/\/mod.wisdar.net\/tr\/wp-json\/wp\/v2\/media\/71634"}],"wp:attachment":[{"href":"http:\/\/mod.wisdar.net\/tr\/wp-json\/wp\/v2\/media?parent=71646"}],"wp:term":[{"taxonomy":"product_brand","embeddable":true,"href":"http:\/\/mod.wisdar.net\/tr\/wp-json\/wp\/v2\/product_brand?post=71646"},{"taxonomy":"product_cat","embeddable":true,"href":"http:\/\/mod.wisdar.net\/tr\/wp-json\/wp\/v2\/product_cat?post=71646"},{"taxonomy":"product_tag","embeddable":true,"href":"http:\/\/mod.wisdar.net\/tr\/wp-json\/wp\/v2\/product_tag?post=71646"}],"curies":[{"name":"wp","href":"https:\/\/api.w.org\/{rel}","templated":true}]}}