{"id":71798,"date":"2026-01-16T10:31:13","date_gmt":"2026-01-16T10:31:13","guid":{"rendered":"https:\/\/modesthanim.com\/product\/regular-fit-kapusonlu-polar-astarli-suni-deri-mont\/"},"modified":"2026-04-05T20:13:20","modified_gmt":"2026-04-05T20:13:20","slug":"regular-fit-kapusonlu-polar-astarli-suni-deri-mont","status":"publish","type":"product","link":"http:\/\/mod.wisdar.net\/tr\/urun\/regular-fit-kapusonlu-polar-astarli-suni-deri-mont\/","title":{"rendered":"Regular Fit Kap\u00fc\u015fonlu Polar Astarl\u0131 Suni Deri Mont"},"content":{"rendered":"<p>Regular Fit Kap\u00fc\u015fonlu Polar Astarl\u0131 Suni Deri Mont, \u015f\u0131k suni deri d\u0131\u015f y\u00fczeyi ve yumu\u015fak polar astar\u0131yla hem tarz hem de s\u0131cakl\u0131k sunar. Kap\u00fc\u015fonlu tasar\u0131m\u0131, so\u011fuk havalarda ekstra koruma sa\u011flar. G\u00fcnl\u00fck kombinlerde modern ve rahat bir g\u00f6r\u00fcn\u00fcm yarat\u0131r.<\/p>\n<p>\u2014 Technical Details \u2014<br \/>\nCinsiyet: Kad\u0131n<br \/>\nKuma\u015f Kal\u0131nl\u0131k Bilgisi: Kal\u0131n<br \/>\nKal\u0131p: Regular Fit<br \/>\nKuma\u015f: Suni Deri<br \/>\n\u00dcr\u00fcn Tipi: Mont<br \/>\nAstar Bilgisi: Polar Astarl\u0131<br \/>\nRenk: Siyah<br \/>\nD\u0131\u015f Giyim \u00dcr\u00fcn Grubu: Mont<br \/>\nYaka: Kap\u00fc\u015fonlu<br \/>\nMarka: Defacto<br \/>\nMen\u015fei: MM<br \/>\n\u00dcr\u00fcn Grubu: Kad\u0131n Mont<br \/>\nNumune Bedeni: S<br \/>\nModel \u00d6l\u00e7\u00fcleri: S Beden \u2013 1,79cm \u2013 81\/59\/88<\/p>\n","protected":false},"excerpt":{"rendered":"<p>Regular Fit Kap\u00fc\u015fonlu Polar Astarl\u0131 Suni Deri Mont, \u015f\u0131k suni deri d\u0131\u015f y\u00fczeyi ve yumu\u015fak polar astar\u0131yla hem tarz hem de s\u0131cakl\u0131k sunar. Kap\u00fc\u015fonlu tasar\u0131m\u0131, so\u011fuk havalarda ekstra koruma sa\u011flar. G\u00fcnl\u00fck kombinlerde modern ve rahat bir g\u00f6r\u00fcn\u00fcm yarat\u0131r. \u2014 Technical Details \u2014 Cinsiyet: Kad\u0131n Kuma\u015f Kal\u0131nl\u0131k Bilgisi: Kal\u0131n Kal\u0131p: Regular Fit Kuma\u015f: Suni Deri \u00dcr\u00fcn [&hellip;]<\/p>\n","protected":false},"featured_media":71786,"comment_status":"open","ping_status":"closed","template":"","meta":[],"product_brand":[],"product_cat":[2044],"product_tag":[6136,6135,6138,6137],"class_list":{"0":"post-71798","1":"product","2":"type-product","3":"status-publish","4":"has-post-thumbnail","6":"product_cat-ceketler","7":"product_tag-black-regular-fit-hooded-fleece-lined-faux-leather-jacket","8":"product_tag-black-women-regular-fit-hooded-fleece-lined-faux-leather-jacket","9":"product_tag-regular-fit-hooded-fleece-lined-faux-leather-jacket","10":"product_tag-women-regular-fit-hooded-fleece-lined-faux-leather-jacket","11":"pa_brand-defacto","12":"pa_color-siyah","13":"pa_size-l","14":"pa_size-m","15":"pa_size-s","16":"pa_size-xl","17":"pa_size-xs","19":"first","20":"instock","21":"sale","22":"shipping-taxable","23":"purchasable","24":"product-type-variable"},"_links":{"self":[{"href":"http:\/\/mod.wisdar.net\/tr\/wp-json\/wp\/v2\/product\/71798","targetHints":{"allow":["GET"]}}],"collection":[{"href":"http:\/\/mod.wisdar.net\/tr\/wp-json\/wp\/v2\/product"}],"about":[{"href":"http:\/\/mod.wisdar.net\/tr\/wp-json\/wp\/v2\/types\/product"}],"replies":[{"embeddable":true,"href":"http:\/\/mod.wisdar.net\/tr\/wp-json\/wp\/v2\/comments?post=71798"}],"wp:featuredmedia":[{"embeddable":true,"href":"http:\/\/mod.wisdar.net\/tr\/wp-json\/wp\/v2\/media\/71786"}],"wp:attachment":[{"href":"http:\/\/mod.wisdar.net\/tr\/wp-json\/wp\/v2\/media?parent=71798"}],"wp:term":[{"taxonomy":"product_brand","embeddable":true,"href":"http:\/\/mod.wisdar.net\/tr\/wp-json\/wp\/v2\/product_brand?post=71798"},{"taxonomy":"product_cat","embeddable":true,"href":"http:\/\/mod.wisdar.net\/tr\/wp-json\/wp\/v2\/product_cat?post=71798"},{"taxonomy":"product_tag","embeddable":true,"href":"http:\/\/mod.wisdar.net\/tr\/wp-json\/wp\/v2\/product_tag?post=71798"}],"curies":[{"name":"wp","href":"https:\/\/api.w.org\/{rel}","templated":true}]}}