{"id":75445,"date":"2026-01-20T15:05:20","date_gmt":"2026-01-20T15:05:20","guid":{"rendered":"https:\/\/modesthanim.com\/product\/cift-pileli-yuksek-yaka-elbise-bordo\/"},"modified":"2026-03-22T05:11:35","modified_gmt":"2026-03-22T05:11:35","slug":"cift-pileli-yuksek-yaka-elbise-bordo","status":"publish","type":"product","link":"http:\/\/mod.wisdar.net\/tr\/urun\/cift-pileli-yuksek-yaka-elbise-bordo\/","title":{"rendered":"\u00c7ift Pileli Y\u00fcksek Yaka Elbise Bordo"},"content":{"rendered":"<p>Astars\u0131zd\u0131r, i\u00e7 g\u00f6stermez. Ters \u00e7evirerek k\u0131sa programda 30\u00b0 y\u0131kay\u0131n\u0131z.<\/p>\n<p>\u2014 Technical Details \u2014<br \/>\n\u00dcr\u00fcn Hakk\u0131nda: Astars\u0131zd\u0131r, i\u00e7 g\u00f6stermez.<br \/>\nMarka: Minik Terzi<br \/>\nSezon: BAHAR<br \/>\nCinsiyet: Kad\u0131n<br \/>\nMalzeme: Polyester \/ Viskon<br \/>\nKuma\u015f \u0130\u00e7eri\u011fi: %63 Pes %34 Viskon %3 Ea<br \/>\nKal\u0131p: Tam Kal\u0131p<br \/>\nKol Boyu: Uzun Kollu<br \/>\nYaka Tipi: Y\u00fcksek Yaka<br \/>\nMankenin Giydi\u011fi Beden: S Beden<br \/>\nA\u00e7\u0131klama: Ters \u00e7evirerek k\u0131sa programda 30\u00b0 y\u0131kay\u0131n\u0131z.<\/p>\n","protected":false},"excerpt":{"rendered":"<p>Astars\u0131zd\u0131r, i\u00e7 g\u00f6stermez. Ters \u00e7evirerek k\u0131sa programda 30\u00b0 y\u0131kay\u0131n\u0131z. \u2014 Technical Details \u2014 \u00dcr\u00fcn Hakk\u0131nda: Astars\u0131zd\u0131r, i\u00e7 g\u00f6stermez. Marka: Minik Terzi Sezon: BAHAR Cinsiyet: Kad\u0131n Malzeme: Polyester \/ Viskon Kuma\u015f \u0130\u00e7eri\u011fi: %63 Pes %34 Viskon %3 Ea Kal\u0131p: Tam Kal\u0131p Kol Boyu: Uzun Kollu Yaka Tipi: Y\u00fcksek Yaka Mankenin Giydi\u011fi Beden: S Beden A\u00e7\u0131klama: Ters [&hellip;]<\/p>\n","protected":false},"featured_media":75444,"comment_status":"open","ping_status":"closed","template":"","meta":[],"product_brand":[],"product_cat":[6249,1933],"product_tag":[7350,6744],"class_list":{"0":"post-75445","1":"product","2":"type-product","3":"status-publish","4":"has-post-thumbnail","6":"product_cat-elbiseler","7":"product_cat-gunluk-ve-gunduz-elbiseleri","8":"product_tag-balikci-yaka","9":"product_tag-kadin-modasi","10":"pa_brand-minik-terzi","11":"pa_color-bordo","12":"pa_size-l","13":"pa_size-m","14":"pa_size-s","15":"pa_size-xl","17":"first","18":"instock","19":"sale","20":"shipping-taxable","21":"purchasable","22":"product-type-variable"},"_links":{"self":[{"href":"http:\/\/mod.wisdar.net\/tr\/wp-json\/wp\/v2\/product\/75445","targetHints":{"allow":["GET"]}}],"collection":[{"href":"http:\/\/mod.wisdar.net\/tr\/wp-json\/wp\/v2\/product"}],"about":[{"href":"http:\/\/mod.wisdar.net\/tr\/wp-json\/wp\/v2\/types\/product"}],"replies":[{"embeddable":true,"href":"http:\/\/mod.wisdar.net\/tr\/wp-json\/wp\/v2\/comments?post=75445"}],"wp:featuredmedia":[{"embeddable":true,"href":"http:\/\/mod.wisdar.net\/tr\/wp-json\/wp\/v2\/media\/75444"}],"wp:attachment":[{"href":"http:\/\/mod.wisdar.net\/tr\/wp-json\/wp\/v2\/media?parent=75445"}],"wp:term":[{"taxonomy":"product_brand","embeddable":true,"href":"http:\/\/mod.wisdar.net\/tr\/wp-json\/wp\/v2\/product_brand?post=75445"},{"taxonomy":"product_cat","embeddable":true,"href":"http:\/\/mod.wisdar.net\/tr\/wp-json\/wp\/v2\/product_cat?post=75445"},{"taxonomy":"product_tag","embeddable":true,"href":"http:\/\/mod.wisdar.net\/tr\/wp-json\/wp\/v2\/product_tag?post=75445"}],"curies":[{"name":"wp","href":"https:\/\/api.w.org\/{rel}","templated":true}]}}