{"id":76630,"date":"2026-01-21T17:08:28","date_gmt":"2026-01-21T17:08:28","guid":{"rendered":"https:\/\/modesthanim.com\/product\/yandan-baglamali-ceket-lacivert\/"},"modified":"2026-04-09T11:51:44","modified_gmt":"2026-04-09T11:51:44","slug":"yandan-baglamali-ceket-lacivert","status":"publish","type":"product","link":"http:\/\/mod.wisdar.net\/tr\/urun\/yandan-baglamali-ceket-lacivert\/","title":{"rendered":"Yandan Ba\u011flamal\u0131 Ceket \u2013 Lacivert"},"content":{"rendered":"<p>Yandan ba\u011flama detay\u0131yla klasik ceket formunu \u00e7a\u011fda\u015f bir estetikle yeniden yorumlayan bu tasar\u0131m, mimari bir siluet sunar. Asimetrik kapan\u0131\u015f\u0131 bel hatt\u0131n\u0131 incelikle tan\u0131mlarken, ak\u0131c\u0131 formu bedende zahmetsiz bir zarafet yarat\u0131r.<br \/>\nKuma\u015f \u0130\u00e7eri\u011fi: %73 Polyester, %22 Viskon, %5 Elastan<br \/>\nDesen: D\u00fcz<br \/>\nYaka Tipi: Blazer Yaka<br \/>\nKol Tipi: Uzun Kol<br \/>\nCep: Fleto Cep<br \/>\nAstar: Astarl\u0131<br \/>\n\u00dcr\u00fcn Boyu: 75 cm<br \/>\nKal\u0131p Tipi: Normal Kal\u0131p<br \/>\nManken \u00d6l\u00e7\u00fcleri:Boy: 176 cmG\u00f6\u011f\u00fcs: 78 cmBel: 59 cmBasen: 88 cm<br \/>\nMankenin Giydi\u011fi Beden: 38<\/p>\n","protected":false},"excerpt":{"rendered":"<p>Yandan ba\u011flama detay\u0131yla klasik ceket formunu \u00e7a\u011fda\u015f bir estetikle yeniden yorumlayan bu tasar\u0131m, mimari bir siluet sunar. Asimetrik kapan\u0131\u015f\u0131 bel hatt\u0131n\u0131 incelikle tan\u0131mlarken, ak\u0131c\u0131 formu bedende zahmetsiz bir zarafet yarat\u0131r. Kuma\u015f \u0130\u00e7eri\u011fi: %73 Polyester, %22 Viskon, %5 Elastan Desen: D\u00fcz Yaka Tipi: Blazer Yaka Kol Tipi: Uzun Kol Cep: Fleto Cep Astar: Astarl\u0131 \u00dcr\u00fcn Boyu: [&hellip;]<\/p>\n","protected":false},"featured_media":76620,"comment_status":"open","ping_status":"closed","template":"","meta":[],"product_brand":[],"product_cat":[2044],"product_tag":[7922],"class_list":{"0":"post-76630","1":"product","2":"type-product","3":"status-publish","4":"has-post-thumbnail","6":"product_cat-ceketler","7":"product_tag-kadin-blazer","8":"pa_brand-tugba","9":"pa_color-lacivert","10":"pa_size-4706","11":"pa_size-4711","12":"pa_size-4713","13":"pa_size-4751","14":"pa_size-4749","15":"pa_size-4747","17":"first","18":"instock","19":"sale","20":"shipping-taxable","21":"purchasable","22":"product-type-variable"},"_links":{"self":[{"href":"http:\/\/mod.wisdar.net\/tr\/wp-json\/wp\/v2\/product\/76630","targetHints":{"allow":["GET"]}}],"collection":[{"href":"http:\/\/mod.wisdar.net\/tr\/wp-json\/wp\/v2\/product"}],"about":[{"href":"http:\/\/mod.wisdar.net\/tr\/wp-json\/wp\/v2\/types\/product"}],"replies":[{"embeddable":true,"href":"http:\/\/mod.wisdar.net\/tr\/wp-json\/wp\/v2\/comments?post=76630"}],"wp:featuredmedia":[{"embeddable":true,"href":"http:\/\/mod.wisdar.net\/tr\/wp-json\/wp\/v2\/media\/76620"}],"wp:attachment":[{"href":"http:\/\/mod.wisdar.net\/tr\/wp-json\/wp\/v2\/media?parent=76630"}],"wp:term":[{"taxonomy":"product_brand","embeddable":true,"href":"http:\/\/mod.wisdar.net\/tr\/wp-json\/wp\/v2\/product_brand?post=76630"},{"taxonomy":"product_cat","embeddable":true,"href":"http:\/\/mod.wisdar.net\/tr\/wp-json\/wp\/v2\/product_cat?post=76630"},{"taxonomy":"product_tag","embeddable":true,"href":"http:\/\/mod.wisdar.net\/tr\/wp-json\/wp\/v2\/product_tag?post=76630"}],"curies":[{"name":"wp","href":"https:\/\/api.w.org\/{rel}","templated":true}]}}