{"id":77985,"date":"2026-01-22T20:59:11","date_gmt":"2026-01-22T20:59:11","guid":{"rendered":"https:\/\/modesthanim.com\/product\/kadin-uzun-dugmeli-cepli-oversize-gomlek-10764-khaki\/"},"modified":"2026-04-15T20:51:36","modified_gmt":"2026-04-15T20:51:36","slug":"kadin-uzun-dugmeli-cepli-oversize-gomlek-10764-khaki","status":"publish","type":"product","link":"http:\/\/mod.wisdar.net\/tr\/urun\/kadin-uzun-dugmeli-cepli-oversize-gomlek-10764-khaki\/","title":{"rendered":"Kad\u0131n Uzun D\u00fc\u011fmeli Cepli Oversize G\u00f6mlek -10764 \u2013 KHAKI"},"content":{"rendered":"<p>A\u00e7\u0131klama : Rahat oversize kal\u0131b\u0131 ve uzun kesimiyle g\u00fcnl\u00fck kullan\u0131ma uygun \u015f\u0131k bir g\u00f6mlek elbisedir. \u00d6n\u00fc d\u00fc\u011fmeli tasar\u0131m\u0131 pratik kullan\u0131m sunarken g\u00f6\u011f\u00fcs cepleri modele modern bir detay katar. Hafif yap\u0131s\u0131 sayesinde mevsimlik kullan\u0131m i\u00e7in idealdir. Tek ba\u015f\u0131na elbise olarak veya tunik \u015feklinde kolayca kombinlenebilir. G\u00fcnl\u00fck, casual ve \u015fehir stiline uyum sa\u011flar.<\/p>\n<p>\u2014 Technical Details \u2014<br \/>\nKuma\u015f: Dokuma<br \/>\nBoy: Uzun<br \/>\nKal\u0131p: Oversize<br \/>\nYa\u015f Grubu: Gen\u00e7<br \/>\nKuma\u015f \u0130\u00e7eri\u011fi: 85 % MODAL % 15 POLYESTER<\/p>\n","protected":false},"excerpt":{"rendered":"<p>A\u00e7\u0131klama : Rahat oversize kal\u0131b\u0131 ve uzun kesimiyle g\u00fcnl\u00fck kullan\u0131ma uygun \u015f\u0131k bir g\u00f6mlek elbisedir. \u00d6n\u00fc d\u00fc\u011fmeli tasar\u0131m\u0131 pratik kullan\u0131m sunarken g\u00f6\u011f\u00fcs cepleri modele modern bir detay katar. Hafif yap\u0131s\u0131 sayesinde mevsimlik kullan\u0131m i\u00e7in idealdir. Tek ba\u015f\u0131na elbise olarak veya tunik \u015feklinde kolayca kombinlenebilir. G\u00fcnl\u00fck, casual ve \u015fehir stiline uyum sa\u011flar. \u2014 Technical Details \u2014 [&hellip;]<\/p>\n","protected":false},"featured_media":77983,"comment_status":"open","ping_status":"closed","template":"","meta":[],"product_brand":[],"product_cat":[1909],"product_tag":[8048,7801,7426,6744],"class_list":{"0":"post-77985","1":"product","2":"type-product","3":"status-publish","4":"has-post-thumbnail","6":"product_cat-bluzlar-ve-gomlekler","7":"product_tag-cep-detayi","8":"product_tag-dugmeli","9":"product_tag-gunluk-giyim-3","10":"product_tag-kadin-modasi","11":"pa_brand-puane","12":"pa_color-khaki","13":"pa_size-lxl","14":"pa_size-sm","16":"first","17":"outofstock","18":"shipping-taxable","19":"product-type-variable"},"_links":{"self":[{"href":"http:\/\/mod.wisdar.net\/tr\/wp-json\/wp\/v2\/product\/77985","targetHints":{"allow":["GET"]}}],"collection":[{"href":"http:\/\/mod.wisdar.net\/tr\/wp-json\/wp\/v2\/product"}],"about":[{"href":"http:\/\/mod.wisdar.net\/tr\/wp-json\/wp\/v2\/types\/product"}],"replies":[{"embeddable":true,"href":"http:\/\/mod.wisdar.net\/tr\/wp-json\/wp\/v2\/comments?post=77985"}],"wp:featuredmedia":[{"embeddable":true,"href":"http:\/\/mod.wisdar.net\/tr\/wp-json\/wp\/v2\/media\/77983"}],"wp:attachment":[{"href":"http:\/\/mod.wisdar.net\/tr\/wp-json\/wp\/v2\/media?parent=77985"}],"wp:term":[{"taxonomy":"product_brand","embeddable":true,"href":"http:\/\/mod.wisdar.net\/tr\/wp-json\/wp\/v2\/product_brand?post=77985"},{"taxonomy":"product_cat","embeddable":true,"href":"http:\/\/mod.wisdar.net\/tr\/wp-json\/wp\/v2\/product_cat?post=77985"},{"taxonomy":"product_tag","embeddable":true,"href":"http:\/\/mod.wisdar.net\/tr\/wp-json\/wp\/v2\/product_tag?post=77985"}],"curies":[{"name":"wp","href":"https:\/\/api.w.org\/{rel}","templated":true}]}}